{"id":4531,"date":"2020-08-17T12:06:02","date_gmt":"2020-08-17T10:06:02","guid":{"rendered":"https:\/\/bepro.hu\/dienstleistungen\/"},"modified":"2025-05-22T12:34:33","modified_gmt":"2025-05-22T10:34:33","slug":"dienstleistungen","status":"publish","type":"page","link":"https:\/\/bepro.hu\/de\/dienstleistungen\/","title":{"rendered":"Dienstleistungen"},"content":{"rendered":"<section class=\"wpb-content-wrapper\"><p>[vc_row tm_bgimagefixed=&#8221;&#8221; full_width=&#8221;stretch_row&#8221; tm_responsive_css=&#8221;62572891|colbreak_no|||||||||colbreak_no|||||55px||30px||colbreak_no||||||||||colbreak_no|||||||||&#8221;][vc_column]<div class=\"themetechmount-boxes themetechmount-boxes-service themetechmount-boxes-view-default themetechmount-boxes-col-three themetechmount-boxes-sortable-no themetechmount-boxes-textalign-center tm-cta3-rev-heading\">\n\t\t<div class=\"themetechmount-boxes-inner themetechmount-boxes-service-inner \">\n\t\t\t\t\n\t\t\t\t<div class=\"row multi-columns-row themetechmount-boxes-row-wrapper\">\n\t\t\t\t\t<div class=\"tm-box-col-wrapper col-lg-4 col-sm-6 col-md-4 col-xs-12 dienstleistungen\"><article class=\"themetechmount-box themetechmount-box-service themetechmount-servicebox-styletwo \">\n\t<div class=\"themetechmount-post-item\">\n\t\t<div class=\"themetechmount-box-bottom-content tm-shadow-box\">\t\n\t\t\t<div class=\"tm-featured-wrapper tm-tm_service-featured-wrapper\"><a href=\"https:\/\/bepro.hu\/de\/service\/buero-und-business-dekoration\/\"><img fetchpriority=\"high\" decoding=\"async\" width=\"768\" height=\"768\" src=\"https:\/\/bepro.hu\/wp-content\/uploads\/2023\/08\/faldekor-2-768x768.jpg\" class=\"attachment-medium_large size-medium_large wp-post-image\" alt=\"\" srcset=\"https:\/\/bepro.hu\/wp-content\/uploads\/2023\/08\/faldekor-2-768x768.jpg 768w, https:\/\/bepro.hu\/wp-content\/uploads\/2023\/08\/faldekor-2-300x300.jpg 300w, https:\/\/bepro.hu\/wp-content\/uploads\/2023\/08\/faldekor-2-150x150.jpg 150w, https:\/\/bepro.hu\/wp-content\/uploads\/2023\/08\/faldekor-2.jpg 800w\" sizes=\"(max-width: 768px) 100vw, 768px\" data-id=\"4887\" \/><\/a><\/div>\t\t\t<div class=\"tm-servicebox-detials\">\n\t\t\t\t<div class=\"themetechmount-box-title\"><h4><a href=\"https:\/\/bepro.hu\/de\/service\/buero-und-business-dekoration\/\">B\u00fcro- und Gesch\u00e4ftsausstattung<\/a><\/h4><\/div>\t\t\t\t<div class=\"themetechmount-box-desc\">\n\t\t\t\t\t\n\t\t\t\t\t<div class=\"tm-short-desc\">\n\t\t\t\t\t\t\t<p>Die B\u00fcroeinrichtung tr\u00e4gt dazu bei, ein inspirierendes und angenehmes Arbeitsumfeld zu schaffen, das die Produktivit\u00e4t und das Wohlbefinden der Mitarbeiter steigert.<\/p>\n\t\t\t\t\t\t\t<\/div>\n\n\t\t\t\t<\/div> \n\t\t\t<\/div>\n\t\t<\/div>\n\t<\/div>\n<\/article><\/div><div class=\"tm-box-col-wrapper col-lg-4 col-sm-6 col-md-4 col-xs-12 dienstleistungen\"><article class=\"themetechmount-box themetechmount-box-service themetechmount-servicebox-styletwo \">\n\t<div class=\"themetechmount-post-item\">\n\t\t<div class=\"themetechmount-box-bottom-content tm-shadow-box\">\t\n\t\t\t<div class=\"tm-featured-wrapper tm-tm_service-featured-wrapper\"><a href=\"https:\/\/bepro.hu\/de\/service\/konzept-und-design\/\"><img decoding=\"async\" width=\"768\" height=\"768\" src=\"https:\/\/bepro.hu\/wp-content\/uploads\/2020\/08\/koncpcio-768x768.jpg\" class=\"attachment-medium_large size-medium_large wp-post-image\" alt=\"\" srcset=\"https:\/\/bepro.hu\/wp-content\/uploads\/2020\/08\/koncpcio-768x768.jpg 768w, https:\/\/bepro.hu\/wp-content\/uploads\/2020\/08\/koncpcio-300x300.jpg 300w, https:\/\/bepro.hu\/wp-content\/uploads\/2020\/08\/koncpcio-150x150.jpg 150w, https:\/\/bepro.hu\/wp-content\/uploads\/2020\/08\/koncpcio.jpg 800w\" sizes=\"(max-width: 768px) 100vw, 768px\" data-id=\"5001\" \/><\/a><\/div>\t\t\t<div class=\"tm-servicebox-detials\">\n\t\t\t\t<div class=\"themetechmount-box-title\"><h4><a href=\"https:\/\/bepro.hu\/de\/service\/konzept-und-design\/\">Konzept und Design<\/a><\/h4><\/div>\t\t\t\t<div class=\"themetechmount-box-desc\">\n\t\t\t\t\t\n\t\t\t\t\t<div class=\"tm-short-desc\">\n\t\t\t\t\t\t\t<p>Bei Projekten, die ein einzigartiges Design, eine individuelle Gestaltung der Beschilderung und eine angemessene Beschilderung erfordern, geht unser dynamisches Team mit dem richtigen Designansatz an die Aufgabe heran.<\/p>\n\t\t\t\t\t\t\t<\/div>\n\n\t\t\t\t<\/div> \n\t\t\t<\/div>\n\t\t<\/div>\n\t<\/div>\n<\/article><\/div><div class=\"tm-box-col-wrapper col-lg-4 col-sm-6 col-md-4 col-xs-12 dienstleistungen\"><article class=\"themetechmount-box themetechmount-box-service themetechmount-servicebox-styletwo \">\n\t<div class=\"themetechmount-post-item\">\n\t\t<div class=\"themetechmount-box-bottom-content tm-shadow-box\">\t\n\t\t\t<div class=\"tm-featured-wrapper tm-tm_service-featured-wrapper\"><a href=\"https:\/\/bepro.hu\/de\/service\/professionelle-projektleitung\/\"><img decoding=\"async\" width=\"768\" height=\"768\" src=\"https:\/\/bepro.hu\/wp-content\/uploads\/2020\/08\/PM-768x768.jpg\" class=\"attachment-medium_large size-medium_large wp-post-image\" alt=\"\" srcset=\"https:\/\/bepro.hu\/wp-content\/uploads\/2020\/08\/PM-768x768.jpg 768w, https:\/\/bepro.hu\/wp-content\/uploads\/2020\/08\/PM-300x300.jpg 300w, https:\/\/bepro.hu\/wp-content\/uploads\/2020\/08\/PM-150x150.jpg 150w, https:\/\/bepro.hu\/wp-content\/uploads\/2020\/08\/PM.jpg 800w\" sizes=\"(max-width: 768px) 100vw, 768px\" data-id=\"5000\" \/><\/a><\/div>\t\t\t<div class=\"tm-servicebox-detials\">\n\t\t\t\t<div class=\"themetechmount-box-title\"><h4><a href=\"https:\/\/bepro.hu\/de\/service\/professionelle-projektleitung\/\">Professionelle Projektleitung<\/a><\/h4><\/div>\t\t\t\t<div class=\"themetechmount-box-desc\">\n\t\t\t\t\t\n\t\t\t\t\t<div class=\"tm-short-desc\">\n\t\t\t\t\t\t\t<p>Ein starkes Team von professionellen Designern, Werbegrafikern, Dekorateuren, Werbefachleuten und hochqualifizierten Maschinenf\u00fchrern.<\/p>\n\t\t\t\t\t\t\t<\/div>\n\n\t\t\t\t<\/div> \n\t\t\t<\/div>\n\t\t<\/div>\n\t<\/div>\n<\/article><\/div><div class=\"tm-box-col-wrapper col-lg-4 col-sm-6 col-md-4 col-xs-12 dienstleistungen\"><article class=\"themetechmount-box themetechmount-box-service themetechmount-servicebox-styletwo \">\n\t<div class=\"themetechmount-post-item\">\n\t\t<div class=\"themetechmount-box-bottom-content tm-shadow-box\">\t\n\t\t\t<div class=\"tm-featured-wrapper tm-tm_service-featured-wrapper\"><a href=\"https:\/\/bepro.hu\/de\/service\/installation-wartung\/\"><img loading=\"lazy\" decoding=\"async\" width=\"768\" height=\"768\" src=\"https:\/\/bepro.hu\/wp-content\/uploads\/2020\/08\/szereles-768x768.jpg\" class=\"attachment-medium_large size-medium_large wp-post-image\" alt=\"\" srcset=\"https:\/\/bepro.hu\/wp-content\/uploads\/2020\/08\/szereles-768x768.jpg 768w, https:\/\/bepro.hu\/wp-content\/uploads\/2020\/08\/szereles-300x300.jpg 300w, https:\/\/bepro.hu\/wp-content\/uploads\/2020\/08\/szereles-150x150.jpg 150w, https:\/\/bepro.hu\/wp-content\/uploads\/2020\/08\/szereles.jpg 800w\" sizes=\"(max-width: 768px) 100vw, 768px\" data-id=\"5031\" \/><\/a><\/div>\t\t\t<div class=\"tm-servicebox-detials\">\n\t\t\t\t<div class=\"themetechmount-box-title\"><h4><a href=\"https:\/\/bepro.hu\/de\/service\/installation-wartung\/\">Installation &amp; Wartung<\/a><\/h4><\/div>\t\t\t\t<div class=\"themetechmount-box-desc\">\n\t\t\t\t\t\n\t\t\t\t\t<div class=\"tm-short-desc\">\n\t\t\t\t\t\t\t<p>Mit unserem professionellen und schnellen Schilder-Installations- und Wartungsservice sorgen wir daf\u00fcr, dass Ihr Unternehmen immer gl\u00e4nzt!<\/p>\n\t\t\t\t\t\t\t<\/div>\n\n\t\t\t\t<\/div> \n\t\t\t<\/div>\n\t\t<\/div>\n\t<\/div>\n<\/article><\/div><div class=\"tm-box-col-wrapper col-lg-4 col-sm-6 col-md-4 col-xs-12 dienstleistungen\"><article class=\"themetechmount-box themetechmount-box-service themetechmount-servicebox-styletwo \">\n\t<div class=\"themetechmount-post-item\">\n\t\t<div class=\"themetechmount-box-bottom-content tm-shadow-box\">\t\n\t\t\t<div class=\"tm-featured-wrapper tm-tm_service-featured-wrapper\"><a href=\"https:\/\/bepro.hu\/de\/service\/genehmigungen-verwalten\/\"><img loading=\"lazy\" decoding=\"async\" width=\"768\" height=\"768\" src=\"https:\/\/bepro.hu\/wp-content\/uploads\/2020\/08\/engedelyek-768x768.jpg\" class=\"attachment-medium_large size-medium_large wp-post-image\" alt=\"\" srcset=\"https:\/\/bepro.hu\/wp-content\/uploads\/2020\/08\/engedelyek-768x768.jpg 768w, https:\/\/bepro.hu\/wp-content\/uploads\/2020\/08\/engedelyek-300x300.jpg 300w, https:\/\/bepro.hu\/wp-content\/uploads\/2020\/08\/engedelyek-150x150.jpg 150w, https:\/\/bepro.hu\/wp-content\/uploads\/2020\/08\/engedelyek.jpg 800w\" sizes=\"(max-width: 768px) 100vw, 768px\" data-id=\"5034\" \/><\/a><\/div>\t\t\t<div class=\"tm-servicebox-detials\">\n\t\t\t\t<div class=\"themetechmount-box-title\"><h4><a href=\"https:\/\/bepro.hu\/de\/service\/genehmigungen-verwalten\/\">Genehmigungen verwalten<\/a><\/h4><\/div>\t\t\t\t<div class=\"themetechmount-box-desc\">\n\t\t\t\t\t\n\t\t\t\t\t<div class=\"tm-short-desc\">\n\t\t\t\t\t\t\t<p>Informieren Sie sich \u00fcber die \u00f6rtlichen Vorschriften und Bestimmungen zur Installation von beleuchteten Schildern.<\/p>\n\t\t\t\t\t\t\t<\/div>\n\n\t\t\t\t<\/div> \n\t\t\t<\/div>\n\t\t<\/div>\n\t<\/div>\n<\/article><\/div><div class=\"tm-box-col-wrapper col-lg-4 col-sm-6 col-md-4 col-xs-12 dienstleistungen\"><article class=\"themetechmount-box themetechmount-box-service themetechmount-servicebox-styletwo \">\n\t<div class=\"themetechmount-post-item\">\n\t\t<div class=\"themetechmount-box-bottom-content tm-shadow-box\">\t\n\t\t\t<div class=\"tm-featured-wrapper tm-tm_service-featured-wrapper\"><a href=\"https:\/\/bepro.hu\/de\/service\/beratung-logistik-dienstleistung\/\"><img loading=\"lazy\" decoding=\"async\" width=\"768\" height=\"768\" src=\"https:\/\/bepro.hu\/wp-content\/uploads\/2020\/08\/tanacsadas-768x768.jpg\" class=\"attachment-medium_large size-medium_large wp-post-image\" alt=\"\" srcset=\"https:\/\/bepro.hu\/wp-content\/uploads\/2020\/08\/tanacsadas-768x768.jpg 768w, https:\/\/bepro.hu\/wp-content\/uploads\/2020\/08\/tanacsadas-300x300.jpg 300w, https:\/\/bepro.hu\/wp-content\/uploads\/2020\/08\/tanacsadas-150x150.jpg 150w, https:\/\/bepro.hu\/wp-content\/uploads\/2020\/08\/tanacsadas.jpg 800w\" sizes=\"(max-width: 768px) 100vw, 768px\" data-id=\"5032\" \/><\/a><\/div>\t\t\t<div class=\"tm-servicebox-detials\">\n\t\t\t\t<div class=\"themetechmount-box-title\"><h4><a href=\"https:\/\/bepro.hu\/de\/service\/beratung-logistik-dienstleistung\/\">Beratung, Logistik, Dienstleistung<\/a><\/h4><\/div>\t\t\t\t<div class=\"themetechmount-box-desc\">\n\t\t\t\t\t\n\t\t\t\t\t<div class=\"tm-short-desc\">\n\t\t\t\t\t\t\t<p>Expertenrat zur Machbarkeit des Produkts oder der Idee.<\/p>\n\t\t\t\t\t\t\t<\/div>\n\n\t\t\t\t<\/div> \n\t\t\t<\/div>\n\t\t<\/div>\n\t<\/div>\n<\/article><\/div><div class=\"tm-box-col-wrapper col-lg-4 col-sm-6 col-md-4 col-xs-12 dienstleistungen\"><article class=\"themetechmount-box themetechmount-box-service themetechmount-servicebox-styletwo \">\n\t<div class=\"themetechmount-post-item\">\n\t\t<div class=\"themetechmount-box-bottom-content tm-shadow-box\">\t\n\t\t\t<div class=\"tm-featured-wrapper tm-tm_service-featured-wrapper\"><a href=\"https:\/\/bepro.hu\/de\/service\/produktion-von-werbeschildern\/\"><img loading=\"lazy\" decoding=\"async\" width=\"768\" height=\"768\" src=\"https:\/\/bepro.hu\/wp-content\/uploads\/2020\/08\/gyartas-768x768.jpg\" class=\"attachment-medium_large size-medium_large wp-post-image\" alt=\"\" srcset=\"https:\/\/bepro.hu\/wp-content\/uploads\/2020\/08\/gyartas-768x768.jpg 768w, https:\/\/bepro.hu\/wp-content\/uploads\/2020\/08\/gyartas-300x300.jpg 300w, https:\/\/bepro.hu\/wp-content\/uploads\/2020\/08\/gyartas-150x150.jpg 150w, https:\/\/bepro.hu\/wp-content\/uploads\/2020\/08\/gyartas.jpg 800w\" sizes=\"(max-width: 768px) 100vw, 768px\" data-id=\"5033\" \/><\/a><\/div>\t\t\t<div class=\"tm-servicebox-detials\">\n\t\t\t\t<div class=\"themetechmount-box-title\"><h4><a href=\"https:\/\/bepro.hu\/de\/service\/produktion-von-werbeschildern\/\">Produktion von Werbeschildern<\/a><\/h4><\/div>\t\t\t\t<div class=\"themetechmount-box-desc\">\n\t\t\t\t\t\n\t\t\t\t\t<div class=\"tm-short-desc\">\n\t\t\t\t\t\t\t<p>Mit mehr als 10 Jahren Erfahrung und einem starken Fokus auf Qualit\u00e4t und Kundenerfahrung.<\/p>\n\t\t\t\t\t\t\t<\/div>\n\n\t\t\t\t<\/div> \n\t\t\t<\/div>\n\t\t<\/div>\n\t<\/div>\n<\/article><\/div>\n\t\t\t\t<\/div>\n\t\t\t<\/div><!-- .themetechmount-boxes-inner -->   <\/div><!-- .themetechmount-boxes -->  [\/vc_column][\/vc_row]<\/p>\n<\/section>","protected":false},"excerpt":{"rendered":"<p>[vc_row tm_bgimagefixed=&#8221;&#8221; full_width=&#8221;stretch_row&#8221; tm_responsive_css=&#8221;62572891|colbreak_no|||||||||colbreak_no|||||55px||30px||colbreak_no||||||||||colbreak_no|||||||||&#8221;][vc_column][\/vc_column][\/vc_row]<\/p>\n","protected":false},"author":1,"featured_media":0,"parent":0,"menu_order":7,"comment_status":"closed","ping_status":"closed","template":"","meta":{"_monsterinsights_skip_tracking":false,"_monsterinsights_sitenote_active":false,"_monsterinsights_sitenote_note":"","_monsterinsights_sitenote_category":0,"ngg_post_thumbnail":0,"footnotes":""},"class_list":["post-4531","page","type-page","status-publish","hentry"],"yoast_head":"<!-- This site is optimized with the Yoast SEO plugin v27.0 - https:\/\/yoast.com\/product\/yoast-seo-wordpress\/ -->\n<title>Dienstleistungen - Bepro Signfactory<\/title>\n<meta name=\"robots\" content=\"index, follow, max-snippet:-1, max-image-preview:large, max-video-preview:-1\" \/>\n<link rel=\"canonical\" href=\"https:\/\/bepro.hu\/de\/dienstleistungen\/\" \/>\n<meta property=\"og:locale\" content=\"de_DE\" \/>\n<meta property=\"og:type\" content=\"article\" \/>\n<meta property=\"og:title\" content=\"Dienstleistungen - Bepro Signfactory\" \/>\n<meta property=\"og:description\" content=\"[vc_row tm_bgimagefixed=&#8221;&#8221; full_width=&#8221;stretch_row&#8221; tm_responsive_css=&#8221;62572891|colbreak_no|||||||||colbreak_no|||||55px||30px||colbreak_no||||||||||colbreak_no|||||||||&#8221;][vc_column][\/vc_column][\/vc_row]\" \/>\n<meta property=\"og:url\" content=\"https:\/\/bepro.hu\/de\/dienstleistungen\/\" \/>\n<meta property=\"og:site_name\" content=\"Bepro Signfactory\" \/>\n<meta property=\"article:modified_time\" content=\"2025-05-22T10:34:33+00:00\" \/>\n<meta name=\"twitter:card\" content=\"summary_large_image\" \/>\n<meta name=\"twitter:label1\" content=\"Gesch\u00e4tzte Lesezeit\" \/>\n\t<meta name=\"twitter:data1\" content=\"1\u00a0Minute\" \/>\n<!-- \/ Yoast SEO plugin. -->","yoast_head_json":{"title":"Dienstleistungen - Bepro Signfactory","robots":{"index":"index","follow":"follow","max-snippet":"max-snippet:-1","max-image-preview":"max-image-preview:large","max-video-preview":"max-video-preview:-1"},"canonical":"https:\/\/bepro.hu\/de\/dienstleistungen\/","og_locale":"de_DE","og_type":"article","og_title":"Dienstleistungen - Bepro Signfactory","og_description":"[vc_row tm_bgimagefixed=&#8221;&#8221; full_width=&#8221;stretch_row&#8221; tm_responsive_css=&#8221;62572891|colbreak_no|||||||||colbreak_no|||||55px||30px||colbreak_no||||||||||colbreak_no|||||||||&#8221;][vc_column][\/vc_column][\/vc_row]","og_url":"https:\/\/bepro.hu\/de\/dienstleistungen\/","og_site_name":"Bepro Signfactory","article_modified_time":"2025-05-22T10:34:33+00:00","twitter_card":"summary_large_image","twitter_misc":{"Gesch\u00e4tzte Lesezeit":"1\u00a0Minute"},"schema":{"@context":"https:\/\/schema.org","@graph":[{"@type":"WebPage","@id":"https:\/\/bepro.hu\/de\/dienstleistungen\/","url":"https:\/\/bepro.hu\/de\/dienstleistungen\/","name":"Dienstleistungen - Bepro Signfactory","isPartOf":{"@id":"https:\/\/bepro.hu\/de\/#website"},"datePublished":"2020-08-17T10:06:02+00:00","dateModified":"2025-05-22T10:34:33+00:00","breadcrumb":{"@id":"https:\/\/bepro.hu\/de\/dienstleistungen\/#breadcrumb"},"inLanguage":"de","potentialAction":[{"@type":"ReadAction","target":["https:\/\/bepro.hu\/de\/dienstleistungen\/"]}]},{"@type":"BreadcrumbList","@id":"https:\/\/bepro.hu\/de\/dienstleistungen\/#breadcrumb","itemListElement":[{"@type":"ListItem","position":1,"name":"Kezd\u0151lap","item":"https:\/\/bepro.hu\/de\/hauptseite\/"},{"@type":"ListItem","position":2,"name":"Dienstleistungen"}]},{"@type":"WebSite","@id":"https:\/\/bepro.hu\/de\/#website","url":"https:\/\/bepro.hu\/de\/","name":"Bepro Signfactory","description":"","potentialAction":[{"@type":"SearchAction","target":{"@type":"EntryPoint","urlTemplate":"https:\/\/bepro.hu\/de\/?s={search_term_string}"},"query-input":{"@type":"PropertyValueSpecification","valueRequired":true,"valueName":"search_term_string"}}],"inLanguage":"de"}]}},"_links":{"self":[{"href":"https:\/\/bepro.hu\/de\/wp-json\/wp\/v2\/pages\/4531","targetHints":{"allow":["GET"]}}],"collection":[{"href":"https:\/\/bepro.hu\/de\/wp-json\/wp\/v2\/pages"}],"about":[{"href":"https:\/\/bepro.hu\/de\/wp-json\/wp\/v2\/types\/page"}],"author":[{"embeddable":true,"href":"https:\/\/bepro.hu\/de\/wp-json\/wp\/v2\/users\/1"}],"replies":[{"embeddable":true,"href":"https:\/\/bepro.hu\/de\/wp-json\/wp\/v2\/comments?post=4531"}],"version-history":[{"count":2,"href":"https:\/\/bepro.hu\/de\/wp-json\/wp\/v2\/pages\/4531\/revisions"}],"predecessor-version":[{"id":5285,"href":"https:\/\/bepro.hu\/de\/wp-json\/wp\/v2\/pages\/4531\/revisions\/5285"}],"wp:attachment":[{"href":"https:\/\/bepro.hu\/de\/wp-json\/wp\/v2\/media?parent=4531"}],"curies":[{"name":"wp","href":"https:\/\/api.w.org\/{rel}","templated":true}]}}