{"id":4575,"date":"2025-02-11T08:48:55","date_gmt":"2025-02-11T07:48:55","guid":{"rendered":"https:\/\/bepro.hu\/ginop-ausschreibung\/"},"modified":"2026-01-28T18:16:42","modified_gmt":"2026-01-28T17:16:42","slug":"ginop-ausschreibung","status":"publish","type":"page","link":"https:\/\/bepro.hu\/de\/ginop-ausschreibung\/","title":{"rendered":"GINOP-Ausschreibung"},"content":{"rendered":"<section class=\"wpb-content-wrapper\"><p>[vc_row][vc_column width=&#8221;2\/3&#8243;][vc_column_text]<\/p>\n<h3>Implementierung einer komplexen Infokommunikationsentwicklung bei Bepro Signfactory Kft.<\/h3>\n<ul>\n<li>GINOP-3.2.2-8-2-4-16-2017-00186<\/li>\n<li>Beg\u00fcnstigter: BEPRO SIGNFACTORY Korl\u00e1tolt Felel\u0151ss\u00e9g\u0171 T\u00e1rsas\u00e1g<\/li>\n<li>Beihilfebetrag: <span data-olk-copy-source=\"MessageBody\">5.467.200 HUF<\/span><\/li>\n<li>Satz der Beihilfe: 40 %.<\/li>\n<li>Datum des Projektabschlusses: <span data-olk-copy-source=\"MessageBody\">31.03.2020.<\/span><\/li>\n<li><span data-olk-copy-source=\"MessageBody\">Inhalt des Projekts: Implementierung eines komplexen ERP-Systems (COMPANY ERP &#8220;LIGHT&#8221;), das aus folgenden Modulen besteht: Unternehmens-CRM-Unternehmenscontrolling, Einkauf und Logistik, Produktions- und Projektmanagement, HR, elektronische Dokumentenverwaltung, mobile Anwendung.<\/span><\/li>\n<\/ul>\n<p>[\/vc_column_text][\/vc_column][vc_column width=&#8221;1\/3&#8243;][vc_single_image image=&#8221;4443&#8243; img_size=&#8221;large&#8221;][\/vc_column][\/vc_row][vc_row tm_bgimagefixed=&#8221;&#8221;][vc_column][vc_column_text]<\/p>\n<h3><span data-olk-copy-source=\"MessageBody\">Innovative Entwicklung der Produktion von Fotowerbung<\/span><\/h3>\n<p class=\"x_MsoNormal\"><span data-olk-copy-source=\"MessageBody\">Auf der Grundlage der Aufforderung zur Einreichung von Vorschl\u00e4gen im Rahmen des Operationellen Programms f\u00fcr wirtschaftliche Entwicklung und Innovation Plus, die vom Nationalen Entwicklungszentrum als Sponsor am 25.09.2024 unter der Kennnummer GINOP_PLUSZ-2.1.3-24 bekannt gegeben wurde, hat der Sponsor den von BEPRO SIGNFACTORY Korl\u00e1tolt Felel\u0151ss\u00e9g\u0171 T\u00e1rsas\u00e1g am 30.04.2025 eingereichten Antrag auf Unterst\u00fctzung f\u00fcr die &#8220;Innovative Entwicklung der Fotowerbeproduktion&#8221; gepr\u00fcft und f\u00fcr f\u00f6rderungsw\u00fcrdig erachtet.<\/span><\/p>\n<p class=\"x_MsoNormal\"><i>Der Betrag der vertraglich vereinbarten Beihilfe bel\u00e4uft sich auf 49 966 757 HUF.<\/i><\/p>\n<p class=\"x_MsoNormal\"><i>Projekt-ID-Nummer: GINOP_PLUSZ-2.1.3-24-2025-00902<\/i><\/p>\n<p class=\"x_MsoNormal\"><i>Referenznummer des Begleitdokuments: IKT-2025-102-I1-00086670\/0000013<\/i><\/p>\n<p class=\"x_MsoNormal\"><i>Satz der Beihilfe: 70 %.<\/i><\/p>\n<p class=\"x_MsoNormal\"><i>Beginn der Projektdurchf\u00fchrung: 2025.10.01<\/i><\/p>\n<p class=\"x_MsoNormal\"><i>Die physische Fertigstellung des Projekts ist f\u00fcr den 31.12.2026 geplant.<\/i><\/p>\n<p class=\"x_MsoNormal\"><i>Der Durchf\u00fchrungsort ist 1117 Budapest, Budafoki \u00fat 183.<\/i><\/p>\n<p class=\"x_MsoNormal\"><i>Das Projekt wird vom ungarischen Staat mit der Unterst\u00fctzung der Europ\u00e4ischen Union kofinanziert.&#8221;<\/i><\/p>\n<p>[\/vc_column_text][vc_single_image image=&#8221;6280&#8243; img_size=&#8221;large&#8221;][vc_column_text]Inhalt des Projekts:<\/p>\n<p>Die derzeitige Produktionst\u00e4tigkeit des Unternehmens konzentriert sich auf die Herstellung von beleuchteten Werbeschildern, 3D-Schriftz\u00fcgen und Logos, die in der Regel in manuellen, wenig digitalisierten Prozessen hergestellt werden. Ein gro\u00dfer Teil der Verwaltung der Kundenanforderungen, des Designs, der Materialbeschaffung und der Produktion beruht auf manueller Datenverwaltung und Sch\u00e4tzung, was zu langen Vorlaufzeiten, hohen Ausschussraten und begrenzter Qualit\u00e4tssicherung f\u00fchrt. <\/p>\n<p>Das Projekt wird einen vollst\u00e4ndig digitalisierten Produktionsprozess einf\u00fchren, der auf kontinuierlichem Feedback basiert. Der neue Betrieb wird die Kundenbed\u00fcrfnisse in die Produktionsplanung einbeziehen, eine genauere Materialverwaltung erm\u00f6glichen und auf automatisierten Produktions- und Qualit\u00e4tskontrollschritten basieren. Das Ergebnis sind weniger Ausschuss, k\u00fcrzere Vorlaufzeiten und eine verbesserte Produktionseffizienz und Vorhersagbarkeit.  <\/p>\n<p>Die derzeitigen Marketingaktivit\u00e4ten basieren auf Ad-hoc-Kampagnen, die von externen Dienstleistern durchgef\u00fchrt werden, ohne ein strukturiertes Mess- und Feedbacksystem. Kunden- und Marktdaten werden auf Ad-hoc-Basis manuell verarbeitet. <\/p>\n<p>Der neue Marketingprozess basiert auf digitaler Marktforschung, regelm\u00e4\u00dfiger Analyse von Kundendaten und datengesteuertem Kampagnenmanagement. CRM-basierte Abl\u00e4ufe, gezielte Kampagnen und eine kontinuierliche Leistungsmessung erm\u00f6glichen eine schnelle Reaktion und eine h\u00f6here Marketingeffizienz, w\u00e4hrend gleichzeitig die Fundiertheit der Vertriebsentscheidungen gest\u00e4rkt wird. <\/p>\n<p>Die im Rahmen des Projekts umgesetzten Innovationen in den Bereichen Produktion und Marketing werden zu einer umfassenden digitalen Transformation f\u00fchren. Die Automatisierung und Digitalisierung der Fertigung wird die Effizienz steigern und die Ausschussrate senken, w\u00e4hrend datengesteuerte Marketingprozesse die Wirksamkeit von Kampagnen und die Anpassungsf\u00e4higkeit an den Markt verbessern werden. Diese Verbesserungen werden die langfristige Wettbewerbsf\u00e4higkeit und Nachhaltigkeit des Unternehmens sicherstellen.  <\/p>\n<p>Das Projekt wurde von der Europ\u00e4ischen Union unterst\u00fctzt und vom ungarischen Staat kofinanziert.[\/vc_column_text][\/vc_column][\/vc_row]<\/p>\n<\/section>","protected":false},"excerpt":{"rendered":"<p>[vc_row][vc_column width=&#8221;2\/3&#8243;][vc_column_text] Implementierung einer komplexen Infokommunikationsentwicklung bei Bepro Signfactory Kft. GINOP-3.2.2-8-2-4-16-2017-00186 Beg\u00fcnstigter: BEPRO SIGNFACTORY Korl\u00e1tolt Felel\u0151ss\u00e9g\u0171 T\u00e1rsas\u00e1g Beihilfebetrag: 5.467.200 HUF Satz der Beihilfe: 40 %. Datum des Projektabschlusses: 31.03.2020. Inhalt des Projekts: Implementierung eines komplexen ERP-Systems (COMPANY ERP &#8220;LIGHT&#8221;), das aus folgenden Modulen besteht: Unternehmens-CRM-Unternehmenscontrolling, Einkauf und Logistik, Produktions- und Projektmanagement, HR, elektronische Dokumentenverwaltung, mobile &hellip; <a href=\"https:\/\/bepro.hu\/de\/ginop-ausschreibung\/\" class=\"more-link\">Continue reading <span class=\"screen-reader-text\">GINOP-Ausschreibung<\/span><\/a><\/p>\n","protected":false},"author":1,"featured_media":0,"parent":0,"menu_order":0,"comment_status":"closed","ping_status":"closed","template":"","meta":{"_monsterinsights_skip_tracking":false,"_monsterinsights_sitenote_active":false,"_monsterinsights_sitenote_note":"","_monsterinsights_sitenote_category":0,"ngg_post_thumbnail":0,"footnotes":""},"class_list":["post-4575","page","type-page","status-publish","hentry"],"yoast_head":"<!-- This site is optimized with the Yoast SEO plugin v27.0 - https:\/\/yoast.com\/product\/yoast-seo-wordpress\/ -->\n<title>GINOP-Ausschreibung - Bepro Signfactory<\/title>\n<meta name=\"robots\" content=\"index, follow, max-snippet:-1, max-image-preview:large, max-video-preview:-1\" \/>\n<link rel=\"canonical\" href=\"https:\/\/bepro.hu\/de\/ginop-ausschreibung\/\" \/>\n<meta property=\"og:locale\" content=\"de_DE\" \/>\n<meta property=\"og:type\" content=\"article\" \/>\n<meta property=\"og:title\" content=\"GINOP-Ausschreibung - Bepro Signfactory\" \/>\n<meta property=\"og:description\" content=\"[vc_row][vc_column width=&#8221;2\/3&#8243;][vc_column_text] Implementierung einer komplexen Infokommunikationsentwicklung bei Bepro Signfactory Kft. GINOP-3.2.2-8-2-4-16-2017-00186 Beg\u00fcnstigter: BEPRO SIGNFACTORY Korl\u00e1tolt Felel\u0151ss\u00e9g\u0171 T\u00e1rsas\u00e1g Beihilfebetrag: 5.467.200 HUF Satz der Beihilfe: 40 %. Datum des Projektabschlusses: 31.03.2020. Inhalt des Projekts: Implementierung eines komplexen ERP-Systems (COMPANY ERP &#8220;LIGHT&#8221;), das aus folgenden Modulen besteht: Unternehmens-CRM-Unternehmenscontrolling, Einkauf und Logistik, Produktions- und Projektmanagement, HR, elektronische Dokumentenverwaltung, mobile &hellip; Continue reading GINOP-Ausschreibung\" \/>\n<meta property=\"og:url\" content=\"https:\/\/bepro.hu\/de\/ginop-ausschreibung\/\" \/>\n<meta property=\"og:site_name\" content=\"Bepro Signfactory\" \/>\n<meta property=\"article:modified_time\" content=\"2026-01-28T17:16:42+00:00\" \/>\n<meta name=\"twitter:card\" content=\"summary_large_image\" \/>\n<meta name=\"twitter:label1\" content=\"Gesch\u00e4tzte Lesezeit\" \/>\n\t<meta name=\"twitter:data1\" content=\"3\u00a0Minuten\" \/>\n<!-- \/ Yoast SEO plugin. -->","yoast_head_json":{"title":"GINOP-Ausschreibung - Bepro Signfactory","robots":{"index":"index","follow":"follow","max-snippet":"max-snippet:-1","max-image-preview":"max-image-preview:large","max-video-preview":"max-video-preview:-1"},"canonical":"https:\/\/bepro.hu\/de\/ginop-ausschreibung\/","og_locale":"de_DE","og_type":"article","og_title":"GINOP-Ausschreibung - Bepro Signfactory","og_description":"[vc_row][vc_column width=&#8221;2\/3&#8243;][vc_column_text] Implementierung einer komplexen Infokommunikationsentwicklung bei Bepro Signfactory Kft. GINOP-3.2.2-8-2-4-16-2017-00186 Beg\u00fcnstigter: BEPRO SIGNFACTORY Korl\u00e1tolt Felel\u0151ss\u00e9g\u0171 T\u00e1rsas\u00e1g Beihilfebetrag: 5.467.200 HUF Satz der Beihilfe: 40 %. Datum des Projektabschlusses: 31.03.2020. Inhalt des Projekts: Implementierung eines komplexen ERP-Systems (COMPANY ERP &#8220;LIGHT&#8221;), das aus folgenden Modulen besteht: Unternehmens-CRM-Unternehmenscontrolling, Einkauf und Logistik, Produktions- und Projektmanagement, HR, elektronische Dokumentenverwaltung, mobile &hellip; Continue reading GINOP-Ausschreibung","og_url":"https:\/\/bepro.hu\/de\/ginop-ausschreibung\/","og_site_name":"Bepro Signfactory","article_modified_time":"2026-01-28T17:16:42+00:00","twitter_card":"summary_large_image","twitter_misc":{"Gesch\u00e4tzte Lesezeit":"3\u00a0Minuten"},"schema":{"@context":"https:\/\/schema.org","@graph":[{"@type":"WebPage","@id":"https:\/\/bepro.hu\/de\/ginop-ausschreibung\/","url":"https:\/\/bepro.hu\/de\/ginop-ausschreibung\/","name":"GINOP-Ausschreibung - Bepro Signfactory","isPartOf":{"@id":"https:\/\/bepro.hu\/de\/#website"},"datePublished":"2025-02-11T07:48:55+00:00","dateModified":"2026-01-28T17:16:42+00:00","breadcrumb":{"@id":"https:\/\/bepro.hu\/de\/ginop-ausschreibung\/#breadcrumb"},"inLanguage":"de","potentialAction":[{"@type":"ReadAction","target":["https:\/\/bepro.hu\/de\/ginop-ausschreibung\/"]}]},{"@type":"BreadcrumbList","@id":"https:\/\/bepro.hu\/de\/ginop-ausschreibung\/#breadcrumb","itemListElement":[{"@type":"ListItem","position":1,"name":"Kezd\u0151lap","item":"https:\/\/bepro.hu\/de\/hauptseite\/"},{"@type":"ListItem","position":2,"name":"GINOP-Ausschreibung"}]},{"@type":"WebSite","@id":"https:\/\/bepro.hu\/de\/#website","url":"https:\/\/bepro.hu\/de\/","name":"Bepro Signfactory","description":"","potentialAction":[{"@type":"SearchAction","target":{"@type":"EntryPoint","urlTemplate":"https:\/\/bepro.hu\/de\/?s={search_term_string}"},"query-input":{"@type":"PropertyValueSpecification","valueRequired":true,"valueName":"search_term_string"}}],"inLanguage":"de"}]}},"_links":{"self":[{"href":"https:\/\/bepro.hu\/de\/wp-json\/wp\/v2\/pages\/4575","targetHints":{"allow":["GET"]}}],"collection":[{"href":"https:\/\/bepro.hu\/de\/wp-json\/wp\/v2\/pages"}],"about":[{"href":"https:\/\/bepro.hu\/de\/wp-json\/wp\/v2\/types\/page"}],"author":[{"embeddable":true,"href":"https:\/\/bepro.hu\/de\/wp-json\/wp\/v2\/users\/1"}],"replies":[{"embeddable":true,"href":"https:\/\/bepro.hu\/de\/wp-json\/wp\/v2\/comments?post=4575"}],"version-history":[{"count":14,"href":"https:\/\/bepro.hu\/de\/wp-json\/wp\/v2\/pages\/4575\/revisions"}],"predecessor-version":[{"id":6289,"href":"https:\/\/bepro.hu\/de\/wp-json\/wp\/v2\/pages\/4575\/revisions\/6289"}],"wp:attachment":[{"href":"https:\/\/bepro.hu\/de\/wp-json\/wp\/v2\/media?parent=4575"}],"curies":[{"name":"wp","href":"https:\/\/api.w.org\/{rel}","templated":true}]}}