{"id":4592,"date":"2025-02-12T11:36:35","date_gmt":"2025-02-12T10:36:35","guid":{"rendered":"https:\/\/bepro.hu\/karriere\/vertriebsmitarbeiter-kundenbetreuer\/"},"modified":"2025-11-12T09:39:35","modified_gmt":"2025-11-12T08:39:35","slug":"vertriebsmitarbeiter-kundenbetreuer","status":"publish","type":"page","link":"https:\/\/bepro.hu\/de\/karriere\/vertriebsmitarbeiter-kundenbetreuer\/","title":{"rendered":"Vertriebsmitarbeiter \/ Kundenbetreuer"},"content":{"rendered":"<section class=\"wpb-content-wrapper\"><p>[vc_row][vc_column]<div class=\"tm-element-heading-wrapper tm-heading-inner tm-element-align-left tm-seperator-solid tm-heading-style-vertical \"><section class=\"tm-vc_cta3-container\"><div class=\"tm-vc_general tm-vc_cta3 tm-cta3-only tm-vc_cta3-style-classic tm-vc_cta3-shape-rounded tm-vc_cta3-align-left tm-vc_cta3-color-transparent tm-vc_cta3-icon-size-md tm-vc_cta3-actions-no tm-cta3-with-desc\"><div class=\"tm-vc_cta3_content-container\"><div class=\"tm-vc_cta3-content\"><header class=\"tm-vc_cta3-content-header tm-wrap\"><div class=\"tm-vc_cta3-headers tm-wrap-cell\"><h4 class=\"tm-custom-heading \" >Poz\u00edci\u00f3<\/h4>\n<h2 class=\"tm-custom-heading \" >\u00c9rt\u00e9kes\u00edt\u0151 \/ \u00dcgyf\u00e9lkapcsolati munkat\u00e1rs<\/h2>\n<\/div><div class=\"heading-seperator\"><span><\/span><\/div><\/header><div class=\"tm-cta3-content-wrapper\">\n<p class=\"x_MsoNormal\"><span data-olk-copy-source=\"MessageBody\">A&nbsp;<b>Bepro Signfactory<\/b>&nbsp;13 \u00e9ve sikeresen m\u0171k\u00f6d\u0151 hazai v\u00e1llalat, amely nemzetk\u00f6zi m\u00e1rk\u00e1k sz\u00e1m\u00e1ra k\u00e9sz\u00edt pr\u00e9mium min\u0151s\u00e9g\u0171 rekl\u00e1mfeliratokat \u00e9s arculati \u00e9s dekor\u00e1ci\u00f3s megold\u00e1sokat.<\/span><\/p>\n<p><\/div><\/div><\/div><\/div><\/section><\/div> <!-- .tm-element-heading-wrapper container --> [vc_column_text]<\/p>\n<p class=\"x_MsoNormal\"><span data-olk-copy-source=\"MessageBody\"><strong>Wir suchen einen Kollegen<\/strong>, der:<\/span><\/p>\n<ul>\n<li class=\"x_MsoNormal\"><span data-olk-copy-source=\"MessageBody\"><strong>ist ergebnisorientiert<\/strong>, nicht nur eine aufgabenorientierte Person, ein dynamischer Vertreter unseres Unternehmens auf dem Markt,  <\/span><\/li>\n<li class=\"x_MsoNormal\"><span data-olk-copy-source=\"MessageBody\"><strong>Aufbau<\/strong> und Pflege <strong>von Kunden- und Partnerbeziehungen<\/strong>,  <\/span><\/li>\n<li class=\"x_MsoNormal\"><span data-olk-copy-source=\"MessageBody\">und <strong>aktiv in den technischen Verkaufsprozess eingebunden<\/strong><\/span><\/li>\n<li><strong>die Produkte, ihr Design und die verwendeten Technologien technisch verstehen k\u00f6nnen<\/strong>, um bei Kunden glaubw\u00fcrdig zu sein<\/li>\n<li class=\"x_MsoNormal\"><b>einen echten Einfluss auf<\/b> das Leben des Unternehmens <b>haben m\u00f6chte<\/b>.<\/li>\n<\/ul>\n<p class=\"x_MsoNormal\">Wenn Sie <b>durch greifbare Ergebnisse Ihrer Arbeit motiviert<\/b> sind und gerne Verantwortung f\u00fcr den Erfolg \u00fcbernehmen, <b>werden Sie mehr als nur ein R\u00e4dchen im Getriebe sein<\/b>.<\/p>\n<p class=\"x_MsoNormal\">Wir suchen jemanden, der <b>eine langfristige, hochkar\u00e4tige Aufgabe anstrebt<\/b> und <b>im Zentrum von Entscheidungen, Entwicklungen und Beziehungen stehen<\/b> m\u00f6chte.<\/p>\n<div class=\"x_MsoNormal\" align=\"center\">\n<hr align=\"center\" size=\"0\" width=\"100%\">\n<\/div>\n<h2 class=\"x_MsoNormal\"><b>Ihre Hauptaufgaben werden sein<\/b><\/h2>\n<p class=\"x_MsoNormal\">&#8211; Bearbeitung <b>eingehender Anfragen<\/b>: Kontaktaufnahme, Bedarfsermittlung, Beratung<\/p>\n<p class=\"x_MsoNormal\">&#8211; Regelm\u00e4\u00dfiger, proaktiver Kontakt mit <b>unseren bestehenden Kunden<\/b>: regelm\u00e4\u00dfige Erfassung ihrer Bed\u00fcrfnisse, Unterst\u00fctzung mit Vorschl\u00e4gen<\/p>\n<p class=\"x_MsoNormal\">&#8211; <b>Neue Kunden und\/oder Projekte<\/b> finden: echte Entscheidungstr\u00e4ger finden, sich vorstellen, Beziehungen aufbauen, Leads generieren<\/p>\n<p class=\"x_MsoNormal\">&#8211; <b>Preisermittlung f\u00fcr den<\/b> vereinbarten und gekl\u00e4rten Bedarf <b>, Kalkulation und Erstellung von Angeboten<\/b><\/p>\n<p class=\"x_MsoNormal\">&#8211; <b>Verfolgung und Abschluss von Ausschreibungen<\/b>, Vorbereitung von Vertr\u00e4gen und Auftr\u00e4gen<\/p>\n<p class=\"x_MsoNormal\">&#8211; Beteiligen Sie sich an der Erreichung der Verkaufsziele und der Steigerung der Gesch\u00e4ftsergebnisse<\/p>\n<div class=\"x_MsoNormal\" align=\"center\">\n<hr align=\"center\" size=\"0\" width=\"100%\">\n<\/div>\n<h2 class=\"x_MsoNormal\"><b>Was wir von Ihnen erwarten<\/b><\/h2>\n<p class=\"x_MsoNormal\">&#8211; Vertriebserfahrung in einem technischen Bereich in einem kleinen Unternehmen (z.B. kundenspezifische M\u00f6bel, Druck, Werbung, andere kundenspezifische Fertigung)<\/p>\n<p class=\"x_MsoNormal\">&#8211; Erfahrung im B2B-Kundenmanagement<\/p>\n<p class=\"x_MsoNormal\">&#8211; Gute kommunikative und zwischenmenschliche F\u00e4higkeiten<\/p>\n<p class=\"x_MsoNormal\">&#8211; Unabh\u00e4ngige, ergebnisorientierte Arbeit<\/p>\n<p class=\"x_MsoNormal\">&#8211; Pr\u00e4zision, Zuverl\u00e4ssigkeit<\/p>\n<p class=\"x_MsoNormal\">&#8211; Computerkenntnisse (MS Office, CRM)<\/p>\n<p><span data-olk-copy-source=\"MessageBody\">&#8211; F\u00fchrerschein der Klasse B<\/span><\/p>\n<p>&#8211; Ein Universit\u00e4tsabschluss in Ingenieur-\/Wirtschaftswissenschaften w\u00e4re ebenfalls von Vorteil<\/p>\n<p>&#8211; sowie gute Kenntnisse der englischen und\/oder deutschen Sprache<\/p>\n<div class=\"x_MsoNormal\" align=\"center\">\n<hr align=\"center\" size=\"0\" width=\"100%\">\n<\/div>\n<h2 class=\"x_MsoNormal\"><b>Was wir anbieten<\/b><\/h2>\n<p class=\"x_MsoNormal\">&#8211; Ein stabiles, wachsendes Unternehmen mit einem erstklassigen Kundenstamm<\/p>\n<p class=\"x_MsoNormal\">&#8211; Ausstehende, leistungsbezogene Eink\u00fcnfte<\/p>\n<p class=\"x_MsoNormal\">&#8211; Unterst\u00fctzendes Team, M\u00f6glichkeiten zur Weiterentwicklung<\/p>\n<p class=\"x_MsoNormal\">&#8211; Angenehmes Arbeitsumfeld, moderne Werkzeuge<\/p>\n<p class=\"x_MsoNormal\">&#8211; Vielf\u00e4ltige, anspruchsvolle Projekte<\/p>\n<div class=\"x_MsoNormal\" align=\"center\">\n<hr align=\"center\" size=\"0\" width=\"100%\">\n<\/div>\n<h2 class=\"x_MsoNormal\"><b>Wo Sie arbeiten<\/b><\/h2>\n<p class=\"x_MsoNormal\">Budapest, 11. Bezirk, Budafoki \u00fat 183 (im Zentrum von \u00dajbuda), mit der M\u00f6glichkeit eines Home Office auf Zeit  <\/p>\n<div class=\"x_MsoNormal\" align=\"center\">\n<hr align=\"center\" size=\"0\" width=\"100%\">\n<\/div>\n<h2 class=\"x_MsoNormal\"><b>Bewerben bei<\/b><\/h2>\n<p class=\"x_MsoNormal\">Senden Sie Ihren Lebenslauf mit Foto an <a id=\"LPlnk659331\" title=\"mailto:gabor.kovacs@bepro.hu\" href=\"mailto:gabor.kovacs@bepro.hu\" data-linkindex=\"0\">gabor.kovacs@bepro.hu<\/a> <\/p>\n<p>[\/vc_column_text][\/vc_column][\/vc_row]<\/p>\n<\/section>","protected":false},"excerpt":{"rendered":"<p>[vc_row][vc_column][vc_column_text] Wir suchen einen Kollegen, der: ist ergebnisorientiert, nicht nur eine aufgabenorientierte Person, ein dynamischer Vertreter unseres Unternehmens auf dem Markt, Aufbau und Pflege von Kunden- und Partnerbeziehungen, und aktiv in den technischen Verkaufsprozess eingebunden die Produkte, ihr Design und die verwendeten Technologien technisch verstehen k\u00f6nnen, um bei Kunden glaubw\u00fcrdig zu sein einen echten Einfluss &hellip; <a href=\"https:\/\/bepro.hu\/de\/karriere\/vertriebsmitarbeiter-kundenbetreuer\/\" class=\"more-link\">Continue reading <span class=\"screen-reader-text\">Vertriebsmitarbeiter \/ Kundenbetreuer<\/span><\/a><\/p>\n","protected":false},"author":1,"featured_media":0,"parent":4580,"menu_order":0,"comment_status":"closed","ping_status":"closed","template":"","meta":{"_monsterinsights_skip_tracking":false,"_monsterinsights_sitenote_active":false,"_monsterinsights_sitenote_note":"","_monsterinsights_sitenote_category":0,"ngg_post_thumbnail":0,"footnotes":""},"class_list":["post-4592","page","type-page","status-publish","hentry"],"yoast_head":"<!-- This site is optimized with the Yoast SEO plugin v27.0 - https:\/\/yoast.com\/product\/yoast-seo-wordpress\/ -->\n<title>Vertriebsmitarbeiter \/ Kundenbetreuer - Bepro Signfactory<\/title>\n<meta name=\"robots\" content=\"index, follow, max-snippet:-1, max-image-preview:large, max-video-preview:-1\" \/>\n<link rel=\"canonical\" href=\"https:\/\/bepro.hu\/de\/karriere\/vertriebsmitarbeiter-kundenbetreuer\/\" \/>\n<meta property=\"og:locale\" content=\"de_DE\" \/>\n<meta property=\"og:type\" content=\"article\" \/>\n<meta property=\"og:title\" content=\"Vertriebsmitarbeiter \/ Kundenbetreuer - Bepro Signfactory\" \/>\n<meta property=\"og:description\" content=\"[vc_row][vc_column][vc_column_text] Wir suchen einen Kollegen, der: ist ergebnisorientiert, nicht nur eine aufgabenorientierte Person, ein dynamischer Vertreter unseres Unternehmens auf dem Markt, Aufbau und Pflege von Kunden- und Partnerbeziehungen, und aktiv in den technischen Verkaufsprozess eingebunden die Produkte, ihr Design und die verwendeten Technologien technisch verstehen k\u00f6nnen, um bei Kunden glaubw\u00fcrdig zu sein einen echten Einfluss &hellip; Continue reading Vertriebsmitarbeiter \/ Kundenbetreuer\" \/>\n<meta property=\"og:url\" content=\"https:\/\/bepro.hu\/de\/karriere\/vertriebsmitarbeiter-kundenbetreuer\/\" \/>\n<meta property=\"og:site_name\" content=\"Bepro Signfactory\" \/>\n<meta property=\"article:modified_time\" content=\"2025-11-12T08:39:35+00:00\" \/>\n<meta name=\"twitter:card\" content=\"summary_large_image\" \/>\n<meta name=\"twitter:label1\" content=\"Gesch\u00e4tzte Lesezeit\" \/>\n\t<meta name=\"twitter:data1\" content=\"2\u00a0Minuten\" \/>\n<!-- \/ Yoast SEO plugin. -->","yoast_head_json":{"title":"Vertriebsmitarbeiter \/ Kundenbetreuer - Bepro Signfactory","robots":{"index":"index","follow":"follow","max-snippet":"max-snippet:-1","max-image-preview":"max-image-preview:large","max-video-preview":"max-video-preview:-1"},"canonical":"https:\/\/bepro.hu\/de\/karriere\/vertriebsmitarbeiter-kundenbetreuer\/","og_locale":"de_DE","og_type":"article","og_title":"Vertriebsmitarbeiter \/ Kundenbetreuer - Bepro Signfactory","og_description":"[vc_row][vc_column][vc_column_text] Wir suchen einen Kollegen, der: ist ergebnisorientiert, nicht nur eine aufgabenorientierte Person, ein dynamischer Vertreter unseres Unternehmens auf dem Markt, Aufbau und Pflege von Kunden- und Partnerbeziehungen, und aktiv in den technischen Verkaufsprozess eingebunden die Produkte, ihr Design und die verwendeten Technologien technisch verstehen k\u00f6nnen, um bei Kunden glaubw\u00fcrdig zu sein einen echten Einfluss &hellip; Continue reading Vertriebsmitarbeiter \/ Kundenbetreuer","og_url":"https:\/\/bepro.hu\/de\/karriere\/vertriebsmitarbeiter-kundenbetreuer\/","og_site_name":"Bepro Signfactory","article_modified_time":"2025-11-12T08:39:35+00:00","twitter_card":"summary_large_image","twitter_misc":{"Gesch\u00e4tzte Lesezeit":"2\u00a0Minuten"},"schema":{"@context":"https:\/\/schema.org","@graph":[{"@type":"WebPage","@id":"https:\/\/bepro.hu\/de\/karriere\/vertriebsmitarbeiter-kundenbetreuer\/","url":"https:\/\/bepro.hu\/de\/karriere\/vertriebsmitarbeiter-kundenbetreuer\/","name":"Vertriebsmitarbeiter \/ Kundenbetreuer - Bepro Signfactory","isPartOf":{"@id":"https:\/\/bepro.hu\/de\/#website"},"datePublished":"2025-02-12T10:36:35+00:00","dateModified":"2025-11-12T08:39:35+00:00","breadcrumb":{"@id":"https:\/\/bepro.hu\/de\/karriere\/vertriebsmitarbeiter-kundenbetreuer\/#breadcrumb"},"inLanguage":"de","potentialAction":[{"@type":"ReadAction","target":["https:\/\/bepro.hu\/de\/karriere\/vertriebsmitarbeiter-kundenbetreuer\/"]}]},{"@type":"BreadcrumbList","@id":"https:\/\/bepro.hu\/de\/karriere\/vertriebsmitarbeiter-kundenbetreuer\/#breadcrumb","itemListElement":[{"@type":"ListItem","position":1,"name":"Kezd\u0151lap","item":"https:\/\/bepro.hu\/de\/hauptseite\/"},{"@type":"ListItem","position":2,"name":"Karriere","item":"https:\/\/bepro.hu\/de\/karriere\/"},{"@type":"ListItem","position":3,"name":"Vertriebsmitarbeiter \/ Kundenbetreuer"}]},{"@type":"WebSite","@id":"https:\/\/bepro.hu\/de\/#website","url":"https:\/\/bepro.hu\/de\/","name":"Bepro Signfactory","description":"","potentialAction":[{"@type":"SearchAction","target":{"@type":"EntryPoint","urlTemplate":"https:\/\/bepro.hu\/de\/?s={search_term_string}"},"query-input":{"@type":"PropertyValueSpecification","valueRequired":true,"valueName":"search_term_string"}}],"inLanguage":"de"}]}},"_links":{"self":[{"href":"https:\/\/bepro.hu\/de\/wp-json\/wp\/v2\/pages\/4592","targetHints":{"allow":["GET"]}}],"collection":[{"href":"https:\/\/bepro.hu\/de\/wp-json\/wp\/v2\/pages"}],"about":[{"href":"https:\/\/bepro.hu\/de\/wp-json\/wp\/v2\/types\/page"}],"author":[{"embeddable":true,"href":"https:\/\/bepro.hu\/de\/wp-json\/wp\/v2\/users\/1"}],"replies":[{"embeddable":true,"href":"https:\/\/bepro.hu\/de\/wp-json\/wp\/v2\/comments?post=4592"}],"version-history":[{"count":3,"href":"https:\/\/bepro.hu\/de\/wp-json\/wp\/v2\/pages\/4592\/revisions"}],"predecessor-version":[{"id":6113,"href":"https:\/\/bepro.hu\/de\/wp-json\/wp\/v2\/pages\/4592\/revisions\/6113"}],"up":[{"embeddable":true,"href":"https:\/\/bepro.hu\/de\/wp-json\/wp\/v2\/pages\/4580"}],"wp:attachment":[{"href":"https:\/\/bepro.hu\/de\/wp-json\/wp\/v2\/media?parent=4592"}],"curies":[{"name":"wp","href":"https:\/\/api.w.org\/{rel}","templated":true}]}}