{"id":4677,"date":"2025-04-02T10:16:05","date_gmt":"2025-04-02T08:16:05","guid":{"rendered":"https:\/\/bepro.hu\/karriere\/produktionsdesigner-produktionsvorbereiter\/"},"modified":"2025-05-06T05:35:29","modified_gmt":"2025-05-06T03:35:29","slug":"produktionsdesigner-produktionsvorbereiter","status":"publish","type":"page","link":"https:\/\/bepro.hu\/de\/karriere\/produktionsdesigner-produktionsvorbereiter\/","title":{"rendered":"Produktionsdesigner &#8211; Produktionsvorbereiter"},"content":{"rendered":"<section class=\"wpb-content-wrapper\"><p>[vc_row][vc_column]<div class=\"tm-element-heading-wrapper tm-heading-inner tm-element-align-left tm-seperator-solid tm-heading-style-vertical \"><section class=\"tm-vc_cta3-container\"><div class=\"tm-vc_general tm-vc_cta3 tm-cta3-only tm-vc_cta3-style-classic tm-vc_cta3-shape-rounded tm-vc_cta3-align-left tm-vc_cta3-color-transparent tm-vc_cta3-icon-size-md tm-vc_cta3-actions-no tm-cta3-with-desc\"><div class=\"tm-vc_cta3_content-container\"><div class=\"tm-vc_cta3-content\"><header class=\"tm-vc_cta3-content-header tm-wrap\"><div class=\"tm-vc_cta3-headers tm-wrap-cell\"><h4 class=\"tm-custom-heading \" >Poz\u00edci\u00f3<\/h4>\n<h2 class=\"tm-custom-heading \" >Gy\u00e1rtm\u00e1nytervez\u0151 \/ Gy\u00e1rt\u00e1sel\u0151k\u00e9sz\u00edt\u0151<\/h2>\n<\/div><div class=\"heading-seperator\"><span><\/span><\/div><\/header><div class=\"tm-cta3-content-wrapper\">\n<p class=\"x_MsoNormal\"><span data-olk-copy-source=\"MessageBody\">V\u00e1llalatunk 14 \u00e9ve stabilan m\u0171k\u00f6dik, \u00e9s a min\u0151s\u00e9gre, megb\u00edzhat\u00f3s\u00e1gra, valamint az \u00fcgyfeleink el\u00e9gedetts\u00e9g\u00e9re \u00e9p\u00edt.<\/span><\/p>\n<p class=\"x_MsoNormal\">Jelenleg \u00faj&nbsp;<b>gy\u00e1rtm\u00e1nytervez\u0151 \u2013 gy\u00e1rt\u00e1sel\u0151k\u00e9sz\u00edt\u0151<\/b>&nbsp;munkat\u00e1rsat keres\u00fcnk csapatunkba, aki nagy gyakorlattal rendelkezik az egyedi gy\u00e1rt\u00e1s ter\u00fclet\u00e9n, \u00e9s sz\u00edvesen dolgozna egy hossz\u00fa t\u00e1vra tervez\u0151, tapasztalatot \u00e9rt\u00e9kel\u0151 k\u00f6rnyezetben.<\/p>\n<p><\/div><\/div><\/div><\/div><\/section><\/div> <!-- .tm-element-heading-wrapper container --> [vc_column_text]<\/p>\n<p class=\"x_MsoNormal\"><b><span data-olk-copy-source=\"MessageBody\">Unser Unternehmen sch\u00e4tzt und bevorzugt ein hohes Ma\u00df an praktischer, beruflicher Erfahrung und Zuverl\u00e4ssigkeit, wir suchen nicht nach einem &#8220;Abschluss&#8221;. Wenn Ihnen berufliche Anerkennung wichtig ist, freuen wir uns auf Ihre Bewerbung! <\/span><\/b><\/p>\n<p class=\"x_MsoNormal\"><b>Arbeitsort:<\/b> 1117 Budapest, Budafoki \u00fat 183.<\/p>\n<p class=\"x_MsoNormal\"><b>Besch\u00e4ftigung:<\/b> Vollzeit<\/p>\n<p class=\"x_MsoNormal\"><b>Unternehmen:<\/b> Bepro Signfactory Kft.<\/p>\n<div class=\"x_MsoNormal\" align=\"center\">\n<hr align=\"center\" size=\"0\" width=\"100%\">\n<\/div>\n<p class=\"x_MsoNormal\"><b>Hauptaufgaben:<\/b><\/p>\n<p class=\"x_MsoNormal\">&#8211; Erstellung von Produktionszeichnungen f\u00fcr individuelle Werbe- und Inneneinrichtungsprodukte (z.B. Schilder, Leuchtk\u00e4sten, Totems)<\/p>\n<p class=\"x_MsoNormal\">&#8211; Erstellung von technischen Unterlagen und Produktionszeichnungen<\/p>\n<p class=\"x_MsoNormal\">&#8211; Vorbereitung der Produktion, Materialspezifikationen<\/p>\n<p class=\"x_MsoNormal\">&#8211; Laufende Abstimmung mit der Produktionsabteilung zur Sicherstellung der Machbarkeit<\/p>\n<p class=\"x_MsoNormal\">&#8211; Technische Unterst\u00fctzung und Optimierung von Projekten<\/p>\n<div class=\"x_MsoNormal\" align=\"center\">\n<hr align=\"center\" size=\"0\" width=\"100%\">\n<\/div>\n<p class=\"x_MsoNormal\"><b>Erwartungen:<\/b><\/p>\n<p class=\"x_MsoNormal\">&#8211; Technische Qualifikation (Techniker, mittleres Niveau kann angemessen sein)<\/p>\n<p class=\"x_MsoNormal\">&#8211; Mehrere Jahre, vorzugsweise mehr als 10 Jahre Berufserfahrung auf dem Gebiet der Auftragsfertigung<\/p>\n<p class=\"x_MsoNormal\">&#8211; Kenntnisse in Inventor, SolidWorks oder einer anderen CAD-Konstruktionssoftware<\/p>\n<p class=\"x_MsoNormal\">&#8211; Kenntnisse in Vektorgrafik-Designsoftware sind von Vorteil (z.B. CorelDraw, Illustrator)<\/p>\n<p class=\"x_MsoNormal\">&#8211; Genaue, selbst\u00e4ndige Arbeit, verantwortungsbewusste Einstellung<\/p>\n<p class=\"x_MsoNormal\">&#8211; Gute Kommunikationsf\u00e4higkeiten, Bereitschaft zur Zusammenarbeit<\/p>\n<p class=\"x_MsoNormal\">&#8211; Kenntnisse in den Bereichen Fertigung und Materialien (Metall, Kunststoff) w\u00e4ren von Vorteil.<\/p>\n<p class=\"x_MsoNormal\">&#8211; Englischkenntnisse sind von Vorteil, aber keine Voraussetzung<\/p>\n<div class=\"x_MsoNormal\" align=\"center\">\n<hr align=\"center\" size=\"0\" width=\"100%\">\n<\/div>\n<p class=\"x_MsoNormal\"><b>Was wir anbieten:<\/b><\/p>\n<p class=\"x_MsoNormal\">&#8211; Langfristige, stabile Besch\u00e4ftigung in einem zuverl\u00e4ssigen, in ungarischem Besitz befindlichen Unternehmen<\/p>\n<p class=\"x_MsoNormal\">&#8211; Ein wettbewerbsf\u00e4higes Einkommen mit einem Gehalt, das der Erfahrung entspricht<\/p>\n<p class=\"x_MsoNormal\">&#8211; Komfortable, gut ausgestattete Arbeitsumgebung<\/p>\n<p class=\"x_MsoNormal\">&#8211; Unterst\u00fctzendes, praxisorientiertes professionelles Team<\/p>\n<p class=\"x_MsoNormal\">&#8211; Vielf\u00e4ltige, anspruchsvolle Projekte<\/p>\n<p class=\"x_MsoNormal\">&#8211; Gelegenheit zur beruflichen Weiterentwicklung, um vorhandenes Wissen zu erweitern<\/p>\n<div class=\"x_MsoNormal\" align=\"center\">\n<hr align=\"center\" size=\"0\" width=\"100%\">\n<\/div>\n<p class=\"x_MsoNormal\"><b>Wie Sie sich bewerben:<\/b><\/p>\n<p class=\"x_MsoNormal\">Wenn Sie an unserer Anzeige interessiert sind, senden Sie bitte <b>Ihren Lebenslauf mit Foto<\/b> und, falls vorhanden, Ihr Portfolio an die folgende E-Mail-Adresse:<\/p>\n<p class=\"x_MsoNormal\">\ud83d\udce9 <b><a id=\"LPlnk650102\" title=\"mailto:gabor.kovacs@bepro.hu\" href=\"mailto:gabor.kovacs@bepro.hu\" data-linkindex=\"0\">gabor.kovacs@bepro.hu<\/a><\/b><\/p>\n<p class=\"x_MsoNormal\">F\u00fcr weitere Informationen rufen Sie bitte an:<\/p>\n<p class=\"x_MsoNormal\">\ud83d\udcde <b>+36 30 944 5233<\/b><\/p>\n<p>[\/vc_column_text][\/vc_column][\/vc_row]<\/p>\n<\/section>","protected":false},"excerpt":{"rendered":"<p>[vc_row][vc_column][vc_column_text] Unser Unternehmen sch\u00e4tzt und bevorzugt ein hohes Ma\u00df an praktischer, beruflicher Erfahrung und Zuverl\u00e4ssigkeit, wir suchen nicht nach einem &#8220;Abschluss&#8221;. Wenn Ihnen berufliche Anerkennung wichtig ist, freuen wir uns auf Ihre Bewerbung! Arbeitsort: 1117 Budapest, Budafoki \u00fat 183. Besch\u00e4ftigung: Vollzeit Unternehmen: Bepro Signfactory Kft. Hauptaufgaben: &#8211; Erstellung von Produktionszeichnungen f\u00fcr individuelle Werbe- und Inneneinrichtungsprodukte &hellip; <a href=\"https:\/\/bepro.hu\/de\/karriere\/produktionsdesigner-produktionsvorbereiter\/\" class=\"more-link\">Continue reading <span class=\"screen-reader-text\">Produktionsdesigner &#8211; Produktionsvorbereiter<\/span><\/a><\/p>\n","protected":false},"author":1,"featured_media":0,"parent":4580,"menu_order":0,"comment_status":"closed","ping_status":"closed","template":"","meta":{"_monsterinsights_skip_tracking":false,"_monsterinsights_sitenote_active":false,"_monsterinsights_sitenote_note":"","_monsterinsights_sitenote_category":0,"ngg_post_thumbnail":0,"footnotes":""},"class_list":["post-4677","page","type-page","status-publish","hentry"],"yoast_head":"<!-- This site is optimized with the Yoast SEO plugin v27.0 - https:\/\/yoast.com\/product\/yoast-seo-wordpress\/ -->\n<title>Produktionsdesigner - Produktionsvorbereiter - Bepro Signfactory<\/title>\n<meta name=\"robots\" content=\"index, follow, max-snippet:-1, max-image-preview:large, max-video-preview:-1\" \/>\n<link rel=\"canonical\" href=\"https:\/\/bepro.hu\/de\/karriere\/produktionsdesigner-produktionsvorbereiter\/\" \/>\n<meta property=\"og:locale\" content=\"de_DE\" \/>\n<meta property=\"og:type\" content=\"article\" \/>\n<meta property=\"og:title\" content=\"Produktionsdesigner - Produktionsvorbereiter - Bepro Signfactory\" \/>\n<meta property=\"og:description\" content=\"[vc_row][vc_column][vc_column_text] Unser Unternehmen sch\u00e4tzt und bevorzugt ein hohes Ma\u00df an praktischer, beruflicher Erfahrung und Zuverl\u00e4ssigkeit, wir suchen nicht nach einem &#8220;Abschluss&#8221;. Wenn Ihnen berufliche Anerkennung wichtig ist, freuen wir uns auf Ihre Bewerbung! Arbeitsort: 1117 Budapest, Budafoki \u00fat 183. Besch\u00e4ftigung: Vollzeit Unternehmen: Bepro Signfactory Kft. Hauptaufgaben: &#8211; Erstellung von Produktionszeichnungen f\u00fcr individuelle Werbe- und Inneneinrichtungsprodukte &hellip; Continue reading Produktionsdesigner &#8211; Produktionsvorbereiter\" \/>\n<meta property=\"og:url\" content=\"https:\/\/bepro.hu\/de\/karriere\/produktionsdesigner-produktionsvorbereiter\/\" \/>\n<meta property=\"og:site_name\" content=\"Bepro Signfactory\" \/>\n<meta property=\"article:modified_time\" content=\"2025-05-06T03:35:29+00:00\" \/>\n<meta name=\"twitter:card\" content=\"summary_large_image\" \/>\n<meta name=\"twitter:label1\" content=\"Gesch\u00e4tzte Lesezeit\" \/>\n\t<meta name=\"twitter:data1\" content=\"2\u00a0Minuten\" \/>\n<!-- \/ Yoast SEO plugin. -->","yoast_head_json":{"title":"Produktionsdesigner - Produktionsvorbereiter - Bepro Signfactory","robots":{"index":"index","follow":"follow","max-snippet":"max-snippet:-1","max-image-preview":"max-image-preview:large","max-video-preview":"max-video-preview:-1"},"canonical":"https:\/\/bepro.hu\/de\/karriere\/produktionsdesigner-produktionsvorbereiter\/","og_locale":"de_DE","og_type":"article","og_title":"Produktionsdesigner - Produktionsvorbereiter - Bepro Signfactory","og_description":"[vc_row][vc_column][vc_column_text] Unser Unternehmen sch\u00e4tzt und bevorzugt ein hohes Ma\u00df an praktischer, beruflicher Erfahrung und Zuverl\u00e4ssigkeit, wir suchen nicht nach einem &#8220;Abschluss&#8221;. Wenn Ihnen berufliche Anerkennung wichtig ist, freuen wir uns auf Ihre Bewerbung! Arbeitsort: 1117 Budapest, Budafoki \u00fat 183. Besch\u00e4ftigung: Vollzeit Unternehmen: Bepro Signfactory Kft. Hauptaufgaben: &#8211; Erstellung von Produktionszeichnungen f\u00fcr individuelle Werbe- und Inneneinrichtungsprodukte &hellip; Continue reading Produktionsdesigner &#8211; Produktionsvorbereiter","og_url":"https:\/\/bepro.hu\/de\/karriere\/produktionsdesigner-produktionsvorbereiter\/","og_site_name":"Bepro Signfactory","article_modified_time":"2025-05-06T03:35:29+00:00","twitter_card":"summary_large_image","twitter_misc":{"Gesch\u00e4tzte Lesezeit":"2\u00a0Minuten"},"schema":{"@context":"https:\/\/schema.org","@graph":[{"@type":"WebPage","@id":"https:\/\/bepro.hu\/de\/karriere\/produktionsdesigner-produktionsvorbereiter\/","url":"https:\/\/bepro.hu\/de\/karriere\/produktionsdesigner-produktionsvorbereiter\/","name":"Produktionsdesigner - Produktionsvorbereiter - Bepro Signfactory","isPartOf":{"@id":"https:\/\/bepro.hu\/de\/#website"},"datePublished":"2025-04-02T08:16:05+00:00","dateModified":"2025-05-06T03:35:29+00:00","breadcrumb":{"@id":"https:\/\/bepro.hu\/de\/karriere\/produktionsdesigner-produktionsvorbereiter\/#breadcrumb"},"inLanguage":"de","potentialAction":[{"@type":"ReadAction","target":["https:\/\/bepro.hu\/de\/karriere\/produktionsdesigner-produktionsvorbereiter\/"]}]},{"@type":"BreadcrumbList","@id":"https:\/\/bepro.hu\/de\/karriere\/produktionsdesigner-produktionsvorbereiter\/#breadcrumb","itemListElement":[{"@type":"ListItem","position":1,"name":"Kezd\u0151lap","item":"https:\/\/bepro.hu\/de\/hauptseite\/"},{"@type":"ListItem","position":2,"name":"Karriere","item":"https:\/\/bepro.hu\/de\/karriere\/"},{"@type":"ListItem","position":3,"name":"Produktionsdesigner &#8211; Produktionsvorbereiter"}]},{"@type":"WebSite","@id":"https:\/\/bepro.hu\/de\/#website","url":"https:\/\/bepro.hu\/de\/","name":"Bepro Signfactory","description":"","potentialAction":[{"@type":"SearchAction","target":{"@type":"EntryPoint","urlTemplate":"https:\/\/bepro.hu\/de\/?s={search_term_string}"},"query-input":{"@type":"PropertyValueSpecification","valueRequired":true,"valueName":"search_term_string"}}],"inLanguage":"de"}]}},"_links":{"self":[{"href":"https:\/\/bepro.hu\/de\/wp-json\/wp\/v2\/pages\/4677","targetHints":{"allow":["GET"]}}],"collection":[{"href":"https:\/\/bepro.hu\/de\/wp-json\/wp\/v2\/pages"}],"about":[{"href":"https:\/\/bepro.hu\/de\/wp-json\/wp\/v2\/types\/page"}],"author":[{"embeddable":true,"href":"https:\/\/bepro.hu\/de\/wp-json\/wp\/v2\/users\/1"}],"replies":[{"embeddable":true,"href":"https:\/\/bepro.hu\/de\/wp-json\/wp\/v2\/comments?post=4677"}],"version-history":[{"count":8,"href":"https:\/\/bepro.hu\/de\/wp-json\/wp\/v2\/pages\/4677\/revisions"}],"predecessor-version":[{"id":4716,"href":"https:\/\/bepro.hu\/de\/wp-json\/wp\/v2\/pages\/4677\/revisions\/4716"}],"up":[{"embeddable":true,"href":"https:\/\/bepro.hu\/de\/wp-json\/wp\/v2\/pages\/4580"}],"wp:attachment":[{"href":"https:\/\/bepro.hu\/de\/wp-json\/wp\/v2\/media?parent=4677"}],"curies":[{"name":"wp","href":"https:\/\/api.w.org\/{rel}","templated":true}]}}