{"id":4704,"date":"2025-02-28T06:35:08","date_gmt":"2025-02-28T05:35:08","guid":{"rendered":"https:\/\/bepro.hu\/karriere\/technischer-leiter\/"},"modified":"2025-05-06T05:35:30","modified_gmt":"2025-05-06T03:35:30","slug":"technischer-leiter","status":"publish","type":"page","link":"https:\/\/bepro.hu\/de\/karriere\/technischer-leiter\/","title":{"rendered":"Technischer Leiter"},"content":{"rendered":"<section class=\"wpb-content-wrapper\"><p>[vc_row][vc_column]<div class=\"tm-element-heading-wrapper tm-heading-inner tm-element-align-left tm-seperator-solid tm-heading-style-vertical \"><section class=\"tm-vc_cta3-container\"><div class=\"tm-vc_general tm-vc_cta3 tm-cta3-only tm-vc_cta3-style-classic tm-vc_cta3-shape-rounded tm-vc_cta3-align-left tm-vc_cta3-color-transparent tm-vc_cta3-icon-size-md tm-vc_cta3-actions-no tm-cta3-with-desc\"><div class=\"tm-vc_cta3_content-container\"><div class=\"tm-vc_cta3-content\"><header class=\"tm-vc_cta3-content-header tm-wrap\"><div class=\"tm-vc_cta3-headers tm-wrap-cell\"><h4 class=\"tm-custom-heading \" >Poz\u00edci\u00f3<\/h4>\n<h2 class=\"tm-custom-heading \" >M\u0170SZAKI PROJEKTMENEDZSER<\/h2>\n<\/div><div class=\"heading-seperator\"><span><\/span><\/div><\/header><div class=\"tm-cta3-content-wrapper\">\n<p class=\"x_MsoNormal\"><span data-olk-copy-source=\"MessageBody\">\ud83d\udca1<\/span>&nbsp;<b>Szeretn\u00e9l egy dinamikusan fejl\u0151d\u0151, nemzetk\u00f6zi szinten is elismert rekl\u00e1mfelirat-gy\u00e1rt\u00f3 c\u00e9g vezet\u0151i csapat\u00e1nak r\u00e9sze lenni?<\/b>&nbsp;<\/p>\n<p class=\"x_MsoNormal\">C\u00e9g\u00fcnk a Bepro Signfactory t\u00f6bb mint 13 \u00e9ve m\u0171k\u00f6dik sikeresen, \u00e9s olyan vil\u00e1gm\u00e1rk\u00e1k sz\u00e1m\u00e1ra k\u00e9sz\u00edt egyedi vil\u00e1g\u00edt\u00f3- \u00e9s rekl\u00e1mfeliratokat, akik a min\u0151s\u00e9gben \u00e9s megb\u00edzhat\u00f3s\u00e1gban hisznek.<\/p>\n<p class=\"x_MsoNormal\">Ha m\u0171szaki be\u00e1ll\u00edtotts\u00e1g\u00fa vagy, \u00e9s szeretn\u00e9d egy professzion\u00e1lis csapat munk\u00e1j\u00e1t ir\u00e1ny\u00edtani, akkor n\u00e1lunk a helyed!&nbsp;\ud83d\ude80<\/p>\n<p><\/div><\/div><\/div><\/div><\/section><\/div> <!-- .tm-element-heading-wrapper container --> [vc_column_text]<\/p>\n<p class=\"x_MsoNormal\"><b><span data-olk-copy-source=\"MessageBody\">Jetzt bewerben!&nbsp;<\/span><\/b><\/p>\n<p class=\"x_MsoNormal\">\ud83d\udce9 Senden Sie es an <b><u>Ihr Foto Lebenslauf<\/u><\/b> und <b><u>ein Anschreiben<\/u><\/b> an die folgende E-Mail Adresse:  <b><a title=\"mailto:gabor.kovacs@bepro.hu\" href=\"mailto:gabor.kovacs@bepro.hu\" data-linkindex=\"1\">gabor.kovacs@bepro.hu<\/a><\/b><\/p>\n<p><b>\ud83d\udcde<span class=\"x_apple-converted-space\"> <\/span><strong>Um sich \u00fcber die Stelle zu erkundigen<\/strong><\/b><strong> a <a href=\"tel:36309445233\">+36 30 944 5233<\/a><\/strong><strong> Telefonnummer.<\/strong>[\/vc_column_text][vc_column_text]<\/p>\n<p class=\"x_MsoNormal\"><b>\ud83d\udd27<\/b><b> Ihre Hauptaufgaben:<\/b><\/p>\n<p class=\"x_MsoNormal\">\u2705 Projektplanung, -implementierung und -ausf\u00fchrung.<\/p>\n<p class=\"x_MsoNormal\">\u2705 Erstellung von Projektbudgets, effiziente Verwaltung von Ressourcen.<\/p>\n<p class=\"x_MsoNormal\">\u2705 Kontaktaufnahme mit Kunden und Partnern, Beurteilung und Kl\u00e4rung der Kundenbed\u00fcrfnisse.<\/p>\n<p class=\"x_MsoNormal\">\u2705 Koordination von Fertigungs- und Konstruktionsteams, Einhaltung und Durchsetzung von Fristen.<\/p>\n<p class=\"x_MsoNormal\">\u2705 Technisches und operatives Management von Projekten.<\/p>\n<p class=\"x_MsoNormal\">\u2705 \u00dcbergabe von Projekten, Best\u00e4tigung von Leistungen, Ausstellung von Rechnungen<\/p>\n<p class=\"x_MsoNormal\">\u2705 Vorbereitung der \u00dcbergabedokumentation<\/p>\n<p>&nbsp;<\/p>\n<p class=\"x_MsoNormal\"><b>\ud83d\udccc<\/b><b> <\/b><b>Elv<\/b><b>\u00e1<\/b><b>r<\/b><b>\u00e1<\/b><b>Wir haben:<\/b><\/p>\n<p class=\"x_MsoNormal\">\u2714 H\u00f6here technische Ausbildung (Bauwesen, Holzbearbeitung oder Elektrizit\u00e4t bevorzugt).<\/p>\n<p class=\"x_MsoNormal\">\u2714 <b>Mindestens 3-5 Jahre Erfahrung<\/b> im Projektmanagement.<\/p>\n<p class=\"x_MsoNormal\">\u2714 Ausgezeichnete organisatorische F\u00e4higkeiten und die F\u00e4higkeit, Fristen einzuhalten.<\/p>\n<p class=\"x_MsoNormal\">\u2714 Beherrschung von Fertigungs- und technischen Prozessen.<\/p>\n<p class=\"x_MsoNormal\">\u2714 Strategisches Denken und Probleml\u00f6sungsf\u00e4higkeiten.<\/p>\n<p class=\"x_MsoNormal\">\u2714 Selbstmotivation, Entschlossenheit und ausgezeichnete Kommunikationsf\u00e4higkeiten.<\/p>\n<p class=\"x_MsoNormal\">\u2714 Erfahrung in der Auftragsfertigung, z.B. in der Herstellung von M\u00f6beln nach Ma\u00df, <b>ist ein Vorteil<\/b> <\/p>\n<p>&nbsp;<\/p>\n<p class=\"x_MsoNormal\"><b>\ud83c\udf81<\/b><b> <\/b><b>Was wir<\/b><b>\u00ed<\/b><b>n<\/b><b>\u00e1<\/b><b>haben wir:<\/b><\/p>\n<p class=\"x_MsoNormal\">\ud83d\udcb0 <b>Wettbewerbsf\u00e4higes Gehalt + leistungsabh\u00e4ngiger Bonus<\/b>&nbsp;<\/p>\n<p class=\"x_MsoNormal\">\ud83c\udfe2 <b>Stabile, langfristige Besch\u00e4ftigungsm\u00f6glichkeiten<\/b>&nbsp;<\/p>\n<p class=\"x_MsoNormal\">\ud83d\ude80 <b>Angenehmes Arbeitsumfeld, spannende Projekte<\/b>&nbsp;<\/p>\n<p class=\"x_MsoNormal\">\ud83d\udcc8 <b>Karriereentwicklung und berufliches Wachstum<\/b>&nbsp;<\/p>\n<p class=\"x_MsoNormal\">\ud83e\udd1d <b>Dynamisches, unterst\u00fctzendes Team, freundliche Atmosph\u00e4re<\/b><\/p>\n<p class=\"x_MsoNormal\">\ud83d\udc49 Werden Sie Teil eines <b>erfolgreichen, innovativen und dynamischen Teams!<\/b> \ud83d\udd25<\/p>\n<p>E-Mail: <a title=\"mailto:gabor.kovacs@bepro.hu\" href=\"mailto:gabor.kovacs@bepro.hu\" data-linkindex=\"1\">gabor.kovacs@bepro.hu<\/a><br \/>\nTelefon:   <a href=\"tel:36309445233\">+36309445233<\/a>[\/vc_column_text][\/vc_column][\/vc_row]<\/p>\n<\/section>","protected":false},"excerpt":{"rendered":"<p>[vc_row][vc_column][vc_column_text] Jetzt bewerben!&nbsp; \ud83d\udce9 Senden Sie es an Ihr Foto Lebenslauf und ein Anschreiben an die folgende E-Mail Adresse: gabor.kovacs@bepro.hu \ud83d\udcde Um sich \u00fcber die Stelle zu erkundigen a +36 30 944 5233 Telefonnummer.[\/vc_column_text][vc_column_text] \ud83d\udd27 Ihre Hauptaufgaben: \u2705 Projektplanung, -implementierung und -ausf\u00fchrung. \u2705 Erstellung von Projektbudgets, effiziente Verwaltung von Ressourcen. \u2705 Kontaktaufnahme mit Kunden und &hellip; <a href=\"https:\/\/bepro.hu\/de\/karriere\/technischer-leiter\/\" class=\"more-link\">Continue reading <span class=\"screen-reader-text\">Technischer Leiter<\/span><\/a><\/p>\n","protected":false},"author":1,"featured_media":0,"parent":4580,"menu_order":0,"comment_status":"closed","ping_status":"closed","template":"","meta":{"_monsterinsights_skip_tracking":false,"_monsterinsights_sitenote_active":false,"_monsterinsights_sitenote_note":"","_monsterinsights_sitenote_category":0,"ngg_post_thumbnail":0,"footnotes":""},"class_list":["post-4704","page","type-page","status-publish","hentry"],"yoast_head":"<!-- This site is optimized with the Yoast SEO plugin v27.0 - https:\/\/yoast.com\/product\/yoast-seo-wordpress\/ -->\n<title>Technischer Leiter - Bepro Signfactory<\/title>\n<meta name=\"robots\" content=\"index, follow, max-snippet:-1, max-image-preview:large, max-video-preview:-1\" \/>\n<link rel=\"canonical\" href=\"https:\/\/bepro.hu\/de\/karriere\/technischer-leiter\/\" \/>\n<meta property=\"og:locale\" content=\"de_DE\" \/>\n<meta property=\"og:type\" content=\"article\" \/>\n<meta property=\"og:title\" content=\"Technischer Leiter - Bepro Signfactory\" \/>\n<meta property=\"og:description\" content=\"[vc_row][vc_column][vc_column_text] Jetzt bewerben!&nbsp; \ud83d\udce9 Senden Sie es an Ihr Foto Lebenslauf und ein Anschreiben an die folgende E-Mail Adresse: gabor.kovacs@bepro.hu \ud83d\udcde Um sich \u00fcber die Stelle zu erkundigen a +36 30 944 5233 Telefonnummer.[\/vc_column_text][vc_column_text] \ud83d\udd27 Ihre Hauptaufgaben: \u2705 Projektplanung, -implementierung und -ausf\u00fchrung. \u2705 Erstellung von Projektbudgets, effiziente Verwaltung von Ressourcen. \u2705 Kontaktaufnahme mit Kunden und &hellip; Continue reading Technischer Leiter\" \/>\n<meta property=\"og:url\" content=\"https:\/\/bepro.hu\/de\/karriere\/technischer-leiter\/\" \/>\n<meta property=\"og:site_name\" content=\"Bepro Signfactory\" \/>\n<meta property=\"article:modified_time\" content=\"2025-05-06T03:35:30+00:00\" \/>\n<meta name=\"twitter:card\" content=\"summary_large_image\" \/>\n<meta name=\"twitter:label1\" content=\"Gesch\u00e4tzte Lesezeit\" \/>\n\t<meta name=\"twitter:data1\" content=\"2\u00a0Minuten\" \/>\n<!-- \/ Yoast SEO plugin. -->","yoast_head_json":{"title":"Technischer Leiter - Bepro Signfactory","robots":{"index":"index","follow":"follow","max-snippet":"max-snippet:-1","max-image-preview":"max-image-preview:large","max-video-preview":"max-video-preview:-1"},"canonical":"https:\/\/bepro.hu\/de\/karriere\/technischer-leiter\/","og_locale":"de_DE","og_type":"article","og_title":"Technischer Leiter - Bepro Signfactory","og_description":"[vc_row][vc_column][vc_column_text] Jetzt bewerben!&nbsp; \ud83d\udce9 Senden Sie es an Ihr Foto Lebenslauf und ein Anschreiben an die folgende E-Mail Adresse: gabor.kovacs@bepro.hu \ud83d\udcde Um sich \u00fcber die Stelle zu erkundigen a +36 30 944 5233 Telefonnummer.[\/vc_column_text][vc_column_text] \ud83d\udd27 Ihre Hauptaufgaben: \u2705 Projektplanung, -implementierung und -ausf\u00fchrung. \u2705 Erstellung von Projektbudgets, effiziente Verwaltung von Ressourcen. \u2705 Kontaktaufnahme mit Kunden und &hellip; Continue reading Technischer Leiter","og_url":"https:\/\/bepro.hu\/de\/karriere\/technischer-leiter\/","og_site_name":"Bepro Signfactory","article_modified_time":"2025-05-06T03:35:30+00:00","twitter_card":"summary_large_image","twitter_misc":{"Gesch\u00e4tzte Lesezeit":"2\u00a0Minuten"},"schema":{"@context":"https:\/\/schema.org","@graph":[{"@type":"WebPage","@id":"https:\/\/bepro.hu\/de\/karriere\/technischer-leiter\/","url":"https:\/\/bepro.hu\/de\/karriere\/technischer-leiter\/","name":"Technischer Leiter - Bepro Signfactory","isPartOf":{"@id":"https:\/\/bepro.hu\/de\/#website"},"datePublished":"2025-02-28T05:35:08+00:00","dateModified":"2025-05-06T03:35:30+00:00","breadcrumb":{"@id":"https:\/\/bepro.hu\/de\/karriere\/technischer-leiter\/#breadcrumb"},"inLanguage":"de","potentialAction":[{"@type":"ReadAction","target":["https:\/\/bepro.hu\/de\/karriere\/technischer-leiter\/"]}]},{"@type":"BreadcrumbList","@id":"https:\/\/bepro.hu\/de\/karriere\/technischer-leiter\/#breadcrumb","itemListElement":[{"@type":"ListItem","position":1,"name":"Kezd\u0151lap","item":"https:\/\/bepro.hu\/de\/hauptseite\/"},{"@type":"ListItem","position":2,"name":"Karriere","item":"https:\/\/bepro.hu\/de\/karriere\/"},{"@type":"ListItem","position":3,"name":"Technischer Leiter"}]},{"@type":"WebSite","@id":"https:\/\/bepro.hu\/de\/#website","url":"https:\/\/bepro.hu\/de\/","name":"Bepro Signfactory","description":"","potentialAction":[{"@type":"SearchAction","target":{"@type":"EntryPoint","urlTemplate":"https:\/\/bepro.hu\/de\/?s={search_term_string}"},"query-input":{"@type":"PropertyValueSpecification","valueRequired":true,"valueName":"search_term_string"}}],"inLanguage":"de"}]}},"_links":{"self":[{"href":"https:\/\/bepro.hu\/de\/wp-json\/wp\/v2\/pages\/4704","targetHints":{"allow":["GET"]}}],"collection":[{"href":"https:\/\/bepro.hu\/de\/wp-json\/wp\/v2\/pages"}],"about":[{"href":"https:\/\/bepro.hu\/de\/wp-json\/wp\/v2\/types\/page"}],"author":[{"embeddable":true,"href":"https:\/\/bepro.hu\/de\/wp-json\/wp\/v2\/users\/1"}],"replies":[{"embeddable":true,"href":"https:\/\/bepro.hu\/de\/wp-json\/wp\/v2\/comments?post=4704"}],"version-history":[{"count":1,"href":"https:\/\/bepro.hu\/de\/wp-json\/wp\/v2\/pages\/4704\/revisions"}],"predecessor-version":[{"id":4717,"href":"https:\/\/bepro.hu\/de\/wp-json\/wp\/v2\/pages\/4704\/revisions\/4717"}],"up":[{"embeddable":true,"href":"https:\/\/bepro.hu\/de\/wp-json\/wp\/v2\/pages\/4580"}],"wp:attachment":[{"href":"https:\/\/bepro.hu\/de\/wp-json\/wp\/v2\/media?parent=4704"}],"curies":[{"name":"wp","href":"https:\/\/api.w.org\/{rel}","templated":true}]}}