{"id":4771,"date":"2025-03-18T17:53:17","date_gmt":"2025-03-18T16:53:17","guid":{"rendered":"https:\/\/bepro.hu\/karriere\/designer-produktionsvorbereiter\/"},"modified":"2025-05-06T05:35:49","modified_gmt":"2025-05-06T03:35:49","slug":"designer-produktionsvorbereiter","status":"publish","type":"page","link":"https:\/\/bepro.hu\/de\/karriere\/designer-produktionsvorbereiter\/","title":{"rendered":"Designer, Produktionsvorbereiter"},"content":{"rendered":"<section class=\"wpb-content-wrapper\"><p>[vc_row][vc_column]<div class=\"tm-element-heading-wrapper tm-heading-inner tm-element-align-left tm-seperator-solid tm-heading-style-vertical \"><section class=\"tm-vc_cta3-container\"><div class=\"tm-vc_general tm-vc_cta3 tm-cta3-only tm-vc_cta3-style-classic tm-vc_cta3-shape-rounded tm-vc_cta3-align-left tm-vc_cta3-color-transparent tm-vc_cta3-icon-size-md tm-vc_cta3-actions-no tm-cta3-with-desc\"><div class=\"tm-vc_cta3_content-container\"><div class=\"tm-vc_cta3-content\"><header class=\"tm-vc_cta3-content-header tm-wrap\"><div class=\"tm-vc_cta3-headers tm-wrap-cell\"><h4 class=\"tm-custom-heading \" >Poz\u00edci\u00f3<\/h4>\n<h2 class=\"tm-custom-heading \" >Tervez\u0151, gy\u00e1rt\u00e1sel\u0151k\u00e9sz\u00edt\u0151<\/h2>\n<\/div><div class=\"heading-seperator\"><span><\/span><\/div><\/header><div class=\"tm-cta3-content-wrapper\"><p>A Bepro Signfactory nemzetk\u00f6zi \u00fcgyf\u00e9lk\u00f6r sz\u00e1m\u00e1ra gy\u00e1rt pr\u00e9mium min\u0151s\u00e9g\u0171 rekl\u00e1mfeliratokat \u00e9s vizu\u00e1lis megjelen\u00edt\u00e9si elemeket. Innovat\u00edv megold\u00e1sokat ny\u00fajtunk \u00e9s folyamatosan fejl\u0151d\u00fcnk \u2013 most pedig egy \u00faj&nbsp;<span class=\"x_s1\"><b>tervez\u0151 \u2013 gy\u00e1rt\u00e1sel\u0151k\u00e9sz\u00edt\u0151<\/b><\/span>&nbsp;szakemberrel szeretn\u00e9nk b\u0151v\u00edteni csapatunkat.<\/p><\/div><\/div><\/div><\/div><\/section><\/div> <!-- .tm-element-heading-wrapper container --> [vc_column_text]<\/p>\n<p class=\"x_p3\"><span data-olk-copy-source=\"MessageBody\">\ud83d\udccd<\/span> <span class=\"x_s1\"><b>Wo Sie arbeiten:<\/b><\/span> 1117 Budapest, Budafoki \u00fat 183.<\/p>\n<p class=\"x_p3\">\u23f3<span class=\"x_s1\"><b>Besch\u00e4ftigungsverh\u00e4ltnis:<\/b><\/span> Vollzeit<\/p>\n<p class=\"x_p3\">\ud83d\udcbc<span class=\"x_s1\"><b>Unternehmen:<\/b><\/span> Bepro Signfactory &#8211; ein Premium-Beschilderungsunternehmen mit 13 Jahren stabiler T\u00e4tigkeit<\/p>\n<p>&nbsp;<\/p>\n<p class=\"x_p1\"><b>Ihre Aufgaben werden sein<\/b><\/p>\n<p class=\"x_p3\">\ud83d\udd39 Produktionsdesign-Dokumentation f\u00fcr Werbeschilder, Tafeln, Totems und andere einzigartige Werbe- und Innenarchitekturprodukte<\/p>\n<p class=\"x_p3\">\ud83d\udd39 Erstellung von technischen Zeichnungen und Dokumentationen f\u00fcr die Produktion<\/p>\n<p class=\"x_p3\">\ud83d\udd39 Produktionsvorbereitung und technische Koordination mit der Produktionsabteilung<\/p>\n<p class=\"x_p3\">\ud83d\udd39 Bestimmung des Materialbedarfs, Erstellung von Materialspezifikationen<\/p>\n<p class=\"x_p3\">\ud83d\udd39 Technische Unterst\u00fctzung und Optimierung von Projekten<\/p>\n<p class=\"x_p2\">&nbsp;<\/p>\n<p class=\"x_p1\"><b>Was wir von Ihnen erwarten<\/b><\/p>\n<p class=\"x_p3\">\u2714 Technische Qualifikationen<\/p>\n<p class=\"x_p3\">\u2714 3 &#8211; 5 Jahre Berufserfahrung als Designer<\/p>\n<p class=\"x_p3\">\u2714 Arbeitserfahrung in einer kundenspezifischen Fertigung, in einem kleinen Unternehmen<\/p>\n<p class=\"x_p3\">\u2714 Kenntnisse in Inventor\/SolidWorks oder anderer Konstruktionssoftware<\/p>\n<p class=\"x_p3\">\u2714 Kenntnisse von Vektorgrafikprogrammen (Adobe Illustrator\/CorellDraw\/Inscape oder \u00e4hnlich)<\/p>\n<p class=\"x_p3\">\u2714 Pr\u00e4zision, Unabh\u00e4ngigkeit und Probleml\u00f6sungskompetenz<\/p>\n<p class=\"x_p3\">\u2714 Gute Kommunikationsf\u00e4higkeiten, Bereitschaft zur Zusammenarbeit im Team<\/p>\n<p class=\"x_p3\">\u2714 Kenntnisse \u00fcber Herstellungsprozesse von Vorteil<\/p>\n<p class=\"x_p3\">\u2714 Kenntnisse \u00fcber metallische Werkstoffe sind von Vorteil<\/p>\n<p class=\"x_p3\">\u2714 Englische Sprachkenntnisse<\/p>\n<p class=\"x_p2\">&nbsp;<\/p>\n<p class=\"x_p1\"><b>Was wir anbieten<\/b><\/p>\n<p class=\"x_p3\">\ud83d\udd39 Stabile, langfristige Besch\u00e4ftigung in einem dynamischen und wachsenden Unternehmen<\/p>\n<p class=\"x_p3\">\ud83d\udd39 Wettbewerbsf\u00e4higes Gehalt und leistungsbezogene Pr\u00e4mie<\/p>\n<p class=\"x_p3\">\ud83d\udd39 Herausfordernde, vielf\u00e4ltige Projekte<\/p>\n<p class=\"x_p3\">\ud83d\udd39 Angenehmes Arbeitsumfeld und unterst\u00fctzendes Team<\/p>\n<p class=\"x_p3\">\ud83d\udd39 Berufliche Entwicklungsm\u00f6glichkeiten und Schulungen<\/p>\n<p class=\"x_p2\">&nbsp;<\/p>\n<p class=\"x_p3\">Wenn Sie Teil eines innovativen, dynamischen Teams sein wollen und sich f\u00fcr die Welt der Werbung interessieren, freuen wir uns auf Ihre Bewerbung!<\/p>\n<p class=\"x_p2\">&nbsp;<\/p>\n<p class=\"x_p3\">\ud83d\udce9<span class=\"x_s1\"><b>Bewerben bei<\/b><\/span>:<\/p>\n<p class=\"x_p3\">Schicken Sie Ihren Lebenslauf mit Foto, Anschreiben und Portfolio (falls vorhanden) an <a id=\"LPlnk160862\" title=\"mailto:gabor.kovacs@bepro.hu\" href=\"mailto:gabor.kovacs@bepro.hu\" data-linkindex=\"0\">gabor.kovacs@bepro.hu<\/a> mit der Betreffzeile &#8220;Production Designer &#8211; Production Prepare&#8221;.<\/p>\n<p class=\"x_p3\">Um sich \u00fcber die Stelle zu erkundigen, rufen Sie bitte <b>+36 30 944 5233<\/b> an.<\/p>\n<p class=\"x_p3\">Schlie\u00dfen Sie sich uns an und entwerfen Sie spektakul\u00e4re L\u00f6sungen! \ud83d\ude80<\/p>\n<p>[\/vc_column_text][\/vc_column][\/vc_row]<\/p>\n<\/section>","protected":false},"excerpt":{"rendered":"<p>[vc_row][vc_column][vc_column_text] \ud83d\udccd Wo Sie arbeiten: 1117 Budapest, Budafoki \u00fat 183. \u23f3Besch\u00e4ftigungsverh\u00e4ltnis: Vollzeit \ud83d\udcbcUnternehmen: Bepro Signfactory &#8211; ein Premium-Beschilderungsunternehmen mit 13 Jahren stabiler T\u00e4tigkeit &nbsp; Ihre Aufgaben werden sein \ud83d\udd39 Produktionsdesign-Dokumentation f\u00fcr Werbeschilder, Tafeln, Totems und andere einzigartige Werbe- und Innenarchitekturprodukte \ud83d\udd39 Erstellung von technischen Zeichnungen und Dokumentationen f\u00fcr die Produktion \ud83d\udd39 Produktionsvorbereitung und technische Koordination &hellip; <a href=\"https:\/\/bepro.hu\/de\/karriere\/designer-produktionsvorbereiter\/\" class=\"more-link\">Continue reading <span class=\"screen-reader-text\">Designer, Produktionsvorbereiter<\/span><\/a><\/p>\n","protected":false},"author":1,"featured_media":0,"parent":4580,"menu_order":0,"comment_status":"closed","ping_status":"closed","template":"","meta":{"_monsterinsights_skip_tracking":false,"_monsterinsights_sitenote_active":false,"_monsterinsights_sitenote_note":"","_monsterinsights_sitenote_category":0,"ngg_post_thumbnail":0,"footnotes":""},"class_list":["post-4771","page","type-page","status-publish","hentry"],"yoast_head":"<!-- This site is optimized with the Yoast SEO plugin v27.0 - https:\/\/yoast.com\/product\/yoast-seo-wordpress\/ -->\n<title>Designer, Produktionsvorbereiter - Bepro Signfactory<\/title>\n<meta name=\"robots\" content=\"index, follow, max-snippet:-1, max-image-preview:large, max-video-preview:-1\" \/>\n<link rel=\"canonical\" href=\"https:\/\/bepro.hu\/de\/karriere\/designer-produktionsvorbereiter\/\" \/>\n<meta property=\"og:locale\" content=\"de_DE\" \/>\n<meta property=\"og:type\" content=\"article\" \/>\n<meta property=\"og:title\" content=\"Designer, Produktionsvorbereiter - Bepro Signfactory\" \/>\n<meta property=\"og:description\" content=\"[vc_row][vc_column][vc_column_text] \ud83d\udccd Wo Sie arbeiten: 1117 Budapest, Budafoki \u00fat 183. \u23f3Besch\u00e4ftigungsverh\u00e4ltnis: Vollzeit \ud83d\udcbcUnternehmen: Bepro Signfactory &#8211; ein Premium-Beschilderungsunternehmen mit 13 Jahren stabiler T\u00e4tigkeit &nbsp; Ihre Aufgaben werden sein \ud83d\udd39 Produktionsdesign-Dokumentation f\u00fcr Werbeschilder, Tafeln, Totems und andere einzigartige Werbe- und Innenarchitekturprodukte \ud83d\udd39 Erstellung von technischen Zeichnungen und Dokumentationen f\u00fcr die Produktion \ud83d\udd39 Produktionsvorbereitung und technische Koordination &hellip; Continue reading Designer, Produktionsvorbereiter\" \/>\n<meta property=\"og:url\" content=\"https:\/\/bepro.hu\/de\/karriere\/designer-produktionsvorbereiter\/\" \/>\n<meta property=\"og:site_name\" content=\"Bepro Signfactory\" \/>\n<meta property=\"article:modified_time\" content=\"2025-05-06T03:35:49+00:00\" \/>\n<meta name=\"twitter:card\" content=\"summary_large_image\" \/>\n<meta name=\"twitter:label1\" content=\"Gesch\u00e4tzte Lesezeit\" \/>\n\t<meta name=\"twitter:data1\" content=\"2\u00a0Minuten\" \/>\n<!-- \/ Yoast SEO plugin. -->","yoast_head_json":{"title":"Designer, Produktionsvorbereiter - Bepro Signfactory","robots":{"index":"index","follow":"follow","max-snippet":"max-snippet:-1","max-image-preview":"max-image-preview:large","max-video-preview":"max-video-preview:-1"},"canonical":"https:\/\/bepro.hu\/de\/karriere\/designer-produktionsvorbereiter\/","og_locale":"de_DE","og_type":"article","og_title":"Designer, Produktionsvorbereiter - Bepro Signfactory","og_description":"[vc_row][vc_column][vc_column_text] \ud83d\udccd Wo Sie arbeiten: 1117 Budapest, Budafoki \u00fat 183. \u23f3Besch\u00e4ftigungsverh\u00e4ltnis: Vollzeit \ud83d\udcbcUnternehmen: Bepro Signfactory &#8211; ein Premium-Beschilderungsunternehmen mit 13 Jahren stabiler T\u00e4tigkeit &nbsp; Ihre Aufgaben werden sein \ud83d\udd39 Produktionsdesign-Dokumentation f\u00fcr Werbeschilder, Tafeln, Totems und andere einzigartige Werbe- und Innenarchitekturprodukte \ud83d\udd39 Erstellung von technischen Zeichnungen und Dokumentationen f\u00fcr die Produktion \ud83d\udd39 Produktionsvorbereitung und technische Koordination &hellip; Continue reading Designer, Produktionsvorbereiter","og_url":"https:\/\/bepro.hu\/de\/karriere\/designer-produktionsvorbereiter\/","og_site_name":"Bepro Signfactory","article_modified_time":"2025-05-06T03:35:49+00:00","twitter_card":"summary_large_image","twitter_misc":{"Gesch\u00e4tzte Lesezeit":"2\u00a0Minuten"},"schema":{"@context":"https:\/\/schema.org","@graph":[{"@type":"WebPage","@id":"https:\/\/bepro.hu\/de\/karriere\/designer-produktionsvorbereiter\/","url":"https:\/\/bepro.hu\/de\/karriere\/designer-produktionsvorbereiter\/","name":"Designer, Produktionsvorbereiter - Bepro Signfactory","isPartOf":{"@id":"https:\/\/bepro.hu\/de\/#website"},"datePublished":"2025-03-18T16:53:17+00:00","dateModified":"2025-05-06T03:35:49+00:00","breadcrumb":{"@id":"https:\/\/bepro.hu\/de\/karriere\/designer-produktionsvorbereiter\/#breadcrumb"},"inLanguage":"de","potentialAction":[{"@type":"ReadAction","target":["https:\/\/bepro.hu\/de\/karriere\/designer-produktionsvorbereiter\/"]}]},{"@type":"BreadcrumbList","@id":"https:\/\/bepro.hu\/de\/karriere\/designer-produktionsvorbereiter\/#breadcrumb","itemListElement":[{"@type":"ListItem","position":1,"name":"Kezd\u0151lap","item":"https:\/\/bepro.hu\/de\/hauptseite\/"},{"@type":"ListItem","position":2,"name":"Karriere","item":"https:\/\/bepro.hu\/de\/karriere\/"},{"@type":"ListItem","position":3,"name":"Designer, Produktionsvorbereiter"}]},{"@type":"WebSite","@id":"https:\/\/bepro.hu\/de\/#website","url":"https:\/\/bepro.hu\/de\/","name":"Bepro Signfactory","description":"","potentialAction":[{"@type":"SearchAction","target":{"@type":"EntryPoint","urlTemplate":"https:\/\/bepro.hu\/de\/?s={search_term_string}"},"query-input":{"@type":"PropertyValueSpecification","valueRequired":true,"valueName":"search_term_string"}}],"inLanguage":"de"}]}},"_links":{"self":[{"href":"https:\/\/bepro.hu\/de\/wp-json\/wp\/v2\/pages\/4771","targetHints":{"allow":["GET"]}}],"collection":[{"href":"https:\/\/bepro.hu\/de\/wp-json\/wp\/v2\/pages"}],"about":[{"href":"https:\/\/bepro.hu\/de\/wp-json\/wp\/v2\/types\/page"}],"author":[{"embeddable":true,"href":"https:\/\/bepro.hu\/de\/wp-json\/wp\/v2\/users\/1"}],"replies":[{"embeddable":true,"href":"https:\/\/bepro.hu\/de\/wp-json\/wp\/v2\/comments?post=4771"}],"version-history":[{"count":1,"href":"https:\/\/bepro.hu\/de\/wp-json\/wp\/v2\/pages\/4771\/revisions"}],"predecessor-version":[{"id":4775,"href":"https:\/\/bepro.hu\/de\/wp-json\/wp\/v2\/pages\/4771\/revisions\/4775"}],"up":[{"embeddable":true,"href":"https:\/\/bepro.hu\/de\/wp-json\/wp\/v2\/pages\/4580"}],"wp:attachment":[{"href":"https:\/\/bepro.hu\/de\/wp-json\/wp\/v2\/media?parent=4771"}],"curies":[{"name":"wp","href":"https:\/\/api.w.org\/{rel}","templated":true}]}}