{"id":5251,"date":"2025-05-14T09:52:37","date_gmt":"2025-05-14T07:52:37","guid":{"rendered":"https:\/\/bepro.hu\/karriere\/finanzbeamter\/"},"modified":"2025-05-16T18:36:01","modified_gmt":"2025-05-16T16:36:01","slug":"finanzbeamter","status":"publish","type":"page","link":"https:\/\/bepro.hu\/de\/karriere\/finanzbeamter\/","title":{"rendered":"Finanzbeamter"},"content":{"rendered":"<section class=\"wpb-content-wrapper\"><p>[vc_row][vc_column]<div class=\"tm-element-heading-wrapper tm-heading-inner tm-element-align-left tm-seperator-solid tm-heading-style-vertical \"><section class=\"tm-vc_cta3-container\"><div class=\"tm-vc_general tm-vc_cta3 tm-cta3-only tm-vc_cta3-style-classic tm-vc_cta3-shape-rounded tm-vc_cta3-align-left tm-vc_cta3-color-transparent tm-vc_cta3-icon-size-md tm-vc_cta3-actions-no tm-cta3-with-desc\"><div class=\"tm-vc_cta3_content-container\"><div class=\"tm-vc_cta3-content\"><header class=\"tm-vc_cta3-content-header tm-wrap\"><div class=\"tm-vc_cta3-headers tm-wrap-cell\"><h4 class=\"tm-custom-heading \" >Poz\u00edci\u00f3<\/h4>\n<h2 class=\"tm-custom-heading \" >P\u00e9nz\u00fcgyi munkat\u00e1rs<\/h2>\n<\/div><div class=\"heading-seperator\"><span><\/span><\/div><\/header><div class=\"tm-cta3-content-wrapper\">\n<p data-olk-copy-source=\"MessageBody\">A Bepro Signfactory Kft. p\u00e9nz\u00fcgyi csapat\u00e1ba keres\u00fcnk olyan elk\u00f6telezett \u00e9s gyakorlatorient\u00e1lt szakembert, aki nemcsak kiv\u00e1l\u00f3an haszn\u00e1lja az Excelt (pivot, f\u00fcggv\u00e9nyek, makr\u00f3z\u00e1s), hanem \u00e9rti a p\u00e9nz\u00fcgyi folyamatok \u00fczleti \u00f6sszef\u00fcgg\u00e9seit is.<\/p>\n<p>Leend\u0151 koll\u00e9g\u00e1nk akt\u00edvan r\u00e9szt vesz a p\u00e9nz\u00fcgyi riport\u00e1l\u00e1sban, projektut\u00f3kalkul\u00e1ci\u00f3kban, b\u00f3nuszsz\u00e1m\u00edt\u00e1sokban \u00e9s kontrolling jelleg\u0171 feladatokban, k\u00f6zvetlen hat\u00e1ssal a v\u00e1llalat hat\u00e9konys\u00e1g\u00e1ra \u00e9s eredm\u00e9nyess\u00e9g\u00e9re.<\/p>\n<p>Ha prec\u00edz, analitikus gondolkod\u00e1s\u00fa vagy, \u00e9rdekel a projektalap\u00fa gy\u00e1rt\u00e1s p\u00e9nz\u00fcgyi h\u00e1ttere, \u00e9s fejl\u0151dni szeretn\u00e9l egy stabil, nemzetk\u00f6zi partnerekkel dolgoz\u00f3 magyar tulajdon\u00fa kisv\u00e1llalatn\u00e1l \u2013 v\u00e1rjuk jelentkez\u00e9sedet.<\/p><\/div><\/div><\/div><\/div><\/section><\/div> <!-- .tm-element-heading-wrapper container --> [vc_column_text]<b>Standort:<\/b> Budapest, XI. Bezirk, Budafoki \u00fat 183. <\/p>\n<p><b>Arbeit:<\/b> Vollzeit, Teilzeit pro Woche&nbsp;mit <b>Home-Office-Einrichtungen<\/b> <\/p>\n<div align=\"center\">\n<hr align=\"center\" size=\"1\" width=\"100%\">\n<\/div>\n<p><b>Nach wem suchen wir?<\/b><\/p>\n<p>Ein pr\u00e4ziser, logischer Denker,&nbsp;einen Finanzfachmann <b>mit ausgezeichneten Excel-Kenntnissen<\/b>, der sich gerne mit Zahlen besch\u00e4ftigt, aber auch die Zusammenh\u00e4nge hinter den Gesch\u00e4ftsprozessen verstehen m\u00f6chte.<\/p>\n<div align=\"center\">\n<hr align=\"center\" size=\"1\" width=\"100%\">\n<\/div>\n<p><b>Sie werden Aufgaben haben:<\/b><\/p>\n<ul type=\"disc\">\n<li>Erstellung von Finanzausweisen, Berichten und Analysen zur Unterst\u00fctzung von Managemententscheidungen<\/li>\n<li><b>Erstellung von Projektnachkalkulationen und Rentabilit\u00e4tsstudien<\/b><\/li>\n<li>Durchf\u00fchrung von <b>Bonusberechnungen<\/b> auf der Grundlage des internen Anreizsystems<\/li>\n<li><b>Durchf\u00fchrung von Controllingaufgaben<\/b>, z.B. Kosten\u00fcberwachung, Plan-Fakt-Analyse, Verfolgung von Indikatoren<\/li>\n<li><b>Bereitstellung von Daten f\u00fcr die Finanzplanung<\/b>, interne Statistiken und Managementerkl\u00e4rungen<\/li>\n<li><b>Fakturierung, Pr\u00fcfung und Erfassung von Eingangsrechnungen<\/b> im Buchhaltungssystem<\/li>\n<li><b>Erstellung einer \u00dcberweisungsliste<\/b>, Erfassung von Bank\u00fcberweisungen<\/li>\n<li><b>Verwaltung und Abgleich von Einbehaltungen<\/b><\/li>\n<li><b>Bereitstellung von Daten f\u00fcr die externe Buchhaltung<\/b>, Finanzstatistiken und Planungsdaten<\/li>\n<li><b>Excel-basierte Datenverarbeitung, Makros, Pivot-Tabellen,<\/b> Verwendung <b>komplexer Funktionen<\/b> <\/li>\n<li>Unterst\u00fctzung des Monatsabschlusses, F\u00fchrung von Aufzeichnungen<\/li>\n<\/ul>\n<div align=\"center\">\n<hr align=\"center\" size=\"0\" width=\"100%\">\n<\/div>\n<p><b>Was wir erwarten:<\/b><\/p>\n<ul type=\"disc\">\n<li>Ausgepr\u00e4gte <b>Excel-Kenntnisse<\/b> (Pivot-Tabellen, komplexe Funktionen, Makros von Vorteil)<\/li>\n<li>Pr\u00e4zision, analytisches Denken<\/li>\n<li>Mindestens 2-3 Jahre Erfahrung in einer \u00e4hnlichen Funktion<\/li>\n<li>Finanzielle oder wirtschaftliche Qualifikationen<\/li>\n<li>Verl\u00e4sslichkeit, Diskretion und Autonomie<\/li>\n<\/ul>\n<div align=\"center\">\n<hr align=\"center\" size=\"0\" width=\"100%\">\n<\/div>\n<p><b>Ein Vorteil:<\/b><\/p>\n<ul type=\"disc\">\n<li>Erfahrung\/Interesse an Controlling oder Finanzanalyse<\/li>\n<\/ul>\n<ul type=\"disc\">\n<li>VBA-Kenntnisse (Visual Basic for Applications &#8211; Automatisierung in Excel)<\/li>\n<li>Erfahrung in einem produzierenden oder projektorientierten Unternehmen<\/li>\n<li>Kenntnisse der Systeme MiniCRM und\/oder Company Manager<\/li>\n<\/ul>\n<div align=\"center\">\n<hr align=\"center\" size=\"0\" width=\"100%\">\n<\/div>\n<p><b>Was wir anbieten:<\/b><\/p>\n<ul type=\"disc\">\n<li>Stabiler Hintergrund, langfristige Besch\u00e4ftigungsm\u00f6glichkeiten<\/li>\n<li>Famili\u00e4res Arbeitsumfeld<\/li>\n<li>Teilweise <b>Home Office Einrichtung<\/b><\/li>\n<li>Verantwortung und berufliche Entwicklungsm\u00f6glichkeiten verdienen<\/li>\n<li>Flexible Einstellung, unterst\u00fctzende F\u00fchrung<\/li>\n<\/ul>\n<div align=\"center\">\n<hr align=\"center\" size=\"0\" width=\"100%\">\n<\/div>\n<p><b>Wie Sie sich bewerben:<\/b><\/p>\n<p>Senden Sie Ihren Lebenslauf mit einem Foto an&nbsp;<b><a id=\"LPlnk673039\" title=\"mailto:gabor.kovacs@bepro.hu\" href=\"mailto:gabor.kovacs@bepro.hu\" data-linkindex=\"0\">gabor.kovacs@bepro.hu<\/a><\/b> mit der Betreffzeile<b>&#8220;Financial Officer<\/b>&#8220;.[\/vc_column_text][\/vc_column][\/vc_row]<\/p>\n<\/section>","protected":false},"excerpt":{"rendered":"<p>[vc_row][vc_column][vc_column_text]Standort: Budapest, XI. Bezirk, Budafoki \u00fat 183. Arbeit: Vollzeit, Teilzeit pro Woche&nbsp;mit Home-Office-Einrichtungen Nach wem suchen wir? Ein pr\u00e4ziser, logischer Denker,&nbsp;einen Finanzfachmann mit ausgezeichneten Excel-Kenntnissen, der sich gerne mit Zahlen besch\u00e4ftigt, aber auch die Zusammenh\u00e4nge hinter den Gesch\u00e4ftsprozessen verstehen m\u00f6chte. Sie werden Aufgaben haben: Erstellung von Finanzausweisen, Berichten und Analysen zur Unterst\u00fctzung von Managemententscheidungen Erstellung &hellip; <a href=\"https:\/\/bepro.hu\/de\/karriere\/finanzbeamter\/\" class=\"more-link\">Continue reading <span class=\"screen-reader-text\">Finanzbeamter<\/span><\/a><\/p>\n","protected":false},"author":1,"featured_media":0,"parent":4580,"menu_order":0,"comment_status":"closed","ping_status":"closed","template":"","meta":{"_monsterinsights_skip_tracking":false,"_monsterinsights_sitenote_active":false,"_monsterinsights_sitenote_note":"","_monsterinsights_sitenote_category":0,"ngg_post_thumbnail":0,"footnotes":""},"class_list":["post-5251","page","type-page","status-publish","hentry"],"yoast_head":"<!-- This site is optimized with the Yoast SEO plugin v27.0 - https:\/\/yoast.com\/product\/yoast-seo-wordpress\/ -->\n<title>Finanzbeamter - Bepro Signfactory<\/title>\n<meta name=\"robots\" content=\"index, follow, max-snippet:-1, max-image-preview:large, max-video-preview:-1\" \/>\n<link rel=\"canonical\" href=\"https:\/\/bepro.hu\/de\/karriere\/finanzbeamter\/\" \/>\n<meta property=\"og:locale\" content=\"de_DE\" \/>\n<meta property=\"og:type\" content=\"article\" \/>\n<meta property=\"og:title\" content=\"Finanzbeamter - Bepro Signfactory\" \/>\n<meta property=\"og:description\" content=\"[vc_row][vc_column][vc_column_text]Standort: Budapest, XI. Bezirk, Budafoki \u00fat 183. Arbeit: Vollzeit, Teilzeit pro Woche&nbsp;mit Home-Office-Einrichtungen Nach wem suchen wir? Ein pr\u00e4ziser, logischer Denker,&nbsp;einen Finanzfachmann mit ausgezeichneten Excel-Kenntnissen, der sich gerne mit Zahlen besch\u00e4ftigt, aber auch die Zusammenh\u00e4nge hinter den Gesch\u00e4ftsprozessen verstehen m\u00f6chte. Sie werden Aufgaben haben: Erstellung von Finanzausweisen, Berichten und Analysen zur Unterst\u00fctzung von Managemententscheidungen Erstellung &hellip; Continue reading Finanzbeamter\" \/>\n<meta property=\"og:url\" content=\"https:\/\/bepro.hu\/de\/karriere\/finanzbeamter\/\" \/>\n<meta property=\"og:site_name\" content=\"Bepro Signfactory\" \/>\n<meta property=\"article:modified_time\" content=\"2025-05-16T16:36:01+00:00\" \/>\n<meta name=\"twitter:card\" content=\"summary_large_image\" \/>\n<meta name=\"twitter:label1\" content=\"Gesch\u00e4tzte Lesezeit\" \/>\n\t<meta name=\"twitter:data1\" content=\"2\u00a0Minuten\" \/>\n<!-- \/ Yoast SEO plugin. -->","yoast_head_json":{"title":"Finanzbeamter - Bepro Signfactory","robots":{"index":"index","follow":"follow","max-snippet":"max-snippet:-1","max-image-preview":"max-image-preview:large","max-video-preview":"max-video-preview:-1"},"canonical":"https:\/\/bepro.hu\/de\/karriere\/finanzbeamter\/","og_locale":"de_DE","og_type":"article","og_title":"Finanzbeamter - Bepro Signfactory","og_description":"[vc_row][vc_column][vc_column_text]Standort: Budapest, XI. Bezirk, Budafoki \u00fat 183. Arbeit: Vollzeit, Teilzeit pro Woche&nbsp;mit Home-Office-Einrichtungen Nach wem suchen wir? Ein pr\u00e4ziser, logischer Denker,&nbsp;einen Finanzfachmann mit ausgezeichneten Excel-Kenntnissen, der sich gerne mit Zahlen besch\u00e4ftigt, aber auch die Zusammenh\u00e4nge hinter den Gesch\u00e4ftsprozessen verstehen m\u00f6chte. Sie werden Aufgaben haben: Erstellung von Finanzausweisen, Berichten und Analysen zur Unterst\u00fctzung von Managemententscheidungen Erstellung &hellip; Continue reading Finanzbeamter","og_url":"https:\/\/bepro.hu\/de\/karriere\/finanzbeamter\/","og_site_name":"Bepro Signfactory","article_modified_time":"2025-05-16T16:36:01+00:00","twitter_card":"summary_large_image","twitter_misc":{"Gesch\u00e4tzte Lesezeit":"2\u00a0Minuten"},"schema":{"@context":"https:\/\/schema.org","@graph":[{"@type":"WebPage","@id":"https:\/\/bepro.hu\/de\/karriere\/finanzbeamter\/","url":"https:\/\/bepro.hu\/de\/karriere\/finanzbeamter\/","name":"Finanzbeamter - Bepro Signfactory","isPartOf":{"@id":"https:\/\/bepro.hu\/de\/#website"},"datePublished":"2025-05-14T07:52:37+00:00","dateModified":"2025-05-16T16:36:01+00:00","breadcrumb":{"@id":"https:\/\/bepro.hu\/de\/karriere\/finanzbeamter\/#breadcrumb"},"inLanguage":"de","potentialAction":[{"@type":"ReadAction","target":["https:\/\/bepro.hu\/de\/karriere\/finanzbeamter\/"]}]},{"@type":"BreadcrumbList","@id":"https:\/\/bepro.hu\/de\/karriere\/finanzbeamter\/#breadcrumb","itemListElement":[{"@type":"ListItem","position":1,"name":"Kezd\u0151lap","item":"https:\/\/bepro.hu\/de\/hauptseite\/"},{"@type":"ListItem","position":2,"name":"Karriere","item":"https:\/\/bepro.hu\/de\/karriere\/"},{"@type":"ListItem","position":3,"name":"Finanzbeamter"}]},{"@type":"WebSite","@id":"https:\/\/bepro.hu\/de\/#website","url":"https:\/\/bepro.hu\/de\/","name":"Bepro Signfactory","description":"","potentialAction":[{"@type":"SearchAction","target":{"@type":"EntryPoint","urlTemplate":"https:\/\/bepro.hu\/de\/?s={search_term_string}"},"query-input":{"@type":"PropertyValueSpecification","valueRequired":true,"valueName":"search_term_string"}}],"inLanguage":"de"}]}},"_links":{"self":[{"href":"https:\/\/bepro.hu\/de\/wp-json\/wp\/v2\/pages\/5251","targetHints":{"allow":["GET"]}}],"collection":[{"href":"https:\/\/bepro.hu\/de\/wp-json\/wp\/v2\/pages"}],"about":[{"href":"https:\/\/bepro.hu\/de\/wp-json\/wp\/v2\/types\/page"}],"author":[{"embeddable":true,"href":"https:\/\/bepro.hu\/de\/wp-json\/wp\/v2\/users\/1"}],"replies":[{"embeddable":true,"href":"https:\/\/bepro.hu\/de\/wp-json\/wp\/v2\/comments?post=5251"}],"version-history":[{"count":12,"href":"https:\/\/bepro.hu\/de\/wp-json\/wp\/v2\/pages\/5251\/revisions"}],"predecessor-version":[{"id":5281,"href":"https:\/\/bepro.hu\/de\/wp-json\/wp\/v2\/pages\/5251\/revisions\/5281"}],"up":[{"embeddable":true,"href":"https:\/\/bepro.hu\/de\/wp-json\/wp\/v2\/pages\/4580"}],"wp:attachment":[{"href":"https:\/\/bepro.hu\/de\/wp-json\/wp\/v2\/media?parent=5251"}],"curies":[{"name":"wp","href":"https:\/\/api.w.org\/{rel}","templated":true}]}}