{"id":5411,"date":"2025-06-26T07:15:52","date_gmt":"2025-06-26T05:15:52","guid":{"rendered":"https:\/\/bepro.hu\/karriere\/technische-vorbereitung-rechner\/"},"modified":"2025-06-26T07:26:31","modified_gmt":"2025-06-26T05:26:31","slug":"technische-vorbereitung-rechner","status":"publish","type":"page","link":"https:\/\/bepro.hu\/de\/karriere\/technische-vorbereitung-rechner\/","title":{"rendered":"Technische Vorbereitung \/ Rechner"},"content":{"rendered":"<section class=\"wpb-content-wrapper\"><p>[vc_row][vc_column]<div class=\"tm-element-heading-wrapper tm-heading-inner tm-element-align-left tm-seperator-solid tm-heading-style-vertical \"><section class=\"tm-vc_cta3-container\"><div class=\"tm-vc_general tm-vc_cta3 tm-cta3-only tm-vc_cta3-style-classic tm-vc_cta3-shape-rounded tm-vc_cta3-align-left tm-vc_cta3-color-transparent tm-vc_cta3-icon-size-md tm-vc_cta3-actions-no tm-cta3-with-desc\"><div class=\"tm-vc_cta3_content-container\"><div class=\"tm-vc_cta3-content\"><header class=\"tm-vc_cta3-content-header tm-wrap\"><div class=\"tm-vc_cta3-headers tm-wrap-cell\"><h4 class=\"tm-custom-heading \" >Poz\u00edci\u00f3<\/h4>\n<h2 class=\"tm-custom-heading \" >M\u0171szaki el\u0151k\u00e9sz\u00edt\u0151 \/ kalkul\u00e1tor<\/h2>\n<\/div><div class=\"heading-seperator\"><span><\/span><\/div><\/header><div class=\"tm-cta3-content-wrapper\">\n<p class=\"x_MsoNormal\"><span data-olk-copy-source=\"MessageBody\">\ud83d\udccd<\/span>&nbsp;<b>Munkav\u00e9gz\u00e9s helye<\/b>: Budapest, XI. ker\u00fclet<\/p>\n<p class=\"x_MsoNormal\">\ud83d\udd52&nbsp;<b>Munkarend<\/b>: Teljes munkaid\u0151<\/p>\n<p class=\"x_MsoNormal\">\ud83d\udcc5&nbsp;<b>Kezd\u00e9s<\/b>: Megbesz\u00e9l\u00e9s szerint<\/p>\n<p><\/div><\/div><\/div><\/div><\/section><\/div> <!-- .tm-element-heading-wrapper container --> [vc_column_text]<\/p>\n<p class=\"x_MsoNormal\"><b><span data-olk-copy-source=\"MessageBody\">\ud83d\udd27<\/span><\/b><b> Seien Sie bei der Entstehung spektakul\u00e4rer Projekte dabei!<\/b><\/p>\n<p class=\"x_MsoNormal\">A&nbsp;<b>Bepro Signfactory Ltd.<\/b> produziert seit mehr als 13 Jahren&nbsp;<b>Premium-Werbeschilder, Leuchtbuchstaben, Totems und einzigartige Geb\u00e4udedekorationsl\u00f6sungen<\/b> f\u00fcr gro\u00dfe internationale Marken. Jetzt &nbsp;Wir suchen einen <b>Technical Preparation \/ Estimator<\/b>, der eine Schl\u00fcsselrolle bei der Unterst\u00fctzung der Wirtschafts- und Produktionsplanung unserer Projekte spielt.<\/p>\n<div class=\"x_MsoNormal\" align=\"center\">\n<hr align=\"center\" size=\"0\" width=\"100%\">\n<\/div>\n<p class=\"x_MsoNormal\"><b>\ud83d\udee0\ufe0f<\/b><b> Sie werden Aufgaben haben:<\/b><\/p>\n<ul type=\"disc\">\n<li class=\"x_MsoNormal\"><b>Erstellung von Selbstkostenkalkulationen<\/b> f\u00fcr herzustellende Produkte<\/li>\n<li class=\"x_MsoNormal\">Erstellung von <b>Sch\u00e4tzungen auf Projektebene<\/b> (Produktions- und Baukosten vor Ort)<\/li>\n<li class=\"x_MsoNormal\">Bearbeitung und Interpretation von <b>Ausschreibungen und Aufforderungen zur Einreichung von Vorschl\u00e4gen<\/b> unter technischen und Kostengesichtspunkten<\/li>\n<li class=\"x_MsoNormal\">Kontaktaufnahme mit <b>Designern, Projektmanagern, Produktion<\/b><\/li>\n<li class=\"x_MsoNormal\"><b>Ermitteln Sie den Materialbedarf<\/b>, bereiten Sie den Einkauf vor<\/li>\n<li class=\"x_MsoNormal\"><b>Technologische Unterst\u00fctzung f\u00fcr<\/b> Herstellungs- und Konstruktionsprozesse, Vorschl\u00e4ge f\u00fcr kosteng\u00fcnstige L\u00f6sungen<\/li>\n<li class=\"x_MsoNormal\">Erstellung von <b>Produktionsunterlagen und Implementierungspaketen<\/b> <\/li>\n<li class=\"x_MsoNormal\"><b>Pflege von Kostendatenbanken<\/b>, Entwicklung von internen Kalkulationsvorlagen<\/li>\n<\/ul>\n<div class=\"x_MsoNormal\" align=\"center\">\n<hr align=\"center\" size=\"0\" width=\"100%\">\n<\/div>\n<p class=\"x_MsoNormal\"><b>\ud83c\udfaf<\/b><b> Was wir erwarten:<\/b><\/p>\n<ul type=\"disc\">\n<li class=\"x_MsoNormal\">Technische Qualifikationen (Bauwesen, Maschinenbau, Metallurgie, Ingenieurwesen oder \u00e4hnliches)<\/li>\n<li class=\"x_MsoNormal\">Mindestens 2 Jahre Erfahrung als technischer Vorbereiter oder Kalkulator<\/li>\n<li class=\"x_MsoNormal\">Kenntnisse im Lesen und Interpretieren von technischen Zeichnungen<\/li>\n<li class=\"x_MsoNormal\">Sicherer Umgang mit MS Excel (Formeln, Tabellen, Suchen)<\/li>\n<li class=\"x_MsoNormal\">Unabh\u00e4ngigkeit, Pr\u00e4zision, systemischer Ansatz<\/li>\n<li class=\"x_MsoNormal\">Gute Kommunikationsf\u00e4higkeiten, Arbeit im Team<\/li>\n<\/ul>\n<p class=\"x_MsoNormal\"><b>Vorteil:<\/b><\/p>\n<ul type=\"disc\">\n<li class=\"x_MsoNormal\">Kenntnisse in AutoCAD oder einer anderen CAD-Software<\/li>\n<li class=\"x_MsoNormal\">Erfahrung in den Bereichen Werbung, Druck oder Bauproduktion<\/li>\n<li class=\"x_MsoNormal\">Beherrschung der Konstruktion vor Ort<\/li>\n<\/ul>\n<div class=\"x_MsoNormal\" align=\"center\">\n<hr align=\"center\" size=\"0\" width=\"100%\">\n<\/div>\n<p class=\"x_MsoNormal\"><b>\ud83c\udf81<\/b><b> Was wir anbieten:<\/b><\/p>\n<ul type=\"disc\">\n<li class=\"x_MsoNormal\">Stabiles, zu 100% in ungarischem Besitz befindliches Unternehmen<\/li>\n<li class=\"x_MsoNormal\">Faire, leistungsbezogene Verg\u00fctung<\/li>\n<li class=\"x_MsoNormal\">Vielf\u00e4ltige, spektakul\u00e4re Projekte, internationale Kundschaft<\/li>\n<li class=\"x_MsoNormal\">Ein flexibles, menschenfreundliches Arbeitsumfeld<\/li>\n<li class=\"x_MsoNormal\">Berufliche Entwicklungsm\u00f6glichkeiten, langfristiger Karriereweg<\/li>\n<li class=\"x_MsoNormal\">Familienfreundliche Einstellung, unterst\u00fctzendes Team<\/li>\n<\/ul>\n<div class=\"x_MsoNormal\" align=\"center\">\n<hr align=\"center\" size=\"0\" width=\"100%\">\n<\/div>\n<p class=\"x_MsoNormal\"><b>\ud83d\udce9<\/b><b> Wie Sie sich bewerben:<\/b><\/p>\n<p class=\"x_MsoNormal\">Bitte senden Sie Ihren Lebenslauf und Ihr Anschreiben an die folgende Adresse<\/p>\n<p class=\"x_MsoNormal\">\ud83d\udce7<b><a id=\"LPlnk189205\" title=\"mailto:gabor.kovacs@bepro.hu\" href=\"mailto:gabor.kovacs@bepro.hu\">gabor.kovacs@bepro.hu<\/a><\/b> E-Mail Adresse!<\/p>\n<p class=\"x_MsoNormal\">\ud83d\udcde F\u00fcr weitere Informationen: <b>+36 30 944 5233<\/b><\/p>\n<p class=\"x_MsoNormal\">Betreff: <b>Technischer Vorbereitungsantrag<\/b><\/p>\n<p>[\/vc_column_text][\/vc_column][\/vc_row]<\/p>\n<\/section>","protected":false},"excerpt":{"rendered":"<p>[vc_row][vc_column][vc_column_text] \ud83d\udd27 Seien Sie bei der Entstehung spektakul\u00e4rer Projekte dabei! A&nbsp;Bepro Signfactory Ltd. produziert seit mehr als 13 Jahren&nbsp;Premium-Werbeschilder, Leuchtbuchstaben, Totems und einzigartige Geb\u00e4udedekorationsl\u00f6sungen f\u00fcr gro\u00dfe internationale Marken. Jetzt &nbsp;Wir suchen einen Technical Preparation \/ Estimator, der eine Schl\u00fcsselrolle bei der Unterst\u00fctzung der Wirtschafts- und Produktionsplanung unserer Projekte spielt. \ud83d\udee0\ufe0f Sie werden Aufgaben haben: Erstellung &hellip; <a href=\"https:\/\/bepro.hu\/de\/karriere\/technische-vorbereitung-rechner\/\" class=\"more-link\">Continue reading <span class=\"screen-reader-text\">Technische Vorbereitung \/ Rechner<\/span><\/a><\/p>\n","protected":false},"author":1,"featured_media":0,"parent":4580,"menu_order":0,"comment_status":"closed","ping_status":"closed","template":"","meta":{"_monsterinsights_skip_tracking":false,"_monsterinsights_sitenote_active":false,"_monsterinsights_sitenote_note":"","_monsterinsights_sitenote_category":0,"ngg_post_thumbnail":0,"footnotes":""},"class_list":["post-5411","page","type-page","status-publish","hentry"],"yoast_head":"<!-- This site is optimized with the Yoast SEO plugin v27.0 - https:\/\/yoast.com\/product\/yoast-seo-wordpress\/ -->\n<title>Technische Vorbereitung \/ Rechner - Bepro Signfactory<\/title>\n<meta name=\"robots\" content=\"index, follow, max-snippet:-1, max-image-preview:large, max-video-preview:-1\" \/>\n<link rel=\"canonical\" href=\"https:\/\/bepro.hu\/de\/karriere\/technische-vorbereitung-rechner\/\" \/>\n<meta property=\"og:locale\" content=\"de_DE\" \/>\n<meta property=\"og:type\" content=\"article\" \/>\n<meta property=\"og:title\" content=\"Technische Vorbereitung \/ Rechner - Bepro Signfactory\" \/>\n<meta property=\"og:description\" content=\"[vc_row][vc_column][vc_column_text] \ud83d\udd27 Seien Sie bei der Entstehung spektakul\u00e4rer Projekte dabei! A&nbsp;Bepro Signfactory Ltd. produziert seit mehr als 13 Jahren&nbsp;Premium-Werbeschilder, Leuchtbuchstaben, Totems und einzigartige Geb\u00e4udedekorationsl\u00f6sungen f\u00fcr gro\u00dfe internationale Marken. Jetzt &nbsp;Wir suchen einen Technical Preparation \/ Estimator, der eine Schl\u00fcsselrolle bei der Unterst\u00fctzung der Wirtschafts- und Produktionsplanung unserer Projekte spielt. \ud83d\udee0\ufe0f Sie werden Aufgaben haben: Erstellung &hellip; Continue reading Technische Vorbereitung \/ Rechner\" \/>\n<meta property=\"og:url\" content=\"https:\/\/bepro.hu\/de\/karriere\/technische-vorbereitung-rechner\/\" \/>\n<meta property=\"og:site_name\" content=\"Bepro Signfactory\" \/>\n<meta property=\"article:modified_time\" content=\"2025-06-26T05:26:31+00:00\" \/>\n<meta name=\"twitter:card\" content=\"summary_large_image\" \/>\n<meta name=\"twitter:label1\" content=\"Gesch\u00e4tzte Lesezeit\" \/>\n\t<meta name=\"twitter:data1\" content=\"2\u00a0Minuten\" \/>\n<!-- \/ Yoast SEO plugin. -->","yoast_head_json":{"title":"Technische Vorbereitung \/ Rechner - Bepro Signfactory","robots":{"index":"index","follow":"follow","max-snippet":"max-snippet:-1","max-image-preview":"max-image-preview:large","max-video-preview":"max-video-preview:-1"},"canonical":"https:\/\/bepro.hu\/de\/karriere\/technische-vorbereitung-rechner\/","og_locale":"de_DE","og_type":"article","og_title":"Technische Vorbereitung \/ Rechner - Bepro Signfactory","og_description":"[vc_row][vc_column][vc_column_text] \ud83d\udd27 Seien Sie bei der Entstehung spektakul\u00e4rer Projekte dabei! A&nbsp;Bepro Signfactory Ltd. produziert seit mehr als 13 Jahren&nbsp;Premium-Werbeschilder, Leuchtbuchstaben, Totems und einzigartige Geb\u00e4udedekorationsl\u00f6sungen f\u00fcr gro\u00dfe internationale Marken. Jetzt &nbsp;Wir suchen einen Technical Preparation \/ Estimator, der eine Schl\u00fcsselrolle bei der Unterst\u00fctzung der Wirtschafts- und Produktionsplanung unserer Projekte spielt. \ud83d\udee0\ufe0f Sie werden Aufgaben haben: Erstellung &hellip; Continue reading Technische Vorbereitung \/ Rechner","og_url":"https:\/\/bepro.hu\/de\/karriere\/technische-vorbereitung-rechner\/","og_site_name":"Bepro Signfactory","article_modified_time":"2025-06-26T05:26:31+00:00","twitter_card":"summary_large_image","twitter_misc":{"Gesch\u00e4tzte Lesezeit":"2\u00a0Minuten"},"schema":{"@context":"https:\/\/schema.org","@graph":[{"@type":"WebPage","@id":"https:\/\/bepro.hu\/de\/karriere\/technische-vorbereitung-rechner\/","url":"https:\/\/bepro.hu\/de\/karriere\/technische-vorbereitung-rechner\/","name":"Technische Vorbereitung \/ Rechner - Bepro Signfactory","isPartOf":{"@id":"https:\/\/bepro.hu\/de\/#website"},"datePublished":"2025-06-26T05:15:52+00:00","dateModified":"2025-06-26T05:26:31+00:00","breadcrumb":{"@id":"https:\/\/bepro.hu\/de\/karriere\/technische-vorbereitung-rechner\/#breadcrumb"},"inLanguage":"de","potentialAction":[{"@type":"ReadAction","target":["https:\/\/bepro.hu\/de\/karriere\/technische-vorbereitung-rechner\/"]}]},{"@type":"BreadcrumbList","@id":"https:\/\/bepro.hu\/de\/karriere\/technische-vorbereitung-rechner\/#breadcrumb","itemListElement":[{"@type":"ListItem","position":1,"name":"Kezd\u0151lap","item":"https:\/\/bepro.hu\/de\/hauptseite\/"},{"@type":"ListItem","position":2,"name":"Karriere","item":"https:\/\/bepro.hu\/de\/karriere\/"},{"@type":"ListItem","position":3,"name":"Technische Vorbereitung \/ Rechner"}]},{"@type":"WebSite","@id":"https:\/\/bepro.hu\/de\/#website","url":"https:\/\/bepro.hu\/de\/","name":"Bepro Signfactory","description":"","potentialAction":[{"@type":"SearchAction","target":{"@type":"EntryPoint","urlTemplate":"https:\/\/bepro.hu\/de\/?s={search_term_string}"},"query-input":{"@type":"PropertyValueSpecification","valueRequired":true,"valueName":"search_term_string"}}],"inLanguage":"de"}]}},"_links":{"self":[{"href":"https:\/\/bepro.hu\/de\/wp-json\/wp\/v2\/pages\/5411","targetHints":{"allow":["GET"]}}],"collection":[{"href":"https:\/\/bepro.hu\/de\/wp-json\/wp\/v2\/pages"}],"about":[{"href":"https:\/\/bepro.hu\/de\/wp-json\/wp\/v2\/types\/page"}],"author":[{"embeddable":true,"href":"https:\/\/bepro.hu\/de\/wp-json\/wp\/v2\/users\/1"}],"replies":[{"embeddable":true,"href":"https:\/\/bepro.hu\/de\/wp-json\/wp\/v2\/comments?post=5411"}],"version-history":[{"count":2,"href":"https:\/\/bepro.hu\/de\/wp-json\/wp\/v2\/pages\/5411\/revisions"}],"predecessor-version":[{"id":5423,"href":"https:\/\/bepro.hu\/de\/wp-json\/wp\/v2\/pages\/5411\/revisions\/5423"}],"up":[{"embeddable":true,"href":"https:\/\/bepro.hu\/de\/wp-json\/wp\/v2\/pages\/4580"}],"wp:attachment":[{"href":"https:\/\/bepro.hu\/de\/wp-json\/wp\/v2\/media?parent=5411"}],"curies":[{"name":"wp","href":"https:\/\/api.w.org\/{rel}","templated":true}]}}