{"id":5542,"date":"2025-08-07T07:19:27","date_gmt":"2025-08-07T05:19:27","guid":{"rendered":"https:\/\/bepro.hu\/karriere\/installateur-vor-ort\/"},"modified":"2025-09-01T14:32:09","modified_gmt":"2025-09-01T12:32:09","slug":"installateur-vor-ort","status":"publish","type":"page","link":"https:\/\/bepro.hu\/de\/karriere\/installateur-vor-ort\/","title":{"rendered":"Installateur vor Ort"},"content":{"rendered":"<section class=\"wpb-content-wrapper\"><p>[vc_row][vc_column]<div class=\"tm-element-heading-wrapper tm-heading-inner tm-element-align-left tm-seperator-solid tm-heading-style-vertical \"><section class=\"tm-vc_cta3-container\"><div class=\"tm-vc_general tm-vc_cta3 tm-cta3-only tm-vc_cta3-style-classic tm-vc_cta3-shape-rounded tm-vc_cta3-align-left tm-vc_cta3-color-transparent tm-vc_cta3-icon-size-md tm-vc_cta3-actions-no tm-cta3-with-desc\"><div class=\"tm-vc_cta3_content-container\"><div class=\"tm-vc_cta3-content\"><header class=\"tm-vc_cta3-content-header tm-wrap\"><div class=\"tm-vc_cta3-headers tm-wrap-cell\"><h4 class=\"tm-custom-heading \" >Poz\u00edci\u00f3<\/h4>\n<h2 class=\"tm-custom-heading \" >HELYSZ\u00cdNI SZEREL\u0150<\/h2>\n<\/div><div class=\"heading-seperator\"><span><\/span><\/div><\/header><div class=\"tm-cta3-content-wrapper\">\n<p class=\"x_MsoNormal\"><b><span data-olk-copy-source=\"MessageBody\">Csatlakozz a Bepro Signfactory csapat\u00e1hoz!<\/span><\/b><\/p>\n<p class=\"x_MsoNormal\"><span class=\"x_s2\">A&nbsp;<\/span><b>Bepro Signfactory<\/b><span class=\"x_s2\">&nbsp;t\u00f6bb mint&nbsp;<\/span><b>13 \u00e9ve<\/b><span class=\"x_s2\">&nbsp;gy\u00e1rt&nbsp;<\/span><b>egyedi rekl\u00e1mfeliratokat, vil\u00e1g\u00edt\u00f3 t\u00e1bl\u00e1kat \u00e9s vizu\u00e1lis kommunik\u00e1ci\u00f3s megold\u00e1sokat<\/b><span class=\"x_s2\">&nbsp;neves hazai \u00e9s nemzetk\u00f6zi c\u00e9gek sz\u00e1m\u00e1ra.<\/span><\/p>\n<p class=\"x_MsoNormal\">Csapatunkba <strong>helysz\u00edni szerel\u0151t<\/strong> keres\u00fcnk budapesti k\u00f6zponttal, orsz\u00e1gos munkav\u00e9gz\u00e9ssel, minden munkanap budapesti telephelyi indul\u00e1ssal.<\/p>\n<p><\/div><\/div><\/div><\/div><\/section><\/div> <!-- .tm-element-heading-wrapper container --> [vc_column_text]<\/p>\n<p class=\"x_MsoNormal\"><b><span data-olk-copy-source=\"MessageBody\">Sie werden Aufgaben haben:<\/span><\/b><\/p>\n<ul type=\"disc\">\n<li class=\"x_MsoNormal\">Professionelle Installation von beleuchteten und unbeleuchteten Schriftz\u00fcgen, Totems, Schildern, Innenbeschilderung<\/li>\n<li class=\"x_MsoNormal\">Au\u00dfen- und Innenarbeiten (Geb\u00e4udefassaden, B\u00fcrogeb\u00e4ude, Gesch\u00e4fte)<\/li>\n<li class=\"x_MsoNormal\">Verdrahtung, Verkabelung, Befestigung<\/li>\n<li class=\"x_MsoNormal\">Kontaktaufnahme mit unserem Projektmanager, Dokumentation der genauen Ausf\u00fchrung<\/li>\n<\/ul>\n<p class=\"x_MsoNormal\"><b>Wir suchen nach Ihnen, wenn:<\/b><\/p>\n<ul type=\"disc\">\n<li class=\"x_MsoNormal\">Haben Sie Erfahrung in der Feldinstallation oder Elektroinstallation<\/li>\n<li class=\"x_MsoNormal\">Sie haben keine Angst, in der H\u00f6he zu arbeiten (ein Staplerschein ist von Vorteil)<\/li>\n<li class=\"x_MsoNormal\">Sicherer Umgang mit Handwerkzeugen und Werkzeugmaschinen<\/li>\n<li class=\"x_MsoNormal\">Sie k\u00f6nnen in einem Team arbeiten, aber auch unabh\u00e4ngig.<\/li>\n<li class=\"x_MsoNormal\">Sie besitzen einen F\u00fchrerschein der Klasse B<\/li>\n<\/ul>\n<p class=\"x_MsoNormal\"><b>Was wir anbieten:<\/b><\/p>\n<ul type=\"disc\">\n<li class=\"x_MsoNormal\">Stabile, langfristige Besch\u00e4ftigungsm\u00f6glichkeiten<\/li>\n<li class=\"x_MsoNormal\">Vielf\u00e4ltige, spektakul\u00e4re Projekte &#8211; mit nationalen und internationalen Kunden<\/li>\n<li class=\"x_MsoNormal\">Moderne Ausr\u00fcstung, gut organisierte Logistik und Back-up<\/li>\n<li class=\"x_MsoNormal\">Wettbewerbsf\u00e4higes Gehalt, leistungsabh\u00e4ngiger Bonus<\/li>\n<li class=\"x_MsoNormal\">Eingetragene Besch\u00e4ftigung, berufliche Entwicklungsm\u00f6glichkeiten in einem professionellen Team<\/li>\n<\/ul>\n<p class=\"x_MsoNormal\"><b>Arbeitsort:<\/b> Budapest XI Bezirk, mit landesweiter Lieferung<\/p>\n<p class=\"x_MsoNormal\"><b>Anfangsdatum:<\/b> sofort oder nach Vereinbarung<\/p>\n<p class=\"x_MsoNormal\">\ud83d\udce9 <b>Bewerben Sie sich:<\/b> Senden Sie eine kurze Vorstellung und Ihre Kontaktdaten an <a title=\"mailto:gabor.kovacs@bepro.hu\" href=\"mailto:gabor.kovacs@bepro.hu\" data-linkindex=\"0\">gabor.kovacs@bepro.hu.<\/a> <\/p>\n<p class=\"x_MsoNormal\">\ud83d\udcde Haben Sie eine Frage? Rufen Sie uns an: +36 30 944 5233 <\/p>\n<p>[\/vc_column_text][\/vc_column][\/vc_row]<\/p>\n<\/section>","protected":false},"excerpt":{"rendered":"<p>[vc_row][vc_column][vc_column_text] Sie werden Aufgaben haben: Professionelle Installation von beleuchteten und unbeleuchteten Schriftz\u00fcgen, Totems, Schildern, Innenbeschilderung Au\u00dfen- und Innenarbeiten (Geb\u00e4udefassaden, B\u00fcrogeb\u00e4ude, Gesch\u00e4fte) Verdrahtung, Verkabelung, Befestigung Kontaktaufnahme mit unserem Projektmanager, Dokumentation der genauen Ausf\u00fchrung Wir suchen nach Ihnen, wenn: Haben Sie Erfahrung in der Feldinstallation oder Elektroinstallation Sie haben keine Angst, in der H\u00f6he zu arbeiten (ein &hellip; <a href=\"https:\/\/bepro.hu\/de\/karriere\/installateur-vor-ort\/\" class=\"more-link\">Continue reading <span class=\"screen-reader-text\">Installateur vor Ort<\/span><\/a><\/p>\n","protected":false},"author":1,"featured_media":0,"parent":4580,"menu_order":0,"comment_status":"closed","ping_status":"closed","template":"","meta":{"_monsterinsights_skip_tracking":false,"_monsterinsights_sitenote_active":false,"_monsterinsights_sitenote_note":"","_monsterinsights_sitenote_category":0,"ngg_post_thumbnail":0,"footnotes":""},"class_list":["post-5542","page","type-page","status-publish","hentry"],"yoast_head":"<!-- This site is optimized with the Yoast SEO plugin v27.0 - https:\/\/yoast.com\/product\/yoast-seo-wordpress\/ -->\n<title>Installateur vor Ort - Bepro Signfactory<\/title>\n<meta name=\"robots\" content=\"index, follow, max-snippet:-1, max-image-preview:large, max-video-preview:-1\" \/>\n<link rel=\"canonical\" href=\"https:\/\/bepro.hu\/de\/karriere\/installateur-vor-ort\/\" \/>\n<meta property=\"og:locale\" content=\"de_DE\" \/>\n<meta property=\"og:type\" content=\"article\" \/>\n<meta property=\"og:title\" content=\"Installateur vor Ort - Bepro Signfactory\" \/>\n<meta property=\"og:description\" content=\"[vc_row][vc_column][vc_column_text] Sie werden Aufgaben haben: Professionelle Installation von beleuchteten und unbeleuchteten Schriftz\u00fcgen, Totems, Schildern, Innenbeschilderung Au\u00dfen- und Innenarbeiten (Geb\u00e4udefassaden, B\u00fcrogeb\u00e4ude, Gesch\u00e4fte) Verdrahtung, Verkabelung, Befestigung Kontaktaufnahme mit unserem Projektmanager, Dokumentation der genauen Ausf\u00fchrung Wir suchen nach Ihnen, wenn: Haben Sie Erfahrung in der Feldinstallation oder Elektroinstallation Sie haben keine Angst, in der H\u00f6he zu arbeiten (ein &hellip; Continue reading Installateur vor Ort\" \/>\n<meta property=\"og:url\" content=\"https:\/\/bepro.hu\/de\/karriere\/installateur-vor-ort\/\" \/>\n<meta property=\"og:site_name\" content=\"Bepro Signfactory\" \/>\n<meta property=\"article:modified_time\" content=\"2025-09-01T12:32:09+00:00\" \/>\n<meta name=\"twitter:card\" content=\"summary_large_image\" \/>\n<meta name=\"twitter:label1\" content=\"Gesch\u00e4tzte Lesezeit\" \/>\n\t<meta name=\"twitter:data1\" content=\"1\u00a0Minute\" \/>\n<!-- \/ Yoast SEO plugin. -->","yoast_head_json":{"title":"Installateur vor Ort - Bepro Signfactory","robots":{"index":"index","follow":"follow","max-snippet":"max-snippet:-1","max-image-preview":"max-image-preview:large","max-video-preview":"max-video-preview:-1"},"canonical":"https:\/\/bepro.hu\/de\/karriere\/installateur-vor-ort\/","og_locale":"de_DE","og_type":"article","og_title":"Installateur vor Ort - Bepro Signfactory","og_description":"[vc_row][vc_column][vc_column_text] Sie werden Aufgaben haben: Professionelle Installation von beleuchteten und unbeleuchteten Schriftz\u00fcgen, Totems, Schildern, Innenbeschilderung Au\u00dfen- und Innenarbeiten (Geb\u00e4udefassaden, B\u00fcrogeb\u00e4ude, Gesch\u00e4fte) Verdrahtung, Verkabelung, Befestigung Kontaktaufnahme mit unserem Projektmanager, Dokumentation der genauen Ausf\u00fchrung Wir suchen nach Ihnen, wenn: Haben Sie Erfahrung in der Feldinstallation oder Elektroinstallation Sie haben keine Angst, in der H\u00f6he zu arbeiten (ein &hellip; Continue reading Installateur vor Ort","og_url":"https:\/\/bepro.hu\/de\/karriere\/installateur-vor-ort\/","og_site_name":"Bepro Signfactory","article_modified_time":"2025-09-01T12:32:09+00:00","twitter_card":"summary_large_image","twitter_misc":{"Gesch\u00e4tzte Lesezeit":"1\u00a0Minute"},"schema":{"@context":"https:\/\/schema.org","@graph":[{"@type":"WebPage","@id":"https:\/\/bepro.hu\/de\/karriere\/installateur-vor-ort\/","url":"https:\/\/bepro.hu\/de\/karriere\/installateur-vor-ort\/","name":"Installateur vor Ort - Bepro Signfactory","isPartOf":{"@id":"https:\/\/bepro.hu\/de\/#website"},"datePublished":"2025-08-07T05:19:27+00:00","dateModified":"2025-09-01T12:32:09+00:00","breadcrumb":{"@id":"https:\/\/bepro.hu\/de\/karriere\/installateur-vor-ort\/#breadcrumb"},"inLanguage":"de","potentialAction":[{"@type":"ReadAction","target":["https:\/\/bepro.hu\/de\/karriere\/installateur-vor-ort\/"]}]},{"@type":"BreadcrumbList","@id":"https:\/\/bepro.hu\/de\/karriere\/installateur-vor-ort\/#breadcrumb","itemListElement":[{"@type":"ListItem","position":1,"name":"Kezd\u0151lap","item":"https:\/\/bepro.hu\/de\/hauptseite\/"},{"@type":"ListItem","position":2,"name":"Karriere","item":"https:\/\/bepro.hu\/de\/karriere\/"},{"@type":"ListItem","position":3,"name":"Installateur vor Ort"}]},{"@type":"WebSite","@id":"https:\/\/bepro.hu\/de\/#website","url":"https:\/\/bepro.hu\/de\/","name":"Bepro Signfactory","description":"","potentialAction":[{"@type":"SearchAction","target":{"@type":"EntryPoint","urlTemplate":"https:\/\/bepro.hu\/de\/?s={search_term_string}"},"query-input":{"@type":"PropertyValueSpecification","valueRequired":true,"valueName":"search_term_string"}}],"inLanguage":"de"}]}},"_links":{"self":[{"href":"https:\/\/bepro.hu\/de\/wp-json\/wp\/v2\/pages\/5542","targetHints":{"allow":["GET"]}}],"collection":[{"href":"https:\/\/bepro.hu\/de\/wp-json\/wp\/v2\/pages"}],"about":[{"href":"https:\/\/bepro.hu\/de\/wp-json\/wp\/v2\/types\/page"}],"author":[{"embeddable":true,"href":"https:\/\/bepro.hu\/de\/wp-json\/wp\/v2\/users\/1"}],"replies":[{"embeddable":true,"href":"https:\/\/bepro.hu\/de\/wp-json\/wp\/v2\/comments?post=5542"}],"version-history":[{"count":6,"href":"https:\/\/bepro.hu\/de\/wp-json\/wp\/v2\/pages\/5542\/revisions"}],"predecessor-version":[{"id":5871,"href":"https:\/\/bepro.hu\/de\/wp-json\/wp\/v2\/pages\/5542\/revisions\/5871"}],"up":[{"embeddable":true,"href":"https:\/\/bepro.hu\/de\/wp-json\/wp\/v2\/pages\/4580"}],"wp:attachment":[{"href":"https:\/\/bepro.hu\/de\/wp-json\/wp\/v2\/media?parent=5542"}],"curies":[{"name":"wp","href":"https:\/\/api.w.org\/{rel}","templated":true}]}}