{"id":5562,"date":"2025-08-07T07:45:59","date_gmt":"2025-08-07T05:45:59","guid":{"rendered":"https:\/\/bepro.hu\/karriere\/montage\/"},"modified":"2025-08-08T14:45:05","modified_gmt":"2025-08-08T12:45:05","slug":"montage","status":"publish","type":"page","link":"https:\/\/bepro.hu\/de\/karriere\/montage\/","title":{"rendered":"Montage"},"content":{"rendered":"<section class=\"wpb-content-wrapper\"><p>[vc_row][vc_column]<div class=\"tm-element-heading-wrapper tm-heading-inner tm-element-align-left tm-seperator-solid tm-heading-style-vertical \"><section class=\"tm-vc_cta3-container\"><div class=\"tm-vc_general tm-vc_cta3 tm-cta3-only tm-vc_cta3-style-classic tm-vc_cta3-shape-rounded tm-vc_cta3-align-left tm-vc_cta3-color-transparent tm-vc_cta3-icon-size-md tm-vc_cta3-actions-no tm-cta3-with-desc\"><div class=\"tm-vc_cta3_content-container\"><div class=\"tm-vc_cta3-content\"><header class=\"tm-vc_cta3-content-header tm-wrap\"><div class=\"tm-vc_cta3-headers tm-wrap-cell\"><h4 class=\"tm-custom-heading \" >Poz\u00edci\u00f3<\/h4>\n<h2 class=\"tm-custom-heading \" >\u00d6SSZESZEREL\u0150<\/h2>\n<\/div><div class=\"heading-seperator\"><span><\/span><\/div><\/header><div class=\"tm-cta3-content-wrapper\">\n<p class=\"x_MsoNormal\"><b><span data-olk-copy-source=\"MessageBody\">Csatlakozz a Bepro Signfactory csapat\u00e1hoz!<\/span><\/b><\/p>\n<p class=\"x_MsoNormal\"><span class=\"x_s2\">A&nbsp;<\/span><b>Bepro Signfactory<\/b><span class=\"x_s2\">&nbsp;t\u00f6bb mint&nbsp;<\/span><b>13 \u00e9ve<\/b><span class=\"x_s2\">&nbsp;gy\u00e1rt&nbsp;<\/span><b>egyedi rekl\u00e1mfeliratokat, vil\u00e1g\u00edt\u00f3 t\u00e1bl\u00e1kat \u00e9s vizu\u00e1lis kommunik\u00e1ci\u00f3s megold\u00e1sokat<\/b><span class=\"x_s2\">&nbsp;neves hazai \u00e9s nemzetk\u00f6zi c\u00e9gek sz\u00e1m\u00e1ra.<\/span><\/p>\n<p class=\"x_MsoNormal\">Csapatunkba&nbsp;<b>helysz\u00edni szerel\u0151t<\/b>&nbsp;keres\u00fcnk budapesti k\u00f6zponttal, orsz\u00e1gos munkav\u00e9gz\u00e9ssel.<\/p>\n<p><\/div><\/div><\/div><\/div><\/section><\/div> <!-- .tm-element-heading-wrapper container --> [vc_column_text]<\/p>\n<h3 data-olk-copy-source=\"MessageBody\">Sie werden Aufgaben haben:<\/h3>\n<ul type=\"disc\">\n<li class=\"x_p1\">Werkstattmontage und Fertigstellung von Werbeschildern und Plakatw\u00e4nden<\/li>\n<li class=\"x_p1\">Verdrahtung und Verkabelung von Leuchtreklamen, einfache Elektroinstallationsarbeiten<\/li>\n<li class=\"x_p1\">Mithilfe bei Schlosserarbeiten (z.B. Montage von Aluminiumrahmen, Zerschneiden von St\u00fctzkonstruktionen)<\/li>\n<\/ul>\n<h3>Wir suchen nach Ihnen, wenn:<\/h3>\n<p class=\"x_p1\">&#8211; Sie haben ein gutes handwerkliches Geschick, Sie arbeiten gerne mit Ihren H\u00e4nden<\/p>\n<p class=\"x_p1\">&#8211; Sie haben keine Angst vor einem Schraubenzieher, einer Bohrmaschine oder einem Schleifger\u00e4t &#8211; und Sie lieben sie<\/p>\n<p class=\"x_p1\">&#8211; Sie verstehen grundlegende elektrische Installationen (LEDs, Netzteile, Kabel)<\/p>\n<p class=\"x_p1\">&#8211; Es ist in Ordnung, wenn Sie kein Schlosser sind, aber es ist gut, wenn Sie auch dort helfen k\u00f6nnen<\/p>\n<p class=\"x_p1\">&#8211; <span class=\"x_s1\">Sie m\u00f6chten, dass Ihre Arbeit <\/span><b>ein sichtbares, anspruchsvolles Ergebnis hat<\/b><\/p>\n<h3>Was wir erwarten:<\/h3>\n<ul type=\"disc\">\n<li class=\"x_p1\">Technische Orientierung, Pr\u00e4zision, praktischer Sinn<\/li>\n<li class=\"x_p1\">Grundlegende Kenntnisse der Elektroinstallation (Anschluss von LED-Leisten, Netzteile)<\/li>\n<li class=\"x_p1\">Erfahrung mit Montage- und Installationsarbeiten<\/li>\n<li class=\"x_p1\">Teamarbeit und gute Probleml\u00f6sungsf\u00e4higkeiten<\/li>\n<\/ul>\n<p class=\"x_p3\"><b>Ein Vorteil:<\/b><\/p>\n<ul type=\"disc\">\n<li class=\"x_p1\">Qualifikation oder Erfahrung als Elektriker<\/li>\n<li class=\"x_p1\">F\u00e4higkeiten im Bereich Schlosserarbeiten<\/li>\n<li class=\"x_p1\">Grundlagen des Schwei\u00dfens<\/li>\n<\/ul>\n<h3>Was wir anbieten:<\/h3>\n<ul type=\"disc\">\n<li class=\"x_p1\">Stabile, langfristige Arbeit in einem professionellen, freundlichen Team<\/li>\n<li class=\"x_p1\">Abwechslungsreiche, nicht monotone Aufgaben<\/li>\n<li class=\"x_p1\">Komfortable, gut ausgestattete Werkstatt<\/li>\n<li class=\"x_p1\">Wettbewerbsf\u00e4higes Gehalt, Entwicklungsm\u00f6glichkeiten<\/li>\n<\/ul>\n<p class=\"x_p4\"><span class=\"x_s3\"><b>Wo Sie arbeiten:<\/b><\/span> Budapest, XI. Bezirk, Budafoki \u00fat 183. <\/p>\n<p class=\"x_MsoNormal\"><b>Anfangsdatum:<\/b> sofort oder nach Vereinbarung<\/p>\n<p class=\"x_p4\">\ud83d\udce7 <span class=\"x_s3\"><b>Bewerbungsformular:<\/b><\/span> Senden Sie Ihren Lebenslauf oder eine kurze Vorstellung an <a title=\"mailto:gabor.kovacs@bepro.hu\" href=\"mailto:gabor.kovacs@bepro.hu\" data-linkindex=\"1\">gabor.kovacs@bepro.hu.<\/a> <\/p>\n<p class=\"x_MsoNormal\">\ud83d\udcde Haben Sie eine Frage? Rufen Sie uns an: +36 30 944 5233 <\/p>\n<p>[\/vc_column_text][\/vc_column][\/vc_row]<\/p>\n<\/section>","protected":false},"excerpt":{"rendered":"<p>[vc_row][vc_column][vc_column_text] Sie werden Aufgaben haben: Werkstattmontage und Fertigstellung von Werbeschildern und Plakatw\u00e4nden Verdrahtung und Verkabelung von Leuchtreklamen, einfache Elektroinstallationsarbeiten Mithilfe bei Schlosserarbeiten (z.B. Montage von Aluminiumrahmen, Zerschneiden von St\u00fctzkonstruktionen) Wir suchen nach Ihnen, wenn: &#8211; Sie haben ein gutes handwerkliches Geschick, Sie arbeiten gerne mit Ihren H\u00e4nden &#8211; Sie haben keine Angst vor einem Schraubenzieher, &hellip; <a href=\"https:\/\/bepro.hu\/de\/karriere\/montage\/\" class=\"more-link\">Continue reading <span class=\"screen-reader-text\">Montage<\/span><\/a><\/p>\n","protected":false},"author":1,"featured_media":0,"parent":4580,"menu_order":0,"comment_status":"closed","ping_status":"closed","template":"","meta":{"_monsterinsights_skip_tracking":false,"_monsterinsights_sitenote_active":false,"_monsterinsights_sitenote_note":"","_monsterinsights_sitenote_category":0,"ngg_post_thumbnail":0,"footnotes":""},"class_list":["post-5562","page","type-page","status-publish","hentry"],"yoast_head":"<!-- This site is optimized with the Yoast SEO plugin v27.0 - https:\/\/yoast.com\/product\/yoast-seo-wordpress\/ -->\n<title>Montage - Bepro Signfactory<\/title>\n<meta name=\"robots\" content=\"index, follow, max-snippet:-1, max-image-preview:large, max-video-preview:-1\" \/>\n<link rel=\"canonical\" href=\"https:\/\/bepro.hu\/de\/karriere\/montage\/\" \/>\n<meta property=\"og:locale\" content=\"de_DE\" \/>\n<meta property=\"og:type\" content=\"article\" \/>\n<meta property=\"og:title\" content=\"Montage - Bepro Signfactory\" \/>\n<meta property=\"og:description\" content=\"[vc_row][vc_column][vc_column_text] Sie werden Aufgaben haben: Werkstattmontage und Fertigstellung von Werbeschildern und Plakatw\u00e4nden Verdrahtung und Verkabelung von Leuchtreklamen, einfache Elektroinstallationsarbeiten Mithilfe bei Schlosserarbeiten (z.B. Montage von Aluminiumrahmen, Zerschneiden von St\u00fctzkonstruktionen) Wir suchen nach Ihnen, wenn: &#8211; Sie haben ein gutes handwerkliches Geschick, Sie arbeiten gerne mit Ihren H\u00e4nden &#8211; Sie haben keine Angst vor einem Schraubenzieher, &hellip; Continue reading Montage\" \/>\n<meta property=\"og:url\" content=\"https:\/\/bepro.hu\/de\/karriere\/montage\/\" \/>\n<meta property=\"og:site_name\" content=\"Bepro Signfactory\" \/>\n<meta property=\"article:modified_time\" content=\"2025-08-08T12:45:05+00:00\" \/>\n<meta name=\"twitter:card\" content=\"summary_large_image\" \/>\n<meta name=\"twitter:label1\" content=\"Gesch\u00e4tzte Lesezeit\" \/>\n\t<meta name=\"twitter:data1\" content=\"2\u00a0Minuten\" \/>\n<!-- \/ Yoast SEO plugin. -->","yoast_head_json":{"title":"Montage - Bepro Signfactory","robots":{"index":"index","follow":"follow","max-snippet":"max-snippet:-1","max-image-preview":"max-image-preview:large","max-video-preview":"max-video-preview:-1"},"canonical":"https:\/\/bepro.hu\/de\/karriere\/montage\/","og_locale":"de_DE","og_type":"article","og_title":"Montage - Bepro Signfactory","og_description":"[vc_row][vc_column][vc_column_text] Sie werden Aufgaben haben: Werkstattmontage und Fertigstellung von Werbeschildern und Plakatw\u00e4nden Verdrahtung und Verkabelung von Leuchtreklamen, einfache Elektroinstallationsarbeiten Mithilfe bei Schlosserarbeiten (z.B. Montage von Aluminiumrahmen, Zerschneiden von St\u00fctzkonstruktionen) Wir suchen nach Ihnen, wenn: &#8211; Sie haben ein gutes handwerkliches Geschick, Sie arbeiten gerne mit Ihren H\u00e4nden &#8211; Sie haben keine Angst vor einem Schraubenzieher, &hellip; Continue reading Montage","og_url":"https:\/\/bepro.hu\/de\/karriere\/montage\/","og_site_name":"Bepro Signfactory","article_modified_time":"2025-08-08T12:45:05+00:00","twitter_card":"summary_large_image","twitter_misc":{"Gesch\u00e4tzte Lesezeit":"2\u00a0Minuten"},"schema":{"@context":"https:\/\/schema.org","@graph":[{"@type":"WebPage","@id":"https:\/\/bepro.hu\/de\/karriere\/montage\/","url":"https:\/\/bepro.hu\/de\/karriere\/montage\/","name":"Montage - Bepro Signfactory","isPartOf":{"@id":"https:\/\/bepro.hu\/de\/#website"},"datePublished":"2025-08-07T05:45:59+00:00","dateModified":"2025-08-08T12:45:05+00:00","breadcrumb":{"@id":"https:\/\/bepro.hu\/de\/karriere\/montage\/#breadcrumb"},"inLanguage":"de","potentialAction":[{"@type":"ReadAction","target":["https:\/\/bepro.hu\/de\/karriere\/montage\/"]}]},{"@type":"BreadcrumbList","@id":"https:\/\/bepro.hu\/de\/karriere\/montage\/#breadcrumb","itemListElement":[{"@type":"ListItem","position":1,"name":"Kezd\u0151lap","item":"https:\/\/bepro.hu\/de\/hauptseite\/"},{"@type":"ListItem","position":2,"name":"Karriere","item":"https:\/\/bepro.hu\/de\/karriere\/"},{"@type":"ListItem","position":3,"name":"Montage"}]},{"@type":"WebSite","@id":"https:\/\/bepro.hu\/de\/#website","url":"https:\/\/bepro.hu\/de\/","name":"Bepro Signfactory","description":"","potentialAction":[{"@type":"SearchAction","target":{"@type":"EntryPoint","urlTemplate":"https:\/\/bepro.hu\/de\/?s={search_term_string}"},"query-input":{"@type":"PropertyValueSpecification","valueRequired":true,"valueName":"search_term_string"}}],"inLanguage":"de"}]}},"_links":{"self":[{"href":"https:\/\/bepro.hu\/de\/wp-json\/wp\/v2\/pages\/5562","targetHints":{"allow":["GET"]}}],"collection":[{"href":"https:\/\/bepro.hu\/de\/wp-json\/wp\/v2\/pages"}],"about":[{"href":"https:\/\/bepro.hu\/de\/wp-json\/wp\/v2\/types\/page"}],"author":[{"embeddable":true,"href":"https:\/\/bepro.hu\/de\/wp-json\/wp\/v2\/users\/1"}],"replies":[{"embeddable":true,"href":"https:\/\/bepro.hu\/de\/wp-json\/wp\/v2\/comments?post=5562"}],"version-history":[{"count":4,"href":"https:\/\/bepro.hu\/de\/wp-json\/wp\/v2\/pages\/5562\/revisions"}],"predecessor-version":[{"id":5578,"href":"https:\/\/bepro.hu\/de\/wp-json\/wp\/v2\/pages\/5562\/revisions\/5578"}],"up":[{"embeddable":true,"href":"https:\/\/bepro.hu\/de\/wp-json\/wp\/v2\/pages\/4580"}],"wp:attachment":[{"href":"https:\/\/bepro.hu\/de\/wp-json\/wp\/v2\/media?parent=5562"}],"curies":[{"name":"wp","href":"https:\/\/api.w.org\/{rel}","templated":true}]}}