{"id":5725,"date":"2025-08-18T10:43:23","date_gmt":"2025-08-18T08:43:23","guid":{"rendered":"https:\/\/bepro.hu\/mitmachen\/"},"modified":"2025-08-18T10:43:23","modified_gmt":"2025-08-18T08:43:23","slug":"mitmachen","status":"publish","type":"page","link":"https:\/\/bepro.hu\/de\/mitmachen\/","title":{"rendered":"Mitmachen"},"content":{"rendered":"<p style=\"color:red;font-weight:bold;\">Diese Seite und der Inhalt wurden automatisch f\u00fcr Sie generiert, um Ihnen eine Vorstellung davon zu vermitteln, wie eine &#8220;Join Us&#8221;-Seite aussehen sollte. Sie k\u00f6nnen diese Seite nach Belieben anpassen, indem Sie diese Seite in Ihrem WordPress-Seiteneditor bearbeiten. <\/p>\n<p style=\"font-weight:bold;\">Wenn Sie die URL dieser Seite \u00e4ndern, stellen Sie sicher, dass Sie den URL-Wert im Einstellungsmen\u00fc des Plugins aktualisieren.<\/p>\n<p style=\"font-weight:bold;\">Wenn Sie eine der wichtigen Seiten, die das Plugin ben\u00f6tigt, l\u00f6schen, finden <a href=\"https:\/\/simple-membership-plugin.com\/recreating-required-pages-simple-membership-plugin\/\" target=\"_blank\">Sie in dieser Dokumentation<\/a> eine Anleitung, wie Sie sie wiederherstellen k\u00f6nnen.<\/p>\n<p style=\"border-top:1px solid #ccc;padding-top:10px;margin-top:10px;\">\n<p>\t\t\t<strong>Kostenlose Mitgliedschaft<\/strong><br \/>\n\t\t\t<br \/> Sie erhalten unbegrenzten Zugang zu den Inhalten der kostenlosen Mitgliedschaft<br \/>\n\t\t\t<br \/><em><strong>Preis: Kostenlos!<\/strong><\/em><\/p>\n<p>Verlinken Sie das folgende Bild, um zur Registrierungsseite zu gelangen, wenn Sie m\u00f6chten, dass Ihre Besucher ein kostenloses Mitgliedskonto anlegen k\u00f6nnen<\/p>\n<p>\t\t\t<img decoding=\"async\" title=\"Jetzt teilnehmen\" src=\"https:\/\/bepro.hu\/wp-content\/plugins\/simple-membership\/images\/join-now-button-image.gif\" alt=\"Schaltfl\u00e4che Jetzt beitreten\" width=\"277\" height=\"82\"><\/p>\n<p style=\"border-bottom:1px solid #ccc;padding-bottom:10px;margin-bottom:10px;\">\n<p><strong>Sie k\u00f6nnen sich f\u00fcr eine kostenlose Mitgliedschaft anmelden oder f\u00fcr eine der folgenden Mitgliedschaftsoptionen bezahlen<\/strong><\/p>\n<p style=\"border-top:1px solid #ccc;padding-top:10px;margin-top:10px;\">\n<p>  [ ==&gt; Schaltfl\u00e4che f\u00fcr die Bezahlung Ihrer kostenpflichtigen Mitgliedschaftsstufen hier einf\u00fcgen &lt;== ]<\/p>\n<p style=\"border-bottom:1px solid #ccc;padding-bottom:10px;margin-bottom:10px;\">\n","protected":false},"excerpt":{"rendered":"<p>Diese Seite und der Inhalt wurden automatisch f\u00fcr Sie generiert, um Ihnen eine Vorstellung davon zu vermitteln, wie eine &#8220;Join Us&#8221;-Seite aussehen sollte. Sie k\u00f6nnen diese Seite nach Belieben anpassen, indem Sie diese Seite in Ihrem WordPress-Seiteneditor bearbeiten. Wenn Sie die URL dieser Seite \u00e4ndern, stellen Sie sicher, dass Sie den URL-Wert im Einstellungsmen\u00fc des &hellip; <a href=\"https:\/\/bepro.hu\/de\/mitmachen\/\" class=\"more-link\">Continue reading <span class=\"screen-reader-text\">Mitmachen<\/span><\/a><\/p>\n","protected":false},"author":1,"featured_media":0,"parent":0,"menu_order":0,"comment_status":"closed","ping_status":"closed","template":"","meta":{"_monsterinsights_skip_tracking":false,"_monsterinsights_sitenote_active":false,"_monsterinsights_sitenote_note":"","_monsterinsights_sitenote_category":0,"ngg_post_thumbnail":0,"footnotes":""},"class_list":["post-5725","page","type-page","status-publish","hentry"],"yoast_head":"<!-- This site is optimized with the Yoast SEO plugin v27.0 - https:\/\/yoast.com\/product\/yoast-seo-wordpress\/ -->\n<title>Mitmachen - Bepro Signfactory<\/title>\n<meta name=\"robots\" content=\"index, follow, max-snippet:-1, max-image-preview:large, max-video-preview:-1\" \/>\n<link rel=\"canonical\" href=\"https:\/\/bepro.hu\/de\/mitmachen\/\" \/>\n<meta property=\"og:locale\" content=\"de_DE\" \/>\n<meta property=\"og:type\" content=\"article\" \/>\n<meta property=\"og:title\" content=\"Mitmachen - Bepro Signfactory\" \/>\n<meta property=\"og:description\" content=\"Diese Seite und der Inhalt wurden automatisch f\u00fcr Sie generiert, um Ihnen eine Vorstellung davon zu vermitteln, wie eine &#8220;Join Us&#8221;-Seite aussehen sollte. Sie k\u00f6nnen diese Seite nach Belieben anpassen, indem Sie diese Seite in Ihrem WordPress-Seiteneditor bearbeiten. Wenn Sie die URL dieser Seite \u00e4ndern, stellen Sie sicher, dass Sie den URL-Wert im Einstellungsmen\u00fc des &hellip; Continue reading Mitmachen\" \/>\n<meta property=\"og:url\" content=\"https:\/\/bepro.hu\/de\/mitmachen\/\" \/>\n<meta property=\"og:site_name\" content=\"Bepro Signfactory\" \/>\n<meta property=\"og:image\" content=\"https:\/\/bepro.hu\/wp-content\/plugins\/simple-membership\/images\/join-now-button-image.gif\" \/>\n<meta name=\"twitter:card\" content=\"summary_large_image\" \/>\n<meta name=\"twitter:label1\" content=\"Gesch\u00e4tzte Lesezeit\" \/>\n\t<meta name=\"twitter:data1\" content=\"1\u00a0Minute\" \/>\n<!-- \/ Yoast SEO plugin. -->","yoast_head_json":{"title":"Mitmachen - Bepro Signfactory","robots":{"index":"index","follow":"follow","max-snippet":"max-snippet:-1","max-image-preview":"max-image-preview:large","max-video-preview":"max-video-preview:-1"},"canonical":"https:\/\/bepro.hu\/de\/mitmachen\/","og_locale":"de_DE","og_type":"article","og_title":"Mitmachen - Bepro Signfactory","og_description":"Diese Seite und der Inhalt wurden automatisch f\u00fcr Sie generiert, um Ihnen eine Vorstellung davon zu vermitteln, wie eine &#8220;Join Us&#8221;-Seite aussehen sollte. Sie k\u00f6nnen diese Seite nach Belieben anpassen, indem Sie diese Seite in Ihrem WordPress-Seiteneditor bearbeiten. Wenn Sie die URL dieser Seite \u00e4ndern, stellen Sie sicher, dass Sie den URL-Wert im Einstellungsmen\u00fc des &hellip; Continue reading Mitmachen","og_url":"https:\/\/bepro.hu\/de\/mitmachen\/","og_site_name":"Bepro Signfactory","og_image":[{"url":"https:\/\/bepro.hu\/wp-content\/plugins\/simple-membership\/images\/join-now-button-image.gif","type":"","width":"","height":""}],"twitter_card":"summary_large_image","twitter_misc":{"Gesch\u00e4tzte Lesezeit":"1\u00a0Minute"},"schema":{"@context":"https:\/\/schema.org","@graph":[{"@type":"WebPage","@id":"https:\/\/bepro.hu\/de\/mitmachen\/","url":"https:\/\/bepro.hu\/de\/mitmachen\/","name":"Mitmachen - Bepro Signfactory","isPartOf":{"@id":"https:\/\/bepro.hu\/de\/#website"},"primaryImageOfPage":{"@id":"https:\/\/bepro.hu\/de\/mitmachen\/#primaryimage"},"image":{"@id":"https:\/\/bepro.hu\/de\/mitmachen\/#primaryimage"},"thumbnailUrl":"https:\/\/bepro.hu\/wp-content\/plugins\/simple-membership\/images\/join-now-button-image.gif","datePublished":"2025-08-18T08:43:23+00:00","breadcrumb":{"@id":"https:\/\/bepro.hu\/de\/mitmachen\/#breadcrumb"},"inLanguage":"de","potentialAction":[{"@type":"ReadAction","target":["https:\/\/bepro.hu\/de\/mitmachen\/"]}]},{"@type":"ImageObject","inLanguage":"de","@id":"https:\/\/bepro.hu\/de\/mitmachen\/#primaryimage","url":"https:\/\/bepro.hu\/wp-content\/plugins\/simple-membership\/images\/join-now-button-image.gif","contentUrl":"https:\/\/bepro.hu\/wp-content\/plugins\/simple-membership\/images\/join-now-button-image.gif"},{"@type":"BreadcrumbList","@id":"https:\/\/bepro.hu\/de\/mitmachen\/#breadcrumb","itemListElement":[{"@type":"ListItem","position":1,"name":"Kezd\u0151lap","item":"https:\/\/bepro.hu\/de\/hauptseite\/"},{"@type":"ListItem","position":2,"name":"Mitmachen"}]},{"@type":"WebSite","@id":"https:\/\/bepro.hu\/de\/#website","url":"https:\/\/bepro.hu\/de\/","name":"Bepro Signfactory","description":"","potentialAction":[{"@type":"SearchAction","target":{"@type":"EntryPoint","urlTemplate":"https:\/\/bepro.hu\/de\/?s={search_term_string}"},"query-input":{"@type":"PropertyValueSpecification","valueRequired":true,"valueName":"search_term_string"}}],"inLanguage":"de"}]}},"_links":{"self":[{"href":"https:\/\/bepro.hu\/de\/wp-json\/wp\/v2\/pages\/5725","targetHints":{"allow":["GET"]}}],"collection":[{"href":"https:\/\/bepro.hu\/de\/wp-json\/wp\/v2\/pages"}],"about":[{"href":"https:\/\/bepro.hu\/de\/wp-json\/wp\/v2\/types\/page"}],"author":[{"embeddable":true,"href":"https:\/\/bepro.hu\/de\/wp-json\/wp\/v2\/users\/1"}],"replies":[{"embeddable":true,"href":"https:\/\/bepro.hu\/de\/wp-json\/wp\/v2\/comments?post=5725"}],"version-history":[{"count":0,"href":"https:\/\/bepro.hu\/de\/wp-json\/wp\/v2\/pages\/5725\/revisions"}],"wp:attachment":[{"href":"https:\/\/bepro.hu\/de\/wp-json\/wp\/v2\/media?parent=5725"}],"curies":[{"name":"wp","href":"https:\/\/api.w.org\/{rel}","templated":true}]}}