{"id":5830,"date":"2025-08-19T15:16:56","date_gmt":"2025-08-19T13:16:56","guid":{"rendered":"https:\/\/bepro.hu\/schlosser-kollege\/"},"modified":"2025-08-19T15:18:29","modified_gmt":"2025-08-19T13:18:29","slug":"schlosser-kollege","status":"publish","type":"page","link":"https:\/\/bepro.hu\/de\/schlosser-kollege\/","title":{"rendered":"Schlosser-Kollege"},"content":{"rendered":"<section class=\"wpb-content-wrapper\"><p>[vc_row][vc_column]<div class=\"tm-element-heading-wrapper tm-heading-inner tm-element-align-left tm-seperator-solid tm-heading-style-vertical \"><section class=\"tm-vc_cta3-container\"><div class=\"tm-vc_general tm-vc_cta3 tm-cta3-only tm-vc_cta3-style-classic tm-vc_cta3-shape-rounded tm-vc_cta3-align-left tm-vc_cta3-color-transparent tm-vc_cta3-icon-size-md tm-vc_cta3-actions-no tm-cta3-with-desc\"><div class=\"tm-vc_cta3_content-container\"><div class=\"tm-vc_cta3-content\"><header class=\"tm-vc_cta3-content-header tm-wrap\"><div class=\"tm-vc_cta3-headers tm-wrap-cell\"><h4 class=\"tm-custom-heading \" >Poz\u00edci\u00f3<\/h4>\n<h2 class=\"tm-custom-heading \" >Lakatos munkat\u00e1rs<\/h2>\n<\/div><div class=\"heading-seperator\"><span><\/span><\/div><\/header><div class=\"tm-cta3-content-wrapper\"><p><span class=\"x_xs2\" data-olk-copy-source=\"MessageBody\">C\u00e9g\u00fcnk a&nbsp;<\/span><b>Bepro Signfactory<\/b><span class=\"x_xs2\">&nbsp;Kft. t\u00f6bb mint&nbsp;<\/span><b>14 \u00e9ve<\/b><span class=\"x_xs2\">&nbsp;gy\u00e1rt&nbsp;<\/span><b>egyedi rekl\u00e1mfeliratokat, vil\u00e1g\u00edt\u00f3 t\u00e1bl\u00e1kat \u00e9s vizu\u00e1lis kommunik\u00e1ci\u00f3s megold\u00e1sokat<\/b><span class=\"x_xs2\">&nbsp;neves hazai \u00e9s nemzetk\u00f6zi c\u00e9gek sz\u00e1m\u00e1ra.<\/span><\/p><\/div><\/div><\/div><\/div><\/section><\/div> <!-- .tm-element-heading-wrapper container --> [vc_column_text]<\/p>\n<p class=\"x_MsoNormal\"><span data-olk-copy-source=\"MessageBody\">Wir suchen <b>einen Schlosser<\/b> zur Verst\u00e4rkung unseres Teams<\/span><b><\/b><\/p>\n<p class=\"x_MsoNormal\"><b>Sie werden Aufgaben haben:<\/b><\/p>\n<ul type=\"disc\">\n<li class=\"x_MsoNormal\">Herstellung von Strukturelementen aus Aluminium f\u00fcr Leuchtreklamen, K\u00e4sten und Werbeschilder<\/li>\n<li class=\"x_MsoNormal\">Schneiden, Biegen, Walzen, Schwei\u00dfen von Aluminiumblechen<\/li>\n<li class=\"x_MsoNormal\">Zuschneiden, Bohren, Biegen, Schwei\u00dfen von Aluminium-Endprofilen, Zeichnen von Profilen<\/li>\n<li class=\"x_MsoNormal\">Montage nach technischer Zeichnung<\/li>\n<li class=\"x_MsoNormal\">Professionelle Nutzung und Wartung von Maschinen und Werkzeugen<\/li>\n<li class=\"x_MsoNormal\">Zusammenarbeit mit dem Fertigungs- und Montageteam<\/li>\n<\/ul>\n<p class=\"x_MsoNormal\"><b>Wir suchen nach Ihnen, wenn:<\/b><\/p>\n<ul type=\"disc\">\n<li class=\"x_MsoNormal\">Sie k\u00f6nnen technische Zeichnungen lesen und interpretieren<\/li>\n<li class=\"x_MsoNormal\">Sie k\u00f6nnen genau und unabh\u00e4ngig arbeiten<\/li>\n<li class=\"x_MsoNormal\">Es ist von Vorteil, wenn Sie \u00fcber CO- oder AWI-Schwei\u00dferfahrung verf\u00fcgen.<\/li>\n<li class=\"x_MsoNormal\">Sie sind anspruchsvoll in Ihrer Arbeit und m\u00f6gen eine Vielzahl von Aufgaben<\/li>\n<\/ul>\n<p class=\"x_MsoNormal\"><b>Was wir anbieten:<\/b><\/p>\n<ul type=\"disc\">\n<li class=\"x_MsoNormal\">Stabile, langfristige Besch\u00e4ftigung in einem erfolgreichen Unternehmen, das seit 14 Jahren besteht<\/li>\n<li class=\"x_MsoNormal\">Faires, wettbewerbsf\u00e4higes Gehalt<\/li>\n<li class=\"x_MsoNormal\">Moderne, gut ausgestattete Werkstatt<\/li>\n<li class=\"x_MsoNormal\">Ein unterst\u00fctzendes Team mit einer guten Atmosph\u00e4re und Entwicklungsm\u00f6glichkeiten<\/li>\n<\/ul>\n<p class=\"x_xmsonormal\"><b>Anfangsdatum:<\/b> sofort oder nach Vereinbarung<\/p>\n<p class=\"x_xmsonormal\">\ud83d\udce9 <b>Bewerben Sie sich:<\/b> Senden Sie eine kurze Vorstellung und Ihre Kontaktdaten an <a id=\"LPlnk444385\" title=\"mailto:gabor.kovacs@bepro.hu\" href=\"mailto:gabor.kovacs@bepro.hu\" data-linkindex=\"0\">gabor.kovacs@bepro.hu.<\/a> <\/p>\n<p class=\"x_xmsonormal\">\ud83d\udcde Haben Sie eine Frage? Rufen Sie uns an: +36 30 944 5233 <\/p>\n<p>[\/vc_column_text][\/vc_column][\/vc_row]<\/p>\n<\/section>","protected":false},"excerpt":{"rendered":"<p>[vc_row][vc_column][vc_column_text] Wir suchen einen Schlosser zur Verst\u00e4rkung unseres Teams Sie werden Aufgaben haben: Herstellung von Strukturelementen aus Aluminium f\u00fcr Leuchtreklamen, K\u00e4sten und Werbeschilder Schneiden, Biegen, Walzen, Schwei\u00dfen von Aluminiumblechen Zuschneiden, Bohren, Biegen, Schwei\u00dfen von Aluminium-Endprofilen, Zeichnen von Profilen Montage nach technischer Zeichnung Professionelle Nutzung und Wartung von Maschinen und Werkzeugen Zusammenarbeit mit dem Fertigungs- und &hellip; <a href=\"https:\/\/bepro.hu\/de\/schlosser-kollege\/\" class=\"more-link\">Continue reading <span class=\"screen-reader-text\">Schlosser-Kollege<\/span><\/a><\/p>\n","protected":false},"author":1,"featured_media":0,"parent":0,"menu_order":0,"comment_status":"closed","ping_status":"closed","template":"","meta":{"_monsterinsights_skip_tracking":false,"_monsterinsights_sitenote_active":false,"_monsterinsights_sitenote_note":"","_monsterinsights_sitenote_category":0,"ngg_post_thumbnail":0,"footnotes":""},"class_list":["post-5830","page","type-page","status-publish","hentry"],"yoast_head":"<!-- This site is optimized with the Yoast SEO plugin v27.0 - https:\/\/yoast.com\/product\/yoast-seo-wordpress\/ -->\n<title>Schlosser-Kollege - Bepro Signfactory<\/title>\n<meta name=\"robots\" content=\"index, follow, max-snippet:-1, max-image-preview:large, max-video-preview:-1\" \/>\n<link rel=\"canonical\" href=\"https:\/\/bepro.hu\/de\/schlosser-kollege\/\" \/>\n<meta property=\"og:locale\" content=\"de_DE\" \/>\n<meta property=\"og:type\" content=\"article\" \/>\n<meta property=\"og:title\" content=\"Schlosser-Kollege - Bepro Signfactory\" \/>\n<meta property=\"og:description\" content=\"[vc_row][vc_column][vc_column_text] Wir suchen einen Schlosser zur Verst\u00e4rkung unseres Teams Sie werden Aufgaben haben: Herstellung von Strukturelementen aus Aluminium f\u00fcr Leuchtreklamen, K\u00e4sten und Werbeschilder Schneiden, Biegen, Walzen, Schwei\u00dfen von Aluminiumblechen Zuschneiden, Bohren, Biegen, Schwei\u00dfen von Aluminium-Endprofilen, Zeichnen von Profilen Montage nach technischer Zeichnung Professionelle Nutzung und Wartung von Maschinen und Werkzeugen Zusammenarbeit mit dem Fertigungs- und &hellip; Continue reading Schlosser-Kollege\" \/>\n<meta property=\"og:url\" content=\"https:\/\/bepro.hu\/de\/schlosser-kollege\/\" \/>\n<meta property=\"og:site_name\" content=\"Bepro Signfactory\" \/>\n<meta property=\"article:modified_time\" content=\"2025-08-19T13:18:29+00:00\" \/>\n<meta name=\"twitter:card\" content=\"summary_large_image\" \/>\n<meta name=\"twitter:label1\" content=\"Gesch\u00e4tzte Lesezeit\" \/>\n\t<meta name=\"twitter:data1\" content=\"1\u00a0Minute\" \/>\n<!-- \/ Yoast SEO plugin. -->","yoast_head_json":{"title":"Schlosser-Kollege - Bepro Signfactory","robots":{"index":"index","follow":"follow","max-snippet":"max-snippet:-1","max-image-preview":"max-image-preview:large","max-video-preview":"max-video-preview:-1"},"canonical":"https:\/\/bepro.hu\/de\/schlosser-kollege\/","og_locale":"de_DE","og_type":"article","og_title":"Schlosser-Kollege - Bepro Signfactory","og_description":"[vc_row][vc_column][vc_column_text] Wir suchen einen Schlosser zur Verst\u00e4rkung unseres Teams Sie werden Aufgaben haben: Herstellung von Strukturelementen aus Aluminium f\u00fcr Leuchtreklamen, K\u00e4sten und Werbeschilder Schneiden, Biegen, Walzen, Schwei\u00dfen von Aluminiumblechen Zuschneiden, Bohren, Biegen, Schwei\u00dfen von Aluminium-Endprofilen, Zeichnen von Profilen Montage nach technischer Zeichnung Professionelle Nutzung und Wartung von Maschinen und Werkzeugen Zusammenarbeit mit dem Fertigungs- und &hellip; Continue reading Schlosser-Kollege","og_url":"https:\/\/bepro.hu\/de\/schlosser-kollege\/","og_site_name":"Bepro Signfactory","article_modified_time":"2025-08-19T13:18:29+00:00","twitter_card":"summary_large_image","twitter_misc":{"Gesch\u00e4tzte Lesezeit":"1\u00a0Minute"},"schema":{"@context":"https:\/\/schema.org","@graph":[{"@type":"WebPage","@id":"https:\/\/bepro.hu\/de\/schlosser-kollege\/","url":"https:\/\/bepro.hu\/de\/schlosser-kollege\/","name":"Schlosser-Kollege - Bepro Signfactory","isPartOf":{"@id":"https:\/\/bepro.hu\/de\/#website"},"datePublished":"2025-08-19T13:16:56+00:00","dateModified":"2025-08-19T13:18:29+00:00","breadcrumb":{"@id":"https:\/\/bepro.hu\/de\/schlosser-kollege\/#breadcrumb"},"inLanguage":"de","potentialAction":[{"@type":"ReadAction","target":["https:\/\/bepro.hu\/de\/schlosser-kollege\/"]}]},{"@type":"BreadcrumbList","@id":"https:\/\/bepro.hu\/de\/schlosser-kollege\/#breadcrumb","itemListElement":[{"@type":"ListItem","position":1,"name":"Kezd\u0151lap","item":"https:\/\/bepro.hu\/de\/hauptseite\/"},{"@type":"ListItem","position":2,"name":"Schlosser-Kollege"}]},{"@type":"WebSite","@id":"https:\/\/bepro.hu\/de\/#website","url":"https:\/\/bepro.hu\/de\/","name":"Bepro Signfactory","description":"","potentialAction":[{"@type":"SearchAction","target":{"@type":"EntryPoint","urlTemplate":"https:\/\/bepro.hu\/de\/?s={search_term_string}"},"query-input":{"@type":"PropertyValueSpecification","valueRequired":true,"valueName":"search_term_string"}}],"inLanguage":"de"}]}},"_links":{"self":[{"href":"https:\/\/bepro.hu\/de\/wp-json\/wp\/v2\/pages\/5830","targetHints":{"allow":["GET"]}}],"collection":[{"href":"https:\/\/bepro.hu\/de\/wp-json\/wp\/v2\/pages"}],"about":[{"href":"https:\/\/bepro.hu\/de\/wp-json\/wp\/v2\/types\/page"}],"author":[{"embeddable":true,"href":"https:\/\/bepro.hu\/de\/wp-json\/wp\/v2\/users\/1"}],"replies":[{"embeddable":true,"href":"https:\/\/bepro.hu\/de\/wp-json\/wp\/v2\/comments?post=5830"}],"version-history":[{"count":2,"href":"https:\/\/bepro.hu\/de\/wp-json\/wp\/v2\/pages\/5830\/revisions"}],"predecessor-version":[{"id":5832,"href":"https:\/\/bepro.hu\/de\/wp-json\/wp\/v2\/pages\/5830\/revisions\/5832"}],"wp:attachment":[{"href":"https:\/\/bepro.hu\/de\/wp-json\/wp\/v2\/media?parent=5830"}],"curies":[{"name":"wp","href":"https:\/\/api.w.org\/{rel}","templated":true}]}}