{"id":5930,"date":"2025-09-09T10:58:37","date_gmt":"2025-09-09T08:58:37","guid":{"rendered":"https:\/\/bepro.hu\/karriere\/herausgeber-grafikdesigner\/"},"modified":"2025-09-09T10:59:09","modified_gmt":"2025-09-09T08:59:09","slug":"herausgeber-grafikdesigner","status":"publish","type":"page","link":"https:\/\/bepro.hu\/de\/karriere\/herausgeber-grafikdesigner\/","title":{"rendered":"Herausgeber Grafikdesigner"},"content":{"rendered":"<section class=\"wpb-content-wrapper\"><p>[vc_row][vc_column]<div class=\"tm-element-heading-wrapper tm-heading-inner tm-element-align-left tm-seperator-solid tm-heading-style-vertical \"><section class=\"tm-vc_cta3-container\"><div class=\"tm-vc_general tm-vc_cta3 tm-cta3-only tm-vc_cta3-style-classic tm-vc_cta3-shape-rounded tm-vc_cta3-align-left tm-vc_cta3-color-transparent tm-vc_cta3-icon-size-md tm-vc_cta3-actions-no tm-cta3-with-desc\"><div class=\"tm-vc_cta3_content-container\"><div class=\"tm-vc_cta3-content\"><header class=\"tm-vc_cta3-content-header tm-wrap\"><div class=\"tm-vc_cta3-headers tm-wrap-cell\"><h4 class=\"tm-custom-heading \" >Poz\u00edci\u00f3<\/h4>\n<h2 class=\"tm-custom-heading \" >SZERKESZT\u0150 GRAFIKUS<\/h2>\n<\/div><div class=\"heading-seperator\"><span><\/span><\/div><\/header><div class=\"tm-cta3-content-wrapper\">\n<p class=\"x_MsoNormal\">A Bepro Signfactory 13 \u00e9ve m\u0171k\u00f6d\u0151, nemzetk\u00f6zi \u00fcgyfelekkel dolgoz\u00f3 rekl\u00e1mfelirat-gy\u00e1rt\u00f3 c\u00e9g. Csapatunkba keres\u00fcnk&nbsp;<b>l\u00e1tv\u00e1nytervez\u0151 grafikust<\/b>, aki a projektek megval\u00f3s\u00edt\u00e1s\u00e1t fot\u00f3realisztikus l\u00e1tv\u00e1nytervekkel \u00e9s 3D vizualiz\u00e1ci\u00f3kkal t\u00e1mogatja.<\/p>\n<p><\/div><\/div><\/div><\/div><\/section><\/div> <!-- .tm-element-heading-wrapper container --> [vc_column_text]<\/p>\n<p class=\"x_MsoNormal\"><b><span data-olk-copy-source=\"MessageBody\">Sie werden Aufgaben haben:<\/span><\/b><\/p>\n<ul type=\"disc\">\n<li class=\"x_MsoNormal\">Bearbeitung und Skalierung bestehender Logos, Corporate-Identity-Elemente, Beschilderungen und visueller Elemente<\/li>\n<li class=\"x_MsoNormal\">Pr\u00fcfen, Korrigieren und Bearbeiten von Grafikdateien, die der Kunde mitbringt<\/li>\n<li class=\"x_MsoNormal\">Visuelle Entw\u00fcrfe f\u00fcr Verkaufsillustrationen erstellen<\/li>\n<li class=\"x_MsoNormal\">Visuelle und naturgetreue Darstellung von Werbeschildern, Logos, Totems und Dekorationen auf Fotos<\/li>\n<li class=\"x_MsoNormal\">Vorbereitung von Grafikmaterial f\u00fcr Produktion und Druck<\/li>\n<li class=\"x_MsoNormal\">Nutzen: Erstellen Sie einfache 3D-Modelle von Schildern, Werbetafeln und anderen Werbetr\u00e4gern.<\/li>\n<\/ul>\n<p class=\"x_MsoNormal\"><b>Was wir erwarten:<\/b><\/p>\n<ul type=\"disc\">\n<li class=\"x_MsoNormal\">Sicherer Umgang mit Adobe Illustrator, Photoshop<\/li>\n<li class=\"x_MsoNormal\">P\u00fcnktlich und p\u00fcnktlich arbeiten<\/li>\n<li class=\"x_MsoNormal\">Offenheit f\u00fcr Teamarbeit<\/li>\n<li class=\"x_MsoNormal\">Pr\u00e4zision, visueller Sinn, schnelles Arbeiten  &nbsp; &nbsp; &nbsp; &nbsp;<\/li>\n<\/ul>\n<p class=\"x_MsoNormal\"><b>Ein Vorteil:<\/b><\/p>\n<ul type=\"disc\">\n<li class=\"x_MsoNormal\">Druckkenntnisse oder Erfahrung in der Werbegrafik<\/li>\n<li class=\"x_MsoNormal\">Grundlegende Verwendung von 3D-Software (z.B. SketchUp, Blender, Cinema4D oder andere)<\/li>\n<\/ul>\n<p class=\"x_MsoNormal\"><b>Was wir anbieten:<\/b><\/p>\n<ul type=\"disc\">\n<li class=\"x_MsoNormal\">diverse Projekte mit renommierten internationalen Kunden<\/li>\n<li class=\"x_MsoNormal\">kreative Arbeitsumgebung<\/li>\n<li class=\"x_MsoNormal\">Chance zur Entwicklung<\/li>\n<li class=\"x_MsoNormal\">wettbewerbsf\u00e4higes Gehalt, stabiler Hintergrund<\/li>\n<\/ul>\n<p class=\"x_MsoNormal\">\ud83d\udccd&nbsp;<b>Ort der Arbeit:<\/b> Budapest, XI. ker\u00fclet, Budafoki \u00fat 183. <\/p>\n<p class=\"x_MsoNormal\">\ud83d\udd52 <b>Startdatum:<\/b> sofort oder nach Vereinbarung<\/p>\n<div class=\"x_MsoNormal\" align=\"center\">\n<hr align=\"center\" size=\"1\" width=\"100%\">\n<\/div>\n<p class=\"x_MsoNormal\">\ud83d\udce7 <b>Bewerben Sie sich:<\/b> Senden Sie Ihren Lebenslauf oder eine kurze Vorstellung an <b><a id=\"LPlnk484580\" title=\"mailto:gabor.kovacs@bepro.hu\" href=\"mailto:gabor.kovacs@bepro.hu\" data-linkindex=\"0\">gabor.kovacs@bepro.hu<\/a><\/b> Senden Sie Ihren Lebenslauf oder eine kurze Vorstellung oder einen Lebenslauf und einen Lebenslauf oder eine Stellenbeschreibung an!<\/p>\n<p class=\"x_MsoNormal\">\ud83d\udcde <b>Haben Sie eine Frage?<\/b> Rufen Sie uns an: <b>+36 30 944 5233<\/b><\/p>\n<p>[\/vc_column_text][\/vc_column][\/vc_row]<\/p>\n<\/section>","protected":false},"excerpt":{"rendered":"<p>[vc_row][vc_column][vc_column_text] Sie werden Aufgaben haben: Bearbeitung und Skalierung bestehender Logos, Corporate-Identity-Elemente, Beschilderungen und visueller Elemente Pr\u00fcfen, Korrigieren und Bearbeiten von Grafikdateien, die der Kunde mitbringt Visuelle Entw\u00fcrfe f\u00fcr Verkaufsillustrationen erstellen Visuelle und naturgetreue Darstellung von Werbeschildern, Logos, Totems und Dekorationen auf Fotos Vorbereitung von Grafikmaterial f\u00fcr Produktion und Druck Nutzen: Erstellen Sie einfache 3D-Modelle von &hellip; <a href=\"https:\/\/bepro.hu\/de\/karriere\/herausgeber-grafikdesigner\/\" class=\"more-link\">Continue reading <span class=\"screen-reader-text\">Herausgeber Grafikdesigner<\/span><\/a><\/p>\n","protected":false},"author":1,"featured_media":0,"parent":4580,"menu_order":0,"comment_status":"closed","ping_status":"closed","template":"","meta":{"_monsterinsights_skip_tracking":false,"_monsterinsights_sitenote_active":false,"_monsterinsights_sitenote_note":"","_monsterinsights_sitenote_category":0,"ngg_post_thumbnail":0,"footnotes":""},"class_list":["post-5930","page","type-page","status-publish","hentry"],"yoast_head":"<!-- This site is optimized with the Yoast SEO plugin v27.0 - https:\/\/yoast.com\/product\/yoast-seo-wordpress\/ -->\n<title>Herausgeber Grafikdesigner - Bepro Signfactory<\/title>\n<meta name=\"robots\" content=\"index, follow, max-snippet:-1, max-image-preview:large, max-video-preview:-1\" \/>\n<link rel=\"canonical\" href=\"https:\/\/bepro.hu\/de\/karriere\/herausgeber-grafikdesigner\/\" \/>\n<meta property=\"og:locale\" content=\"de_DE\" \/>\n<meta property=\"og:type\" content=\"article\" \/>\n<meta property=\"og:title\" content=\"Herausgeber Grafikdesigner - Bepro Signfactory\" \/>\n<meta property=\"og:description\" content=\"[vc_row][vc_column][vc_column_text] Sie werden Aufgaben haben: Bearbeitung und Skalierung bestehender Logos, Corporate-Identity-Elemente, Beschilderungen und visueller Elemente Pr\u00fcfen, Korrigieren und Bearbeiten von Grafikdateien, die der Kunde mitbringt Visuelle Entw\u00fcrfe f\u00fcr Verkaufsillustrationen erstellen Visuelle und naturgetreue Darstellung von Werbeschildern, Logos, Totems und Dekorationen auf Fotos Vorbereitung von Grafikmaterial f\u00fcr Produktion und Druck Nutzen: Erstellen Sie einfache 3D-Modelle von &hellip; Continue reading Herausgeber Grafikdesigner\" \/>\n<meta property=\"og:url\" content=\"https:\/\/bepro.hu\/de\/karriere\/herausgeber-grafikdesigner\/\" \/>\n<meta property=\"og:site_name\" content=\"Bepro Signfactory\" \/>\n<meta property=\"article:modified_time\" content=\"2025-09-09T08:59:09+00:00\" \/>\n<meta name=\"twitter:card\" content=\"summary_large_image\" \/>\n<meta name=\"twitter:label1\" content=\"Gesch\u00e4tzte Lesezeit\" \/>\n\t<meta name=\"twitter:data1\" content=\"1\u00a0Minute\" \/>\n<!-- \/ Yoast SEO plugin. -->","yoast_head_json":{"title":"Herausgeber Grafikdesigner - Bepro Signfactory","robots":{"index":"index","follow":"follow","max-snippet":"max-snippet:-1","max-image-preview":"max-image-preview:large","max-video-preview":"max-video-preview:-1"},"canonical":"https:\/\/bepro.hu\/de\/karriere\/herausgeber-grafikdesigner\/","og_locale":"de_DE","og_type":"article","og_title":"Herausgeber Grafikdesigner - Bepro Signfactory","og_description":"[vc_row][vc_column][vc_column_text] Sie werden Aufgaben haben: Bearbeitung und Skalierung bestehender Logos, Corporate-Identity-Elemente, Beschilderungen und visueller Elemente Pr\u00fcfen, Korrigieren und Bearbeiten von Grafikdateien, die der Kunde mitbringt Visuelle Entw\u00fcrfe f\u00fcr Verkaufsillustrationen erstellen Visuelle und naturgetreue Darstellung von Werbeschildern, Logos, Totems und Dekorationen auf Fotos Vorbereitung von Grafikmaterial f\u00fcr Produktion und Druck Nutzen: Erstellen Sie einfache 3D-Modelle von &hellip; Continue reading Herausgeber Grafikdesigner","og_url":"https:\/\/bepro.hu\/de\/karriere\/herausgeber-grafikdesigner\/","og_site_name":"Bepro Signfactory","article_modified_time":"2025-09-09T08:59:09+00:00","twitter_card":"summary_large_image","twitter_misc":{"Gesch\u00e4tzte Lesezeit":"1\u00a0Minute"},"schema":{"@context":"https:\/\/schema.org","@graph":[{"@type":"WebPage","@id":"https:\/\/bepro.hu\/de\/karriere\/herausgeber-grafikdesigner\/","url":"https:\/\/bepro.hu\/de\/karriere\/herausgeber-grafikdesigner\/","name":"Herausgeber Grafikdesigner - Bepro Signfactory","isPartOf":{"@id":"https:\/\/bepro.hu\/de\/#website"},"datePublished":"2025-09-09T08:58:37+00:00","dateModified":"2025-09-09T08:59:09+00:00","breadcrumb":{"@id":"https:\/\/bepro.hu\/de\/karriere\/herausgeber-grafikdesigner\/#breadcrumb"},"inLanguage":"de","potentialAction":[{"@type":"ReadAction","target":["https:\/\/bepro.hu\/de\/karriere\/herausgeber-grafikdesigner\/"]}]},{"@type":"BreadcrumbList","@id":"https:\/\/bepro.hu\/de\/karriere\/herausgeber-grafikdesigner\/#breadcrumb","itemListElement":[{"@type":"ListItem","position":1,"name":"Kezd\u0151lap","item":"https:\/\/bepro.hu\/de\/hauptseite\/"},{"@type":"ListItem","position":2,"name":"Karriere","item":"https:\/\/bepro.hu\/de\/karriere\/"},{"@type":"ListItem","position":3,"name":"Herausgeber Grafikdesigner"}]},{"@type":"WebSite","@id":"https:\/\/bepro.hu\/de\/#website","url":"https:\/\/bepro.hu\/de\/","name":"Bepro Signfactory","description":"","potentialAction":[{"@type":"SearchAction","target":{"@type":"EntryPoint","urlTemplate":"https:\/\/bepro.hu\/de\/?s={search_term_string}"},"query-input":{"@type":"PropertyValueSpecification","valueRequired":true,"valueName":"search_term_string"}}],"inLanguage":"de"}]}},"_links":{"self":[{"href":"https:\/\/bepro.hu\/de\/wp-json\/wp\/v2\/pages\/5930","targetHints":{"allow":["GET"]}}],"collection":[{"href":"https:\/\/bepro.hu\/de\/wp-json\/wp\/v2\/pages"}],"about":[{"href":"https:\/\/bepro.hu\/de\/wp-json\/wp\/v2\/types\/page"}],"author":[{"embeddable":true,"href":"https:\/\/bepro.hu\/de\/wp-json\/wp\/v2\/users\/1"}],"replies":[{"embeddable":true,"href":"https:\/\/bepro.hu\/de\/wp-json\/wp\/v2\/comments?post=5930"}],"version-history":[{"count":1,"href":"https:\/\/bepro.hu\/de\/wp-json\/wp\/v2\/pages\/5930\/revisions"}],"predecessor-version":[{"id":5931,"href":"https:\/\/bepro.hu\/de\/wp-json\/wp\/v2\/pages\/5930\/revisions\/5931"}],"up":[{"embeddable":true,"href":"https:\/\/bepro.hu\/de\/wp-json\/wp\/v2\/pages\/4580"}],"wp:attachment":[{"href":"https:\/\/bepro.hu\/de\/wp-json\/wp\/v2\/media?parent=5930"}],"curies":[{"name":"wp","href":"https:\/\/api.w.org\/{rel}","templated":true}]}}