{"id":6240,"date":"2026-01-26T11:42:05","date_gmt":"2026-01-26T10:42:05","guid":{"rendered":"https:\/\/bepro.hu\/karriere\/assistentin-der-geschaeftsfuehrung\/"},"modified":"2026-01-26T11:54:30","modified_gmt":"2026-01-26T10:54:30","slug":"assistentin-der-geschaeftsfuehrung","status":"publish","type":"page","link":"https:\/\/bepro.hu\/de\/karriere\/assistentin-der-geschaeftsfuehrung\/","title":{"rendered":"Assistentin der Gesch\u00e4ftsf\u00fchrung"},"content":{"rendered":"<section class=\"wpb-content-wrapper\"><p>[vc_row][vc_column][vc_column_text]<\/p>\n<div><b data-olk-copy-source=\"MessageBody\">Assistentin der Gesch\u00e4ftsleitung &#8211; F\u00fchrung eines kleinen Unternehmens mit echter Verantwortung<\/b><\/div>\n<div class=\"x_p2\">&nbsp;<\/div>\n<div class=\"x_p3\"><b>Bepro Signfactory<\/b> wurde 2011 gegr\u00fcndet und ist ein ungarisches Unternehmen mit einem soliden Hintergrund, das hochwertige Werbeschilder und komplexe Beschilderungsl\u00f6sungen f\u00fcr internationale Kunden entwickelt.<\/div>\n<div class=\"x_p3\">W\u00e4hrend das Unternehmen w\u00e4chst, sind wir zunehmend um Transparenz, Systematisierung und bewusste Verbesserung unserer Abl\u00e4ufe bem\u00fcht.<\/div>\n<div class=\"x_p2\">&nbsp;<\/div>\n<div class=\"x_p4\">Wir suchen eine <b>erfahrene, reife Pers\u00f6nlichkeit<\/b>, die <b>kein anonymes R\u00e4dchen in einem Unternehmenssystem sein m\u00f6chte<\/b>, sondern sich in einem <b>menschlicheren, lebenswerten und beruflich bedeutsamen Umfeld eines kleinen Unternehmens<\/b> wohlf\u00fchlt, in dem sie <b>einen bedeutenden Einfluss auf das Unternehmen<\/b> aus\u00fcben kann <b>.<\/b><\/div>\n<div class=\"x_p2\">&nbsp;<\/div>\n<div class=\"x_p3\">Diese Position arbeitet <b>direkt mit dem CEO zusammen<\/b> und bietet einen umfassenden \u00dcberblick \u00fcber die t\u00e4glichen und strategischen Abl\u00e4ufe eines Unternehmens &#8211; von der Verwaltung und Rechtsangelegenheiten bis hin zu HR, Marketing-PR, IT und interner Prozessentwicklung.<\/div>\n<hr>\n<div><b>Das Wesentliche der Rolle<\/b><\/div>\n<ul>\n<li>\n<div class=\"x_p1\" role=\"presentation\">\u00dcberpr\u00fcfung und Bereinigung der administrativen und operativen Systeme des Unternehmens<\/div>\n<\/li>\n<li>\n<div class=\"x_p1\" role=\"presentation\">Strukturierung, Dokumentation und Verbesserung der betrieblichen Abl\u00e4ufe<\/div>\n<\/li>\n<li>\n<div class=\"x_p1\" role=\"presentation\">Zusammenf\u00fchrung der unterst\u00fctzenden Bereiche (HR, Recht, Marketing, IT)<\/div>\n<\/li>\n<li>\n<div class=\"x_p1\" role=\"presentation\">Zuverl\u00e4ssige fachliche und operative Unterst\u00fctzung f\u00fcr den CEO<\/div>\n<\/li>\n<li>\n<div class=\"x_p1\" role=\"presentation\">Aktive Beteiligung an der Entwicklung der Gesch\u00e4ftst\u00e4tigkeit des Unternehmens<\/div>\n<\/li>\n<\/ul>\n<hr>\n<div><b>Sie werden Aufgaben wie diese \u00fcbernehmen:<\/b><\/div>\n<ul>\n<li>\n<div class=\"x_p1\" role=\"presentation\">Organisation und laufende Pflege der gesamten Unternehmensverwaltung<\/div>\n<\/li>\n<li>\n<div class=\"x_p1\" role=\"presentation\">Abbildung, Beschreibung und Verbesserung operativer und administrativer Prozesse<\/div>\n<\/li>\n<li>\n<div class=\"x_p1\" role=\"presentation\">Zusammenarbeit mit Anwaltskanzleien, Verwaltung von Rechtsf\u00e4llen<\/div>\n<\/li>\n<li>\n<div class=\"x_p1\" role=\"presentation\">Weiterverfolgung von Vertr\u00e4gen und rechtlichen Fragen<\/div>\n<\/li>\n<li>\n<div class=\"x_p1\" role=\"presentation\">Entwerfen und Ausschreiben von Stellenangeboten<\/div>\n<\/li>\n<li>\n<div class=\"x_p1\" role=\"presentation\">Vollst\u00e4ndige Verwaltung der Rekrutierungsprozesse<\/div>\n<\/li>\n<li>\n<div class=\"x_p1\" role=\"presentation\">Organisation von Vorstellungsgespr\u00e4chen, Besprechungen, Terminen<\/div>\n<\/li>\n<li>\n<div class=\"x_p1\" role=\"presentation\">Bearbeitung von Marketing- und PR-Angelegenheiten, Kontaktaufnahme mit externen Partnern<\/div>\n<\/li>\n<li>\n<div class=\"x_p1\" role=\"presentation\">Koordinierung von IT und IT-bezogenen Angelegenheiten<\/div>\n<\/li>\n<li>\n<div class=\"x_p1\" role=\"presentation\"><b>Aktive Beteiligung<\/b> an internen Projekten zur Prozessverbesserung<\/div>\n<\/li>\n<li>\n<div class=\"x_p1\" role=\"presentation\">Erstellung von Berichten und Entscheidungsvorbereitungsmaterial (insbesondere in Excel)<\/div>\n<\/li>\n<li>\n<div class=\"x_p1\" role=\"presentation\"><b>Ein bewusster, proaktiver Einsatz von<\/b> KI-Tools, insbesondere von ChatGPT<\/div>\n<\/li>\n<\/ul>\n<hr>\n<div><b>Erforderliche Qualifikationen<\/b><\/div>\n<div class=\"x_p2\">&nbsp;<\/div>\n<div class=\"x_p3\">Hochschulabschluss, vorzugsweise in einem der folgenden Bereiche:<\/div>\n<ul>\n<li>\n<div class=\"x_p1\" role=\"presentation\">Unternehmensf\u00fchrung \/ Wirtschaft und Management<\/div>\n<\/li>\n<li>\n<div class=\"x_p1\" role=\"presentation\">Hochschulabschluss in Wirtschaftswissenschaften (Wirtschaft, Finanzen, Management)<\/div>\n<\/li>\n<li>\n<div class=\"x_p1\" role=\"presentation\">Personalmanagement \/ Organisationsentwicklung<\/div>\n<\/li>\n<li>\n<div class=\"x_p1\" role=\"presentation\">Abschluss in Rechtswissenschaften oder Hochschulstudium (mit Erfahrung in einem gesch\u00e4ftlichen Umfeld)<\/div>\n<\/li>\n<li>\n<div class=\"x_p1\" role=\"presentation\">Abgeschlossenes Marketing-\/Kommunikationsstudium, mit Affinit\u00e4t zu Wirtschaft und Betrieb<\/div>\n<\/li>\n<\/ul>\n<div class=\"x_p2\">&nbsp;<\/div>\n<div class=\"x_p3\">Die Art des Abschlusses ist an sich nicht entscheidend.<\/div>\n<div class=\"x_p4\">Es ist wichtiger, dass der Kandidat <b>den Kontext versteht, in dem ein Unternehmen operiert<\/b>, in der Lage ist, <b>mehrere Bereiche zu \u00fcberblicken und zu integrieren<\/b>, und <b>eine reife, verantwortungsbewusste Denkweise hat<\/b>.<\/div>\n<hr>\n<div><b>Wir suchen Sie, wenn<\/b><\/div>\n<ul>\n<li>\n<div class=\"x_p1\" role=\"presentation\">Sie haben mehrere Jahre einschl\u00e4gige Berufserfahrung<\/div>\n<\/li>\n<li>\n<div class=\"x_p1\" role=\"presentation\"><b>Sie denken kreativ<\/b> und denken in L\u00f6sungen, nicht in Problemen<\/div>\n<\/li>\n<li>\n<div class=\"x_p1\" role=\"presentation\">Sie <b>haben eine proaktive Einstellung und<\/b> warten nicht auf spezielle Anweisungen.<\/div>\n<\/li>\n<li>\n<div class=\"x_p1\" role=\"presentation\"><b>Sie sind flei\u00dfig<\/b>, erledigen gerne Dinge und erledigen Aufgaben<\/div>\n<\/li>\n<li>\n<div class=\"x_p1\" role=\"presentation\">Sie m\u00f6gen ein kleines Gesch\u00e4ftsumfeld, in dem Sie pr\u00e4sent sein und Verantwortung \u00fcbernehmen m\u00fcssen<\/div>\n<\/li>\n<li>\n<div class=\"x_p1\" role=\"presentation\">Sie denken in Kategorien der Ordnung und schaffen gerne Ordnung<\/div>\n<\/li>\n<li>\n<div class=\"x_p1\" role=\"presentation\">Sie arbeiten gut in den Bereichen HR, Recht und Marketing<\/div>\n<\/li>\n<li>\n<div class=\"x_p1\" role=\"presentation\">Sie sind IT-kompetent<\/div>\n<\/li>\n<li>\n<div class=\"x_p1\" role=\"presentation\">Beherrschung von MS Office, insbesondere Excel<\/div>\n<\/li>\n<li>\n<div class=\"x_p1\" role=\"presentation\">Sie nutzen KI-Tools bewusst und effektiv (ChatGPT-Aufforderung erwartet)<\/div>\n<\/li>\n<li>\n<div class=\"x_p1\" role=\"presentation\">Sie sind p\u00fcnktlich, anspruchsvoll, zuverl\u00e4ssig oder<\/div>\n<\/li>\n<li>\n<div class=\"x_p1\" role=\"presentation\">Sie sind ein fairer, offener, kooperativer Mensch oder<\/div>\n<\/li>\n<\/ul>\n<hr>\n<div><b>Was wir anbieten<\/b><\/div>\n<ul>\n<li>\n<div class=\"x_p1\" role=\"presentation\">Ein menschlich gepr\u00e4gtes, stabiles Umfeld f\u00fcr kleine Unternehmen<\/div>\n<\/li>\n<li>\n<div class=\"x_p1\" role=\"presentation\">Direkte Zusammenarbeit mit dem Gesch\u00e4ftsf\u00fchrer<\/div>\n<\/li>\n<li>\n<div class=\"x_p1\" role=\"presentation\">Echte Verantwortung und bedeutender Einfluss auf den Betrieb des Unternehmens<\/div>\n<\/li>\n<li>\n<div class=\"x_p1\" role=\"presentation\">Eine sinnvolle, abwechslungsreiche Palette von Aufgaben<\/div>\n<\/li>\n<li>\n<div class=\"x_p1\" role=\"presentation\">Langfristige Position<\/div>\n<\/li>\n<li>\n<div class=\"x_p1\" role=\"presentation\">Wettbewerbsf\u00e4hige Leistungen<\/div>\n<\/li>\n<\/ul>\n<div class=\"x_p2\">&nbsp;<\/div>\n<div class=\"x_p3\"><b>Ort der Arbeit:<\/b> Budapest, XI. ker\u00fclet, Budafoki \u00fat 183. <\/div>\n<div class=\"x_p3\"><b>Anfangsdatum:<\/b> sofort oder nach Vereinbarung<\/div>\n<div class=\"x_p3\"><b>Um sich zu bewerben:<\/b> Senden Sie Ihren Lebenslauf oder eine kurze Vorstellung an <b>gabor.kovacs@bepro.hu<\/b> <\/div>\n<div class=\"x_p3\"><b>Telefon:<\/b> +36 30 944 5233<\/div>\n<hr>\n<div><b>Letzter Gedanke<\/b><\/div>\n<div><b>&nbsp;<\/b><\/div>\n<div class=\"x_p3\">Diese Stelle ist f\u00fcr Menschen, die<\/div>\n<div class=\"x_p4\"><b>sie denken, gestalten und arbeiten wollen<\/b>,<\/div>\n<div class=\"x_p3\">und die wollen, dass ihre Arbeit <b>ein sichtbares, sinnvolles Ergebnis hat<\/b>.<\/div>\n<p>[\/vc_column_text][\/vc_column][\/vc_row]<\/p>\n<\/section>","protected":false},"excerpt":{"rendered":"<p>[vc_row][vc_column][vc_column_text] Assistentin der Gesch\u00e4ftsleitung &#8211; F\u00fchrung eines kleinen Unternehmens mit echter Verantwortung &nbsp; Bepro Signfactory wurde 2011 gegr\u00fcndet und ist ein ungarisches Unternehmen mit einem soliden Hintergrund, das hochwertige Werbeschilder und komplexe Beschilderungsl\u00f6sungen f\u00fcr internationale Kunden entwickelt. W\u00e4hrend das Unternehmen w\u00e4chst, sind wir zunehmend um Transparenz, Systematisierung und bewusste Verbesserung unserer Abl\u00e4ufe bem\u00fcht. &nbsp; Wir &hellip; <a href=\"https:\/\/bepro.hu\/de\/karriere\/assistentin-der-geschaeftsfuehrung\/\" class=\"more-link\">Continue reading <span class=\"screen-reader-text\">Assistentin der Gesch\u00e4ftsf\u00fchrung<\/span><\/a><\/p>\n","protected":false},"author":1,"featured_media":0,"parent":4580,"menu_order":0,"comment_status":"closed","ping_status":"closed","template":"","meta":{"_monsterinsights_skip_tracking":false,"_monsterinsights_sitenote_active":false,"_monsterinsights_sitenote_note":"","_monsterinsights_sitenote_category":0,"ngg_post_thumbnail":0,"footnotes":""},"class_list":["post-6240","page","type-page","status-publish","hentry"],"yoast_head":"<!-- This site is optimized with the Yoast SEO plugin v27.0 - https:\/\/yoast.com\/product\/yoast-seo-wordpress\/ -->\n<title>Assistentin der Gesch\u00e4ftsf\u00fchrung - Bepro Signfactory<\/title>\n<meta name=\"robots\" content=\"index, follow, max-snippet:-1, max-image-preview:large, max-video-preview:-1\" \/>\n<link rel=\"canonical\" href=\"https:\/\/bepro.hu\/de\/karriere\/assistentin-der-geschaeftsfuehrung\/\" \/>\n<meta property=\"og:locale\" content=\"de_DE\" \/>\n<meta property=\"og:type\" content=\"article\" \/>\n<meta property=\"og:title\" content=\"Assistentin der Gesch\u00e4ftsf\u00fchrung - Bepro Signfactory\" \/>\n<meta property=\"og:description\" content=\"[vc_row][vc_column][vc_column_text] Assistentin der Gesch\u00e4ftsleitung &#8211; F\u00fchrung eines kleinen Unternehmens mit echter Verantwortung &nbsp; Bepro Signfactory wurde 2011 gegr\u00fcndet und ist ein ungarisches Unternehmen mit einem soliden Hintergrund, das hochwertige Werbeschilder und komplexe Beschilderungsl\u00f6sungen f\u00fcr internationale Kunden entwickelt. W\u00e4hrend das Unternehmen w\u00e4chst, sind wir zunehmend um Transparenz, Systematisierung und bewusste Verbesserung unserer Abl\u00e4ufe bem\u00fcht. &nbsp; Wir &hellip; Continue reading Assistentin der Gesch\u00e4ftsf\u00fchrung\" \/>\n<meta property=\"og:url\" content=\"https:\/\/bepro.hu\/de\/karriere\/assistentin-der-geschaeftsfuehrung\/\" \/>\n<meta property=\"og:site_name\" content=\"Bepro Signfactory\" \/>\n<meta property=\"article:modified_time\" content=\"2026-01-26T10:54:30+00:00\" \/>\n<meta name=\"twitter:card\" content=\"summary_large_image\" \/>\n<meta name=\"twitter:label1\" content=\"Gesch\u00e4tzte Lesezeit\" \/>\n\t<meta name=\"twitter:data1\" content=\"3\u00a0Minuten\" \/>\n<!-- \/ Yoast SEO plugin. -->","yoast_head_json":{"title":"Assistentin der Gesch\u00e4ftsf\u00fchrung - Bepro Signfactory","robots":{"index":"index","follow":"follow","max-snippet":"max-snippet:-1","max-image-preview":"max-image-preview:large","max-video-preview":"max-video-preview:-1"},"canonical":"https:\/\/bepro.hu\/de\/karriere\/assistentin-der-geschaeftsfuehrung\/","og_locale":"de_DE","og_type":"article","og_title":"Assistentin der Gesch\u00e4ftsf\u00fchrung - Bepro Signfactory","og_description":"[vc_row][vc_column][vc_column_text] Assistentin der Gesch\u00e4ftsleitung &#8211; F\u00fchrung eines kleinen Unternehmens mit echter Verantwortung &nbsp; Bepro Signfactory wurde 2011 gegr\u00fcndet und ist ein ungarisches Unternehmen mit einem soliden Hintergrund, das hochwertige Werbeschilder und komplexe Beschilderungsl\u00f6sungen f\u00fcr internationale Kunden entwickelt. W\u00e4hrend das Unternehmen w\u00e4chst, sind wir zunehmend um Transparenz, Systematisierung und bewusste Verbesserung unserer Abl\u00e4ufe bem\u00fcht. &nbsp; Wir &hellip; Continue reading Assistentin der Gesch\u00e4ftsf\u00fchrung","og_url":"https:\/\/bepro.hu\/de\/karriere\/assistentin-der-geschaeftsfuehrung\/","og_site_name":"Bepro Signfactory","article_modified_time":"2026-01-26T10:54:30+00:00","twitter_card":"summary_large_image","twitter_misc":{"Gesch\u00e4tzte Lesezeit":"3\u00a0Minuten"},"schema":{"@context":"https:\/\/schema.org","@graph":[{"@type":"WebPage","@id":"https:\/\/bepro.hu\/de\/karriere\/assistentin-der-geschaeftsfuehrung\/","url":"https:\/\/bepro.hu\/de\/karriere\/assistentin-der-geschaeftsfuehrung\/","name":"Assistentin der Gesch\u00e4ftsf\u00fchrung - Bepro Signfactory","isPartOf":{"@id":"https:\/\/bepro.hu\/de\/#website"},"datePublished":"2026-01-26T10:42:05+00:00","dateModified":"2026-01-26T10:54:30+00:00","breadcrumb":{"@id":"https:\/\/bepro.hu\/de\/karriere\/assistentin-der-geschaeftsfuehrung\/#breadcrumb"},"inLanguage":"de","potentialAction":[{"@type":"ReadAction","target":["https:\/\/bepro.hu\/de\/karriere\/assistentin-der-geschaeftsfuehrung\/"]}]},{"@type":"BreadcrumbList","@id":"https:\/\/bepro.hu\/de\/karriere\/assistentin-der-geschaeftsfuehrung\/#breadcrumb","itemListElement":[{"@type":"ListItem","position":1,"name":"Kezd\u0151lap","item":"https:\/\/bepro.hu\/de\/hauptseite\/"},{"@type":"ListItem","position":2,"name":"Karriere","item":"https:\/\/bepro.hu\/de\/karriere\/"},{"@type":"ListItem","position":3,"name":"Assistentin der Gesch\u00e4ftsf\u00fchrung"}]},{"@type":"WebSite","@id":"https:\/\/bepro.hu\/de\/#website","url":"https:\/\/bepro.hu\/de\/","name":"Bepro Signfactory","description":"","potentialAction":[{"@type":"SearchAction","target":{"@type":"EntryPoint","urlTemplate":"https:\/\/bepro.hu\/de\/?s={search_term_string}"},"query-input":{"@type":"PropertyValueSpecification","valueRequired":true,"valueName":"search_term_string"}}],"inLanguage":"de"}]}},"_links":{"self":[{"href":"https:\/\/bepro.hu\/de\/wp-json\/wp\/v2\/pages\/6240","targetHints":{"allow":["GET"]}}],"collection":[{"href":"https:\/\/bepro.hu\/de\/wp-json\/wp\/v2\/pages"}],"about":[{"href":"https:\/\/bepro.hu\/de\/wp-json\/wp\/v2\/types\/page"}],"author":[{"embeddable":true,"href":"https:\/\/bepro.hu\/de\/wp-json\/wp\/v2\/users\/1"}],"replies":[{"embeddable":true,"href":"https:\/\/bepro.hu\/de\/wp-json\/wp\/v2\/comments?post=6240"}],"version-history":[{"count":2,"href":"https:\/\/bepro.hu\/de\/wp-json\/wp\/v2\/pages\/6240\/revisions"}],"predecessor-version":[{"id":6242,"href":"https:\/\/bepro.hu\/de\/wp-json\/wp\/v2\/pages\/6240\/revisions\/6242"}],"up":[{"embeddable":true,"href":"https:\/\/bepro.hu\/de\/wp-json\/wp\/v2\/pages\/4580"}],"wp:attachment":[{"href":"https:\/\/bepro.hu\/de\/wp-json\/wp\/v2\/media?parent=6240"}],"curies":[{"name":"wp","href":"https:\/\/api.w.org\/{rel}","templated":true}]}}