{"id":4590,"date":"2025-02-11T08:48:55","date_gmt":"2025-02-11T07:48:55","guid":{"rendered":"https:\/\/bepro.hu\/ginop-tender\/"},"modified":"2026-01-28T18:16:42","modified_gmt":"2026-01-28T17:16:42","slug":"ginop-tender","status":"publish","type":"page","link":"https:\/\/bepro.hu\/en\/ginop-tender\/","title":{"rendered":"GINOP Tender"},"content":{"rendered":"<section class=\"wpb-content-wrapper\"><p>[vc_row][vc_column width=&#8221;2\/3&#8243;][vc_column_text]<\/p>\n<h3>Implementation of complex infocommunication development at Bepro Signfactory Kft.<\/h3>\n<ul>\n<li>GINOP-3.2.2-8-2-4-16-2017-00186<\/li>\n<li>Beneficiary: BEPRO SIGNFACTORY Korl\u00e1tolt Felel\u0151ss\u00e9g\u0171 T\u00e1rsas\u00e1g<\/li>\n<li>Aid amount: <span data-olk-copy-source=\"MessageBody\">5.467.200 HUF<\/span><\/li>\n<li>Rate of aid: 40 %<\/li>\n<li>Project completion date: <span data-olk-copy-source=\"MessageBody\">31.03.2020.<\/span><\/li>\n<li><span data-olk-copy-source=\"MessageBody\">Content of the project: implementation of a complex ERP system (COMPANY ERP &#8220;LIGHT&#8221;) consisting of the following modules: corporate CRM-Corporate Controlling, Purchasing and Logistics, Production and Project Management, HR, Electronic Document Management, Mobile Application.<\/span><\/li>\n<\/ul>\n<p>[\/vc_column_text][\/vc_column][vc_column width=&#8221;1\/3&#8243;][vc_single_image image=&#8221;4443&#8243; img_size=&#8221;large&#8221;][\/vc_column][\/vc_row][vc_row tm_bgimagefixed=&#8221;&#8221;][vc_column][vc_column_text]<\/p>\n<h3><span data-olk-copy-source=\"MessageBody\">Innovative development of photo advertising production<\/span><\/h3>\n<p class=\"x_MsoNormal\"><span data-olk-copy-source=\"MessageBody\">On the basis of the call for proposals under the Economic Development and Innovation Operational Programme Plus, announced by the National Development Centre as the Sponsor on 25.09.2024 under the identification number GINOP_PLUSZ-2.1.3-24, the Sponsor assessed the application for support submitted by BEPRO SIGNFACTORY Korl\u00e1tolt Felel\u0151ss\u00e9g\u0171 T\u00e1rsas\u00e1g on 30.04.2025 for the &#8220;Innovative development of photo advertising production&#8221; and deemed it eligible for support.<\/span><\/p>\n<p class=\"x_MsoNormal\"><i>The amount of the contracted aid is HUF 49 966 757.<\/i><\/p>\n<p class=\"x_MsoNormal\"><i>Project ID number: GINOP_PLUSZ-2.1.3-24-2025-00902<\/i><\/p>\n<p class=\"x_MsoNormal\"><i>Reference number of the supporting document: IKT-2025-102-I1-00086670\/0000013<\/i><\/p>\n<p class=\"x_MsoNormal\"><i>Rate of aid: 70 %<\/i><\/p>\n<p class=\"x_MsoNormal\"><i>Start of project implementation: 2025.10.01<\/i><\/p>\n<p class=\"x_MsoNormal\"><i>The physical completion date of the project is scheduled for 31.12.2026.<\/i><\/p>\n<p class=\"x_MsoNormal\"><i>The implementation site is 1117 Budapest, Budafoki \u00fat 183.<\/i><\/p>\n<p class=\"x_MsoNormal\"><i>The project is co-financed by the Hungarian state with the support of the European Union.&#8221;<\/i><\/p>\n<p>[\/vc_column_text][vc_single_image image=&#8221;6280&#8243; img_size=&#8221;large&#8221;][vc_column_text]Content of the project:<\/p>\n<p>The company&#8217;s current manufacturing activity is focused on the production of illuminated advertising signs, 3D lettering and logos, typically through manual, low-digitisation processes. A significant part of the customer requirements management, design, material procurement and production relies on manual data management and estimation, resulting in long lead times, high scrap rates and limited quality assurance. <\/p>\n<p>The project will introduce a fully digitised production process based on continuous feedback. The new operation will integrate customer needs into production planning, enable more accurate material management, and be based on automated production and quality control steps. The result will be reduced scrap, shorter lead times and improved production efficiency and predictability.  <\/p>\n<p>Current marketing activity is based on ad hoc campaigns, using external service providers, without a structured measurement and feedback system. Customer and market data are processed manually on an ad hoc basis. <\/p>\n<p>The new marketing process is based on digital market research, regular analysis of customer data and data-driven campaign management. CRM-based operations, targeted campaigns and continuous performance measurement allow for rapid response and increased marketing efficiency, while strengthening the soundness of sales decisions. <\/p>\n<p>The manufacturing and marketing process innovations implemented in the project will lead to a comprehensive digital transformation. Automation and digitisation of manufacturing will increase efficiency and reduce scrap rates, while data-driven marketing processes will improve campaign effectiveness and market adaptability. These improvements will ensure the long-term competitiveness and sustainability of the business.  <\/p>\n<p>The project was supported by the European Union and co-financed by the Hungarian state.[\/vc_column_text][\/vc_column][\/vc_row]<\/p>\n<\/section>","protected":false},"excerpt":{"rendered":"<p>[vc_row][vc_column width=&#8221;2\/3&#8243;][vc_column_text] Implementation of complex infocommunication development at Bepro Signfactory Kft. GINOP-3.2.2-8-2-4-16-2017-00186 Beneficiary: BEPRO SIGNFACTORY Korl\u00e1tolt Felel\u0151ss\u00e9g\u0171 T\u00e1rsas\u00e1g Aid amount: 5.467.200 HUF Rate of aid: 40 % Project completion date: 31.03.2020. Content of the project: implementation of a complex ERP system (COMPANY ERP &#8220;LIGHT&#8221;) consisting of the following modules: corporate CRM-Corporate Controlling, Purchasing and Logistics, &hellip; <a href=\"https:\/\/bepro.hu\/en\/ginop-tender\/\" class=\"more-link\">Continue reading <span class=\"screen-reader-text\">GINOP Tender<\/span><\/a><\/p>\n","protected":false},"author":1,"featured_media":0,"parent":0,"menu_order":0,"comment_status":"closed","ping_status":"closed","template":"","meta":{"_monsterinsights_skip_tracking":false,"_monsterinsights_sitenote_active":false,"_monsterinsights_sitenote_note":"","_monsterinsights_sitenote_category":0,"ngg_post_thumbnail":0,"footnotes":""},"class_list":["post-4590","page","type-page","status-publish","hentry"],"yoast_head":"<!-- This site is optimized with the Yoast SEO plugin v27.0 - https:\/\/yoast.com\/product\/yoast-seo-wordpress\/ -->\n<title>GINOP Tender - Bepro Signfactory<\/title>\n<meta name=\"robots\" content=\"index, follow, max-snippet:-1, max-image-preview:large, max-video-preview:-1\" \/>\n<link rel=\"canonical\" href=\"https:\/\/bepro.hu\/en\/ginop-tender\/\" \/>\n<meta property=\"og:locale\" content=\"en_US\" \/>\n<meta property=\"og:type\" content=\"article\" \/>\n<meta property=\"og:title\" content=\"GINOP Tender - Bepro Signfactory\" \/>\n<meta property=\"og:description\" content=\"[vc_row][vc_column width=&#8221;2\/3&#8243;][vc_column_text] Implementation of complex infocommunication development at Bepro Signfactory Kft. GINOP-3.2.2-8-2-4-16-2017-00186 Beneficiary: BEPRO SIGNFACTORY Korl\u00e1tolt Felel\u0151ss\u00e9g\u0171 T\u00e1rsas\u00e1g Aid amount: 5.467.200 HUF Rate of aid: 40 % Project completion date: 31.03.2020. Content of the project: implementation of a complex ERP system (COMPANY ERP &#8220;LIGHT&#8221;) consisting of the following modules: corporate CRM-Corporate Controlling, Purchasing and Logistics, &hellip; Continue reading GINOP Tender\" \/>\n<meta property=\"og:url\" content=\"https:\/\/bepro.hu\/en\/ginop-tender\/\" \/>\n<meta property=\"og:site_name\" content=\"Bepro Signfactory\" \/>\n<meta property=\"article:modified_time\" content=\"2026-01-28T17:16:42+00:00\" \/>\n<meta name=\"twitter:card\" content=\"summary_large_image\" \/>\n<meta name=\"twitter:label1\" content=\"Est. reading time\" \/>\n\t<meta name=\"twitter:data1\" content=\"3 minutes\" \/>\n<!-- \/ Yoast SEO plugin. -->","yoast_head_json":{"title":"GINOP Tender - Bepro Signfactory","robots":{"index":"index","follow":"follow","max-snippet":"max-snippet:-1","max-image-preview":"max-image-preview:large","max-video-preview":"max-video-preview:-1"},"canonical":"https:\/\/bepro.hu\/en\/ginop-tender\/","og_locale":"en_US","og_type":"article","og_title":"GINOP Tender - Bepro Signfactory","og_description":"[vc_row][vc_column width=&#8221;2\/3&#8243;][vc_column_text] Implementation of complex infocommunication development at Bepro Signfactory Kft. GINOP-3.2.2-8-2-4-16-2017-00186 Beneficiary: BEPRO SIGNFACTORY Korl\u00e1tolt Felel\u0151ss\u00e9g\u0171 T\u00e1rsas\u00e1g Aid amount: 5.467.200 HUF Rate of aid: 40 % Project completion date: 31.03.2020. Content of the project: implementation of a complex ERP system (COMPANY ERP &#8220;LIGHT&#8221;) consisting of the following modules: corporate CRM-Corporate Controlling, Purchasing and Logistics, &hellip; Continue reading GINOP Tender","og_url":"https:\/\/bepro.hu\/en\/ginop-tender\/","og_site_name":"Bepro Signfactory","article_modified_time":"2026-01-28T17:16:42+00:00","twitter_card":"summary_large_image","twitter_misc":{"Est. reading time":"3 minutes"},"schema":{"@context":"https:\/\/schema.org","@graph":[{"@type":"WebPage","@id":"https:\/\/bepro.hu\/en\/ginop-tender\/","url":"https:\/\/bepro.hu\/en\/ginop-tender\/","name":"GINOP Tender - Bepro Signfactory","isPartOf":{"@id":"https:\/\/bepro.hu\/en\/#website"},"datePublished":"2025-02-11T07:48:55+00:00","dateModified":"2026-01-28T17:16:42+00:00","breadcrumb":{"@id":"https:\/\/bepro.hu\/en\/ginop-tender\/#breadcrumb"},"inLanguage":"en-US","potentialAction":[{"@type":"ReadAction","target":["https:\/\/bepro.hu\/en\/ginop-tender\/"]}]},{"@type":"BreadcrumbList","@id":"https:\/\/bepro.hu\/en\/ginop-tender\/#breadcrumb","itemListElement":[{"@type":"ListItem","position":1,"name":"Kezd\u0151lap","item":"https:\/\/bepro.hu\/en\/"},{"@type":"ListItem","position":2,"name":"GINOP Tender"}]},{"@type":"WebSite","@id":"https:\/\/bepro.hu\/en\/#website","url":"https:\/\/bepro.hu\/en\/","name":"Bepro Signfactory","description":"","potentialAction":[{"@type":"SearchAction","target":{"@type":"EntryPoint","urlTemplate":"https:\/\/bepro.hu\/en\/?s={search_term_string}"},"query-input":{"@type":"PropertyValueSpecification","valueRequired":true,"valueName":"search_term_string"}}],"inLanguage":"en-US"}]}},"_links":{"self":[{"href":"https:\/\/bepro.hu\/en\/wp-json\/wp\/v2\/pages\/4590","targetHints":{"allow":["GET"]}}],"collection":[{"href":"https:\/\/bepro.hu\/en\/wp-json\/wp\/v2\/pages"}],"about":[{"href":"https:\/\/bepro.hu\/en\/wp-json\/wp\/v2\/types\/page"}],"author":[{"embeddable":true,"href":"https:\/\/bepro.hu\/en\/wp-json\/wp\/v2\/users\/1"}],"replies":[{"embeddable":true,"href":"https:\/\/bepro.hu\/en\/wp-json\/wp\/v2\/comments?post=4590"}],"version-history":[{"count":12,"href":"https:\/\/bepro.hu\/en\/wp-json\/wp\/v2\/pages\/4590\/revisions"}],"predecessor-version":[{"id":6290,"href":"https:\/\/bepro.hu\/en\/wp-json\/wp\/v2\/pages\/4590\/revisions\/6290"}],"wp:attachment":[{"href":"https:\/\/bepro.hu\/en\/wp-json\/wp\/v2\/media?parent=4590"}],"curies":[{"name":"wp","href":"https:\/\/api.w.org\/{rel}","templated":true}]}}