{"id":4673,"date":"2025-04-02T10:16:05","date_gmt":"2025-04-02T08:16:05","guid":{"rendered":"https:\/\/bepro.hu\/careers\/production-designer-production-preparer\/"},"modified":"2025-05-06T05:35:29","modified_gmt":"2025-05-06T03:35:29","slug":"production-designer-production-preparer","status":"publish","type":"page","link":"https:\/\/bepro.hu\/en\/careers\/production-designer-production-preparer\/","title":{"rendered":"Production designer &#8211; Production preparer"},"content":{"rendered":"<section class=\"wpb-content-wrapper\"><p>[vc_row][vc_column]<div class=\"tm-element-heading-wrapper tm-heading-inner tm-element-align-left tm-seperator-solid tm-heading-style-vertical \"><section class=\"tm-vc_cta3-container\"><div class=\"tm-vc_general tm-vc_cta3 tm-cta3-only tm-vc_cta3-style-classic tm-vc_cta3-shape-rounded tm-vc_cta3-align-left tm-vc_cta3-color-transparent tm-vc_cta3-icon-size-md tm-vc_cta3-actions-no tm-cta3-with-desc\"><div class=\"tm-vc_cta3_content-container\"><div class=\"tm-vc_cta3-content\"><header class=\"tm-vc_cta3-content-header tm-wrap\"><div class=\"tm-vc_cta3-headers tm-wrap-cell\"><h4 class=\"tm-custom-heading \" >Poz\u00edci\u00f3<\/h4>\n<h2 class=\"tm-custom-heading \" >Gy\u00e1rtm\u00e1nytervez\u0151 \/ Gy\u00e1rt\u00e1sel\u0151k\u00e9sz\u00edt\u0151<\/h2>\n<\/div><div class=\"heading-seperator\"><span><\/span><\/div><\/header><div class=\"tm-cta3-content-wrapper\">\n<p class=\"x_MsoNormal\"><span data-olk-copy-source=\"MessageBody\">V\u00e1llalatunk 14 \u00e9ve stabilan m\u0171k\u00f6dik, \u00e9s a min\u0151s\u00e9gre, megb\u00edzhat\u00f3s\u00e1gra, valamint az \u00fcgyfeleink el\u00e9gedetts\u00e9g\u00e9re \u00e9p\u00edt.<\/span><\/p>\n<p class=\"x_MsoNormal\">Jelenleg \u00faj&nbsp;<b>gy\u00e1rtm\u00e1nytervez\u0151 \u2013 gy\u00e1rt\u00e1sel\u0151k\u00e9sz\u00edt\u0151<\/b>&nbsp;munkat\u00e1rsat keres\u00fcnk csapatunkba, aki nagy gyakorlattal rendelkezik az egyedi gy\u00e1rt\u00e1s ter\u00fclet\u00e9n, \u00e9s sz\u00edvesen dolgozna egy hossz\u00fa t\u00e1vra tervez\u0151, tapasztalatot \u00e9rt\u00e9kel\u0151 k\u00f6rnyezetben.<\/p>\n<p><\/div><\/div><\/div><\/div><\/section><\/div> <!-- .tm-element-heading-wrapper container --> [vc_column_text]<\/p>\n<p class=\"x_MsoNormal\"><b><span data-olk-copy-source=\"MessageBody\">Our company values and prefers a high level of practical, professional experience and reliability, we are not looking for a &#8220;degree&#8221;. If professional recognition is important to you, we welcome your application! <\/span><\/b><\/p>\n<p class=\"x_MsoNormal\"><b>Place of work:<\/b> 1117 Budapest, Budafoki \u00fat 183.<\/p>\n<p class=\"x_MsoNormal\"><b>Employment:<\/b> full-time<\/p>\n<p class=\"x_MsoNormal\"><b>Company:<\/b> Bepro Signfactory Kft.<\/p>\n<div class=\"x_MsoNormal\" align=\"center\">\n<hr align=\"center\" size=\"0\" width=\"100%\">\n<\/div>\n<p class=\"x_MsoNormal\"><b>Main tasks:<\/b><\/p>\n<p class=\"x_MsoNormal\">&#8211; Preparation of production drawings for individual advertising and interior design products (e.g. signs, light boxes, totems)<\/p>\n<p class=\"x_MsoNormal\">&#8211; Compiling technical documentation and production drawings<\/p>\n<p class=\"x_MsoNormal\">&#8211; Preparation of production, material specifications<\/p>\n<p class=\"x_MsoNormal\">&#8211; Ongoing coordination with the production department to ensure feasibility<\/p>\n<p class=\"x_MsoNormal\">&#8211; Technical support and optimisation of projects<\/p>\n<div class=\"x_MsoNormal\" align=\"center\">\n<hr align=\"center\" size=\"0\" width=\"100%\">\n<\/div>\n<p class=\"x_MsoNormal\"><b>Expectations:<\/b><\/p>\n<p class=\"x_MsoNormal\">&#8211; Technical qualifications (technician, intermediate level may be appropriate)<\/p>\n<p class=\"x_MsoNormal\">&#8211; Several years, preferably more than 10 years of professional experience in the field of custom manufacturing<\/p>\n<p class=\"x_MsoNormal\">&#8211; Knowledge of Inventor, SolidWorks or other CAD design software<\/p>\n<p class=\"x_MsoNormal\">&#8211; Knowledge of vector graphics design software is an advantage (e.g. CorelDraw, Illustrator)<\/p>\n<p class=\"x_MsoNormal\">&#8211; Accurate, independent work, responsible attitude<\/p>\n<p class=\"x_MsoNormal\">&#8211; Good communication skills, willingness to cooperate<\/p>\n<p class=\"x_MsoNormal\">&#8211; Knowledge of manufacturing and materials (metal, plastic) would be an advantage<\/p>\n<p class=\"x_MsoNormal\">&#8211; Knowledge of English is an advantage but not a prerequisite<\/p>\n<div class=\"x_MsoNormal\" align=\"center\">\n<hr align=\"center\" size=\"0\" width=\"100%\">\n<\/div>\n<p class=\"x_MsoNormal\"><b>What we offer:<\/b><\/p>\n<p class=\"x_MsoNormal\">&#8211; Long-term, stable employment in a reliable, Hungarian-owned company<\/p>\n<p class=\"x_MsoNormal\">&#8211; Competitive income, with a salary commensurate with experience<\/p>\n<p class=\"x_MsoNormal\">&#8211; Comfortable, well-equipped working environment<\/p>\n<p class=\"x_MsoNormal\">&#8211; Supportive, hands-on professional team<\/p>\n<p class=\"x_MsoNormal\">&#8211; Diverse, challenging projects<\/p>\n<p class=\"x_MsoNormal\">&#8211; Opportunity for professional development, to develop existing knowledge<\/p>\n<div class=\"x_MsoNormal\" align=\"center\">\n<hr align=\"center\" size=\"0\" width=\"100%\">\n<\/div>\n<p class=\"x_MsoNormal\"><b>How to apply:<\/b><\/p>\n<p class=\"x_MsoNormal\">If you are interested in our advertisement, please send <b>your CV with a photo<\/b> and, if available, your portfolio to the following e-mail address:<\/p>\n<p class=\"x_MsoNormal\">\ud83d\udce9 <b><a id=\"LPlnk650102\" title=\"mailto:gabor.kovacs@bepro.hu\" href=\"mailto:gabor.kovacs@bepro.hu\" data-linkindex=\"0\">gabor.kovacs@bepro.hu<\/a><\/b><\/p>\n<p class=\"x_MsoNormal\">For more information, please call:<\/p>\n<p class=\"x_MsoNormal\">\ud83d\udcde <b>+36 30 944 5233<\/b><\/p>\n<p>[\/vc_column_text][\/vc_column][\/vc_row]<\/p>\n<\/section>","protected":false},"excerpt":{"rendered":"<p>[vc_row][vc_column][vc_column_text] Our company values and prefers a high level of practical, professional experience and reliability, we are not looking for a &#8220;degree&#8221;. If professional recognition is important to you, we welcome your application! Place of work: 1117 Budapest, Budafoki \u00fat 183. Employment: full-time Company: Bepro Signfactory Kft. Main tasks: &#8211; Preparation of production drawings for &hellip; <a href=\"https:\/\/bepro.hu\/en\/careers\/production-designer-production-preparer\/\" class=\"more-link\">Continue reading <span class=\"screen-reader-text\">Production designer &#8211; Production preparer<\/span><\/a><\/p>\n","protected":false},"author":1,"featured_media":0,"parent":4577,"menu_order":0,"comment_status":"closed","ping_status":"closed","template":"","meta":{"_monsterinsights_skip_tracking":false,"_monsterinsights_sitenote_active":false,"_monsterinsights_sitenote_note":"","_monsterinsights_sitenote_category":0,"ngg_post_thumbnail":0,"footnotes":""},"class_list":["post-4673","page","type-page","status-publish","hentry"],"yoast_head":"<!-- This site is optimized with the Yoast SEO plugin v27.0 - https:\/\/yoast.com\/product\/yoast-seo-wordpress\/ -->\n<title>Production designer - Production preparer - Bepro Signfactory<\/title>\n<meta name=\"robots\" content=\"index, follow, max-snippet:-1, max-image-preview:large, max-video-preview:-1\" \/>\n<link rel=\"canonical\" href=\"https:\/\/bepro.hu\/en\/careers\/production-designer-production-preparer\/\" \/>\n<meta property=\"og:locale\" content=\"en_US\" \/>\n<meta property=\"og:type\" content=\"article\" \/>\n<meta property=\"og:title\" content=\"Production designer - Production preparer - Bepro Signfactory\" \/>\n<meta property=\"og:description\" content=\"[vc_row][vc_column][vc_column_text] Our company values and prefers a high level of practical, professional experience and reliability, we are not looking for a &#8220;degree&#8221;. If professional recognition is important to you, we welcome your application! Place of work: 1117 Budapest, Budafoki \u00fat 183. Employment: full-time Company: Bepro Signfactory Kft. Main tasks: &#8211; Preparation of production drawings for &hellip; Continue reading Production designer &#8211; Production preparer\" \/>\n<meta property=\"og:url\" content=\"https:\/\/bepro.hu\/en\/careers\/production-designer-production-preparer\/\" \/>\n<meta property=\"og:site_name\" content=\"Bepro Signfactory\" \/>\n<meta property=\"article:modified_time\" content=\"2025-05-06T03:35:29+00:00\" \/>\n<meta name=\"twitter:card\" content=\"summary_large_image\" \/>\n<meta name=\"twitter:label1\" content=\"Est. reading time\" \/>\n\t<meta name=\"twitter:data1\" content=\"2 minutes\" \/>\n<!-- \/ Yoast SEO plugin. -->","yoast_head_json":{"title":"Production designer - Production preparer - Bepro Signfactory","robots":{"index":"index","follow":"follow","max-snippet":"max-snippet:-1","max-image-preview":"max-image-preview:large","max-video-preview":"max-video-preview:-1"},"canonical":"https:\/\/bepro.hu\/en\/careers\/production-designer-production-preparer\/","og_locale":"en_US","og_type":"article","og_title":"Production designer - Production preparer - Bepro Signfactory","og_description":"[vc_row][vc_column][vc_column_text] Our company values and prefers a high level of practical, professional experience and reliability, we are not looking for a &#8220;degree&#8221;. If professional recognition is important to you, we welcome your application! Place of work: 1117 Budapest, Budafoki \u00fat 183. Employment: full-time Company: Bepro Signfactory Kft. Main tasks: &#8211; Preparation of production drawings for &hellip; Continue reading Production designer &#8211; Production preparer","og_url":"https:\/\/bepro.hu\/en\/careers\/production-designer-production-preparer\/","og_site_name":"Bepro Signfactory","article_modified_time":"2025-05-06T03:35:29+00:00","twitter_card":"summary_large_image","twitter_misc":{"Est. reading time":"2 minutes"},"schema":{"@context":"https:\/\/schema.org","@graph":[{"@type":"WebPage","@id":"https:\/\/bepro.hu\/en\/careers\/production-designer-production-preparer\/","url":"https:\/\/bepro.hu\/en\/careers\/production-designer-production-preparer\/","name":"Production designer - Production preparer - Bepro Signfactory","isPartOf":{"@id":"https:\/\/bepro.hu\/en\/#website"},"datePublished":"2025-04-02T08:16:05+00:00","dateModified":"2025-05-06T03:35:29+00:00","breadcrumb":{"@id":"https:\/\/bepro.hu\/en\/careers\/production-designer-production-preparer\/#breadcrumb"},"inLanguage":"en-US","potentialAction":[{"@type":"ReadAction","target":["https:\/\/bepro.hu\/en\/careers\/production-designer-production-preparer\/"]}]},{"@type":"BreadcrumbList","@id":"https:\/\/bepro.hu\/en\/careers\/production-designer-production-preparer\/#breadcrumb","itemListElement":[{"@type":"ListItem","position":1,"name":"Kezd\u0151lap","item":"https:\/\/bepro.hu\/en\/"},{"@type":"ListItem","position":2,"name":"Careers","item":"https:\/\/bepro.hu\/en\/careers\/"},{"@type":"ListItem","position":3,"name":"Production designer &#8211; Production preparer"}]},{"@type":"WebSite","@id":"https:\/\/bepro.hu\/en\/#website","url":"https:\/\/bepro.hu\/en\/","name":"Bepro Signfactory","description":"","potentialAction":[{"@type":"SearchAction","target":{"@type":"EntryPoint","urlTemplate":"https:\/\/bepro.hu\/en\/?s={search_term_string}"},"query-input":{"@type":"PropertyValueSpecification","valueRequired":true,"valueName":"search_term_string"}}],"inLanguage":"en-US"}]}},"_links":{"self":[{"href":"https:\/\/bepro.hu\/en\/wp-json\/wp\/v2\/pages\/4673","targetHints":{"allow":["GET"]}}],"collection":[{"href":"https:\/\/bepro.hu\/en\/wp-json\/wp\/v2\/pages"}],"about":[{"href":"https:\/\/bepro.hu\/en\/wp-json\/wp\/v2\/types\/page"}],"author":[{"embeddable":true,"href":"https:\/\/bepro.hu\/en\/wp-json\/wp\/v2\/users\/1"}],"replies":[{"embeddable":true,"href":"https:\/\/bepro.hu\/en\/wp-json\/wp\/v2\/comments?post=4673"}],"version-history":[{"count":10,"href":"https:\/\/bepro.hu\/en\/wp-json\/wp\/v2\/pages\/4673\/revisions"}],"predecessor-version":[{"id":4714,"href":"https:\/\/bepro.hu\/en\/wp-json\/wp\/v2\/pages\/4673\/revisions\/4714"}],"up":[{"embeddable":true,"href":"https:\/\/bepro.hu\/en\/wp-json\/wp\/v2\/pages\/4577"}],"wp:attachment":[{"href":"https:\/\/bepro.hu\/en\/wp-json\/wp\/v2\/media?parent=4673"}],"curies":[{"name":"wp","href":"https:\/\/api.w.org\/{rel}","templated":true}]}}