{"id":4682,"date":"2025-03-18T17:53:17","date_gmt":"2025-03-18T16:53:17","guid":{"rendered":"https:\/\/bepro.hu\/careers\/designer-production-preparer\/"},"modified":"2025-05-06T05:35:29","modified_gmt":"2025-05-06T03:35:29","slug":"designer-production-preparer","status":"publish","type":"page","link":"https:\/\/bepro.hu\/en\/careers\/designer-production-preparer\/","title":{"rendered":"Designer, production preparer"},"content":{"rendered":"<section class=\"wpb-content-wrapper\"><p>[vc_row][vc_column]<div class=\"tm-element-heading-wrapper tm-heading-inner tm-element-align-left tm-seperator-solid tm-heading-style-vertical \"><section class=\"tm-vc_cta3-container\"><div class=\"tm-vc_general tm-vc_cta3 tm-cta3-only tm-vc_cta3-style-classic tm-vc_cta3-shape-rounded tm-vc_cta3-align-left tm-vc_cta3-color-transparent tm-vc_cta3-icon-size-md tm-vc_cta3-actions-no tm-cta3-with-desc\"><div class=\"tm-vc_cta3_content-container\"><div class=\"tm-vc_cta3-content\"><header class=\"tm-vc_cta3-content-header tm-wrap\"><div class=\"tm-vc_cta3-headers tm-wrap-cell\"><h4 class=\"tm-custom-heading \" >Poz\u00edci\u00f3<\/h4>\n<h2 class=\"tm-custom-heading \" >Tervez\u0151, gy\u00e1rt\u00e1sel\u0151k\u00e9sz\u00edt\u0151<\/h2>\n<\/div><div class=\"heading-seperator\"><span><\/span><\/div><\/header><div class=\"tm-cta3-content-wrapper\"><p>A Bepro Signfactory nemzetk\u00f6zi \u00fcgyf\u00e9lk\u00f6r sz\u00e1m\u00e1ra gy\u00e1rt pr\u00e9mium min\u0151s\u00e9g\u0171 rekl\u00e1mfeliratokat \u00e9s vizu\u00e1lis megjelen\u00edt\u00e9si elemeket. Innovat\u00edv megold\u00e1sokat ny\u00fajtunk \u00e9s folyamatosan fejl\u0151d\u00fcnk \u2013 most pedig egy \u00faj&nbsp;<span class=\"x_s1\"><b>tervez\u0151 \u2013 gy\u00e1rt\u00e1sel\u0151k\u00e9sz\u00edt\u0151<\/b><\/span>&nbsp;szakemberrel szeretn\u00e9nk b\u0151v\u00edteni csapatunkat.<\/p><\/div><\/div><\/div><\/div><\/section><\/div> <!-- .tm-element-heading-wrapper container --> [vc_column_text]<\/p>\n<p class=\"x_p3\"><span data-olk-copy-source=\"MessageBody\">\ud83d\udccd<\/span> <span class=\"x_s1\"><b>Where to work:<\/b><\/span> 1117 Budapest, Budafoki \u00fat 183.<\/p>\n<p class=\"x_p3\">\u23f3<span class=\"x_s1\"><b>Employment relationship:<\/b><\/span> Full-time<\/p>\n<p class=\"x_p3\">\ud83d\udcbc<span class=\"x_s1\"><b>Company:<\/b><\/span> Bepro Signfactory &#8211; a premium signage company with 13 years of stable operation<\/p>\n<p>&nbsp;<\/p>\n<p class=\"x_p1\"><b>Your tasks will be to<\/b><\/p>\n<p class=\"x_p3\">\ud83d\udd39 Production design documentation for advertising signs, panels, totems and other unique advertising and interior design products<\/p>\n<p class=\"x_p3\">\ud83d\udd39 Preparing technical drawings and documentation for production<\/p>\n<p class=\"x_p3\">\ud83d\udd39 Production preparation and technical coordination with the production department<\/p>\n<p class=\"x_p3\">\ud83d\udd39 Determining material requirements, preparing material specifications<\/p>\n<p class=\"x_p3\">\ud83d\udd39 Technical support and optimisation of projects<\/p>\n<p class=\"x_p2\">&nbsp;<\/p>\n<p class=\"x_p1\"><b>What we expect from you<\/b><\/p>\n<p class=\"x_p3\">\u2714 Technical qualifications<\/p>\n<p class=\"x_p3\">\u2714 3 &#8211; 5 years of work experience as a designer<\/p>\n<p class=\"x_p3\">\u2714 Work experience in a custom manufacturing, small business work environment<\/p>\n<p class=\"x_p3\">\u2714 Knowledge of Inventor\/SolidWorks or other design software<\/p>\n<p class=\"x_p3\">\u2714 Knowledge of vector graphic design programs (Adobe Illustrator\/CorellDraw\/Inscape or similar)<\/p>\n<p class=\"x_p3\">\u2714 Precision, independence and problem-solving skills<\/p>\n<p class=\"x_p3\">\u2714 Good communication skills, willingness to work in a team<\/p>\n<p class=\"x_p3\">\u2714 Knowledge of manufacturing processes an advantage<\/p>\n<p class=\"x_p3\">\u2714 Knowledge of metallic materials is an advantage<\/p>\n<p class=\"x_p3\">\u2714 English language skills<\/p>\n<p class=\"x_p2\">&nbsp;<\/p>\n<p class=\"x_p1\"><b>What we offer<\/b><\/p>\n<p class=\"x_p3\">\ud83d\udd39 Stable, long-term employment in a dynamic and growing company<\/p>\n<p class=\"x_p3\">\ud83d\udd39 Competitive salary and performance-related bonus<\/p>\n<p class=\"x_p3\">\ud83d\udd39 Challenging, diverse projects<\/p>\n<p class=\"x_p3\">\ud83d\udd39 Comfortable working environment and supportive team<\/p>\n<p class=\"x_p3\">\ud83d\udd39 Professional development opportunities and training<\/p>\n<p class=\"x_p2\">&nbsp;<\/p>\n<p class=\"x_p3\">If you want to be part of an innovative, dynamic team and are interested in the world of advertising, we welcome your application!<\/p>\n<p class=\"x_p2\">&nbsp;<\/p>\n<p class=\"x_p3\">\ud83d\udce9<span class=\"x_s1\"><b>Apply at<\/b><\/span>:<\/p>\n<p class=\"x_p3\">Send your CV with a photo, cover letter and portfolio (if you have one) to <a id=\"LPlnk160862\" title=\"mailto:gabor.kovacs@bepro.hu\" href=\"mailto:gabor.kovacs@bepro.hu\" data-linkindex=\"0\">gabor.kovacs@bepro.hu<\/a> with the subject line &#8220;Production Designer &#8211; Production Prepare&#8221;.<\/p>\n<p class=\"x_p3\">To enquire about the position, please call <b>+36 30 944 5233<\/b>.<\/p>\n<p class=\"x_p3\">Join us and design spectacular solutions! \ud83d\ude80<\/p>\n<p>[\/vc_column_text][\/vc_column][\/vc_row]<\/p>\n<\/section>","protected":false},"excerpt":{"rendered":"<p>[vc_row][vc_column][vc_column_text] \ud83d\udccd Where to work: 1117 Budapest, Budafoki \u00fat 183. \u23f3Employment relationship: Full-time \ud83d\udcbcCompany: Bepro Signfactory &#8211; a premium signage company with 13 years of stable operation &nbsp; Your tasks will be to \ud83d\udd39 Production design documentation for advertising signs, panels, totems and other unique advertising and interior design products \ud83d\udd39 Preparing technical drawings and &hellip; <a href=\"https:\/\/bepro.hu\/en\/careers\/designer-production-preparer\/\" class=\"more-link\">Continue reading <span class=\"screen-reader-text\">Designer, production preparer<\/span><\/a><\/p>\n","protected":false},"author":1,"featured_media":0,"parent":4577,"menu_order":0,"comment_status":"closed","ping_status":"closed","template":"","meta":{"_monsterinsights_skip_tracking":false,"_monsterinsights_sitenote_active":false,"_monsterinsights_sitenote_note":"","_monsterinsights_sitenote_category":0,"ngg_post_thumbnail":0,"footnotes":""},"class_list":["post-4682","page","type-page","status-publish","hentry"],"yoast_head":"<!-- This site is optimized with the Yoast SEO plugin v27.0 - https:\/\/yoast.com\/product\/yoast-seo-wordpress\/ -->\n<title>Designer, production preparer - Bepro Signfactory<\/title>\n<meta name=\"robots\" content=\"index, follow, max-snippet:-1, max-image-preview:large, max-video-preview:-1\" \/>\n<link rel=\"canonical\" href=\"https:\/\/bepro.hu\/en\/careers\/designer-production-preparer\/\" \/>\n<meta property=\"og:locale\" content=\"en_US\" \/>\n<meta property=\"og:type\" content=\"article\" \/>\n<meta property=\"og:title\" content=\"Designer, production preparer - Bepro Signfactory\" \/>\n<meta property=\"og:description\" content=\"[vc_row][vc_column][vc_column_text] \ud83d\udccd Where to work: 1117 Budapest, Budafoki \u00fat 183. \u23f3Employment relationship: Full-time \ud83d\udcbcCompany: Bepro Signfactory &#8211; a premium signage company with 13 years of stable operation &nbsp; Your tasks will be to \ud83d\udd39 Production design documentation for advertising signs, panels, totems and other unique advertising and interior design products \ud83d\udd39 Preparing technical drawings and &hellip; Continue reading Designer, production preparer\" \/>\n<meta property=\"og:url\" content=\"https:\/\/bepro.hu\/en\/careers\/designer-production-preparer\/\" \/>\n<meta property=\"og:site_name\" content=\"Bepro Signfactory\" \/>\n<meta property=\"article:modified_time\" content=\"2025-05-06T03:35:29+00:00\" \/>\n<meta name=\"twitter:card\" content=\"summary_large_image\" \/>\n<meta name=\"twitter:label1\" content=\"Est. reading time\" \/>\n\t<meta name=\"twitter:data1\" content=\"2 minutes\" \/>\n<!-- \/ Yoast SEO plugin. -->","yoast_head_json":{"title":"Designer, production preparer - Bepro Signfactory","robots":{"index":"index","follow":"follow","max-snippet":"max-snippet:-1","max-image-preview":"max-image-preview:large","max-video-preview":"max-video-preview:-1"},"canonical":"https:\/\/bepro.hu\/en\/careers\/designer-production-preparer\/","og_locale":"en_US","og_type":"article","og_title":"Designer, production preparer - Bepro Signfactory","og_description":"[vc_row][vc_column][vc_column_text] \ud83d\udccd Where to work: 1117 Budapest, Budafoki \u00fat 183. \u23f3Employment relationship: Full-time \ud83d\udcbcCompany: Bepro Signfactory &#8211; a premium signage company with 13 years of stable operation &nbsp; Your tasks will be to \ud83d\udd39 Production design documentation for advertising signs, panels, totems and other unique advertising and interior design products \ud83d\udd39 Preparing technical drawings and &hellip; Continue reading Designer, production preparer","og_url":"https:\/\/bepro.hu\/en\/careers\/designer-production-preparer\/","og_site_name":"Bepro Signfactory","article_modified_time":"2025-05-06T03:35:29+00:00","twitter_card":"summary_large_image","twitter_misc":{"Est. reading time":"2 minutes"},"schema":{"@context":"https:\/\/schema.org","@graph":[{"@type":"WebPage","@id":"https:\/\/bepro.hu\/en\/careers\/designer-production-preparer\/","url":"https:\/\/bepro.hu\/en\/careers\/designer-production-preparer\/","name":"Designer, production preparer - Bepro Signfactory","isPartOf":{"@id":"https:\/\/bepro.hu\/en\/#website"},"datePublished":"2025-03-18T16:53:17+00:00","dateModified":"2025-05-06T03:35:29+00:00","breadcrumb":{"@id":"https:\/\/bepro.hu\/en\/careers\/designer-production-preparer\/#breadcrumb"},"inLanguage":"en-US","potentialAction":[{"@type":"ReadAction","target":["https:\/\/bepro.hu\/en\/careers\/designer-production-preparer\/"]}]},{"@type":"BreadcrumbList","@id":"https:\/\/bepro.hu\/en\/careers\/designer-production-preparer\/#breadcrumb","itemListElement":[{"@type":"ListItem","position":1,"name":"Kezd\u0151lap","item":"https:\/\/bepro.hu\/en\/"},{"@type":"ListItem","position":2,"name":"Careers","item":"https:\/\/bepro.hu\/en\/careers\/"},{"@type":"ListItem","position":3,"name":"Designer, production preparer"}]},{"@type":"WebSite","@id":"https:\/\/bepro.hu\/en\/#website","url":"https:\/\/bepro.hu\/en\/","name":"Bepro Signfactory","description":"","potentialAction":[{"@type":"SearchAction","target":{"@type":"EntryPoint","urlTemplate":"https:\/\/bepro.hu\/en\/?s={search_term_string}"},"query-input":{"@type":"PropertyValueSpecification","valueRequired":true,"valueName":"search_term_string"}}],"inLanguage":"en-US"}]}},"_links":{"self":[{"href":"https:\/\/bepro.hu\/en\/wp-json\/wp\/v2\/pages\/4682","targetHints":{"allow":["GET"]}}],"collection":[{"href":"https:\/\/bepro.hu\/en\/wp-json\/wp\/v2\/pages"}],"about":[{"href":"https:\/\/bepro.hu\/en\/wp-json\/wp\/v2\/types\/page"}],"author":[{"embeddable":true,"href":"https:\/\/bepro.hu\/en\/wp-json\/wp\/v2\/users\/1"}],"replies":[{"embeddable":true,"href":"https:\/\/bepro.hu\/en\/wp-json\/wp\/v2\/comments?post=4682"}],"version-history":[{"count":1,"href":"https:\/\/bepro.hu\/en\/wp-json\/wp\/v2\/pages\/4682\/revisions"}],"predecessor-version":[{"id":4687,"href":"https:\/\/bepro.hu\/en\/wp-json\/wp\/v2\/pages\/4682\/revisions\/4687"}],"up":[{"embeddable":true,"href":"https:\/\/bepro.hu\/en\/wp-json\/wp\/v2\/pages\/4577"}],"wp:attachment":[{"href":"https:\/\/bepro.hu\/en\/wp-json\/wp\/v2\/media?parent=4682"}],"curies":[{"name":"wp","href":"https:\/\/api.w.org\/{rel}","templated":true}]}}