{"id":4688,"date":"2025-02-28T06:35:08","date_gmt":"2025-02-28T05:35:08","guid":{"rendered":"https:\/\/bepro.hu\/careers\/technical-manager\/"},"modified":"2025-05-06T05:35:30","modified_gmt":"2025-05-06T03:35:30","slug":"technical-manager","status":"publish","type":"page","link":"https:\/\/bepro.hu\/en\/careers\/technical-manager\/","title":{"rendered":"Technical Manager"},"content":{"rendered":"<section class=\"wpb-content-wrapper\"><p>[vc_row][vc_column]<div class=\"tm-element-heading-wrapper tm-heading-inner tm-element-align-left tm-seperator-solid tm-heading-style-vertical \"><section class=\"tm-vc_cta3-container\"><div class=\"tm-vc_general tm-vc_cta3 tm-cta3-only tm-vc_cta3-style-classic tm-vc_cta3-shape-rounded tm-vc_cta3-align-left tm-vc_cta3-color-transparent tm-vc_cta3-icon-size-md tm-vc_cta3-actions-no tm-cta3-with-desc\"><div class=\"tm-vc_cta3_content-container\"><div class=\"tm-vc_cta3-content\"><header class=\"tm-vc_cta3-content-header tm-wrap\"><div class=\"tm-vc_cta3-headers tm-wrap-cell\"><h4 class=\"tm-custom-heading \" >Poz\u00edci\u00f3<\/h4>\n<h2 class=\"tm-custom-heading \" >M\u0170SZAKI PROJEKTMENEDZSER<\/h2>\n<\/div><div class=\"heading-seperator\"><span><\/span><\/div><\/header><div class=\"tm-cta3-content-wrapper\">\n<p class=\"x_MsoNormal\"><span data-olk-copy-source=\"MessageBody\">\ud83d\udca1<\/span>&nbsp;<b>Szeretn\u00e9l egy dinamikusan fejl\u0151d\u0151, nemzetk\u00f6zi szinten is elismert rekl\u00e1mfelirat-gy\u00e1rt\u00f3 c\u00e9g vezet\u0151i csapat\u00e1nak r\u00e9sze lenni?<\/b>&nbsp;<\/p>\n<p class=\"x_MsoNormal\">C\u00e9g\u00fcnk a Bepro Signfactory t\u00f6bb mint 13 \u00e9ve m\u0171k\u00f6dik sikeresen, \u00e9s olyan vil\u00e1gm\u00e1rk\u00e1k sz\u00e1m\u00e1ra k\u00e9sz\u00edt egyedi vil\u00e1g\u00edt\u00f3- \u00e9s rekl\u00e1mfeliratokat, akik a min\u0151s\u00e9gben \u00e9s megb\u00edzhat\u00f3s\u00e1gban hisznek.<\/p>\n<p class=\"x_MsoNormal\">Ha m\u0171szaki be\u00e1ll\u00edtotts\u00e1g\u00fa vagy, \u00e9s szeretn\u00e9d egy professzion\u00e1lis csapat munk\u00e1j\u00e1t ir\u00e1ny\u00edtani, akkor n\u00e1lunk a helyed!&nbsp;\ud83d\ude80<\/p>\n<p><\/div><\/div><\/div><\/div><\/section><\/div> <!-- .tm-element-heading-wrapper container --> [vc_column_text]<\/p>\n<p class=\"x_MsoNormal\"><b><span data-olk-copy-source=\"MessageBody\">Apply now!&nbsp;<\/span><\/b><\/p>\n<p class=\"x_MsoNormal\">\ud83d\udce9 Send it to <b><u>your photo CV<\/u><\/b> and <b><u>a cover letter<\/u><\/b> to the following email address:  <b><a title=\"mailto:gabor.kovacs@bepro.hu\" href=\"mailto:gabor.kovacs@bepro.hu\" data-linkindex=\"1\">gabor.kovacs@bepro.hu<\/a><\/b><\/p>\n<p><b>\ud83d\udcde<span class=\"x_apple-converted-space\"> <\/span><strong>To enquire about the position<\/strong><\/b><strong> a <a href=\"tel:36309445233\">+36 30 944 5233<\/a><\/strong><strong> phone number.<\/strong>[\/vc_column_text][vc_column_text]<\/p>\n<p class=\"x_MsoNormal\"><b>\ud83d\udd27<\/b><b> Your main tasks:<\/b><\/p>\n<p class=\"x_MsoNormal\">\u2705 Project scheduling and implementation and execution.<\/p>\n<p class=\"x_MsoNormal\">\u2705 Preparing project budgets, managing resources efficiently.<\/p>\n<p class=\"x_MsoNormal\">\u2705 Liaising with clients and partners, assessing and clarifying client needs.<\/p>\n<p class=\"x_MsoNormal\">\u2705 Coordinating manufacturing and construction teams, meeting and enforcing deadlines.<\/p>\n<p class=\"x_MsoNormal\">\u2705 Technical and operational management of projects.<\/p>\n<p class=\"x_MsoNormal\">\u2705 Handing over projects, confirming deliverables, issuing invoices<\/p>\n<p class=\"x_MsoNormal\">\u2705 Preparation of handover documentation<\/p>\n<p>&nbsp;<\/p>\n<p class=\"x_MsoNormal\"><b>\ud83d\udccc<\/b><b> <\/b><b>Elv<\/b><b>\u00e1<\/b><b>r<\/b><b>\u00e1<\/b><b>we have:<\/b><\/p>\n<p class=\"x_MsoNormal\">\u2714 Higher technical education (construction, woodworking or electricity preferred).<\/p>\n<p class=\"x_MsoNormal\">\u2714 <b>Minimum 3-5 years of experience<\/b> in project management.<\/p>\n<p class=\"x_MsoNormal\">\u2714 Excellent organisational skills and ability to meet deadlines.<\/p>\n<p class=\"x_MsoNormal\">\u2714 Proficiency in manufacturing and technical processes.<\/p>\n<p class=\"x_MsoNormal\">\u2714 Strategic thinking and problem-solving skills.<\/p>\n<p class=\"x_MsoNormal\">\u2714 Self-motivation, determination and excellent communication skills.<\/p>\n<p class=\"x_MsoNormal\">\u2714Experience in custom manufacturing, e.g. custom furniture production, <b>is an advantage<\/b> <\/p>\n<p>&nbsp;<\/p>\n<p class=\"x_MsoNormal\"><b>\ud83c\udf81<\/b><b> <\/b><b>What we<\/b><b>\u00ed<\/b><b>n<\/b><b>\u00e1<\/b><b>we have:<\/b><\/p>\n<p class=\"x_MsoNormal\">\ud83d\udcb0 <b>Competitive salary + performance-related bonus<\/b>&nbsp;<\/p>\n<p class=\"x_MsoNormal\">\ud83c\udfe2 <b>Stable, long-term job opportunities<\/b>&nbsp;<\/p>\n<p class=\"x_MsoNormal\">\ud83d\ude80 <b>Pleasant working environment, exciting projects<\/b>&nbsp;<\/p>\n<p class=\"x_MsoNormal\">\ud83d\udcc8 <b>Career development and professional growth<\/b>&nbsp;<\/p>\n<p class=\"x_MsoNormal\">\ud83e\udd1d <b>Dynamic, supportive team, friendly atmosphere<\/b><\/p>\n<p class=\"x_MsoNormal\">\ud83d\udc49 Be part of a <b>successful, innovative and dynamic team!<\/b> \ud83d\udd25<\/p>\n<p>Email: <a title=\"mailto:gabor.kovacs@bepro.hu\" href=\"mailto:gabor.kovacs@bepro.hu\" data-linkindex=\"1\">gabor.kovacs@bepro.hu<\/a><br \/>\nPhone:   <a href=\"tel:36309445233\">+36309445233<\/a>[\/vc_column_text][\/vc_column][\/vc_row]<\/p>\n<\/section>","protected":false},"excerpt":{"rendered":"<p>[vc_row][vc_column][vc_column_text] Apply now!&nbsp; \ud83d\udce9 Send it to your photo CV and a cover letter to the following email address: gabor.kovacs@bepro.hu \ud83d\udcde To enquire about the position a +36 30 944 5233 phone number.[\/vc_column_text][vc_column_text] \ud83d\udd27 Your main tasks: \u2705 Project scheduling and implementation and execution. \u2705 Preparing project budgets, managing resources efficiently. \u2705 Liaising with clients &hellip; <a href=\"https:\/\/bepro.hu\/en\/careers\/technical-manager\/\" class=\"more-link\">Continue reading <span class=\"screen-reader-text\">Technical Manager<\/span><\/a><\/p>\n","protected":false},"author":1,"featured_media":0,"parent":4577,"menu_order":0,"comment_status":"closed","ping_status":"closed","template":"","meta":{"_monsterinsights_skip_tracking":false,"_monsterinsights_sitenote_active":false,"_monsterinsights_sitenote_note":"","_monsterinsights_sitenote_category":0,"ngg_post_thumbnail":0,"footnotes":""},"class_list":["post-4688","page","type-page","status-publish","hentry"],"yoast_head":"<!-- This site is optimized with the Yoast SEO plugin v27.0 - https:\/\/yoast.com\/product\/yoast-seo-wordpress\/ -->\n<title>Technical Manager - Bepro Signfactory<\/title>\n<meta name=\"robots\" content=\"index, follow, max-snippet:-1, max-image-preview:large, max-video-preview:-1\" \/>\n<link rel=\"canonical\" href=\"https:\/\/bepro.hu\/en\/careers\/technical-manager\/\" \/>\n<meta property=\"og:locale\" content=\"en_US\" \/>\n<meta property=\"og:type\" content=\"article\" \/>\n<meta property=\"og:title\" content=\"Technical Manager - Bepro Signfactory\" \/>\n<meta property=\"og:description\" content=\"[vc_row][vc_column][vc_column_text] Apply now!&nbsp; \ud83d\udce9 Send it to your photo CV and a cover letter to the following email address: gabor.kovacs@bepro.hu \ud83d\udcde To enquire about the position a +36 30 944 5233 phone number.[\/vc_column_text][vc_column_text] \ud83d\udd27 Your main tasks: \u2705 Project scheduling and implementation and execution. \u2705 Preparing project budgets, managing resources efficiently. \u2705 Liaising with clients &hellip; Continue reading Technical Manager\" \/>\n<meta property=\"og:url\" content=\"https:\/\/bepro.hu\/en\/careers\/technical-manager\/\" \/>\n<meta property=\"og:site_name\" content=\"Bepro Signfactory\" \/>\n<meta property=\"article:modified_time\" content=\"2025-05-06T03:35:30+00:00\" \/>\n<meta name=\"twitter:card\" content=\"summary_large_image\" \/>\n<meta name=\"twitter:label1\" content=\"Est. reading time\" \/>\n\t<meta name=\"twitter:data1\" content=\"2 minutes\" \/>\n<!-- \/ Yoast SEO plugin. -->","yoast_head_json":{"title":"Technical Manager - Bepro Signfactory","robots":{"index":"index","follow":"follow","max-snippet":"max-snippet:-1","max-image-preview":"max-image-preview:large","max-video-preview":"max-video-preview:-1"},"canonical":"https:\/\/bepro.hu\/en\/careers\/technical-manager\/","og_locale":"en_US","og_type":"article","og_title":"Technical Manager - Bepro Signfactory","og_description":"[vc_row][vc_column][vc_column_text] Apply now!&nbsp; \ud83d\udce9 Send it to your photo CV and a cover letter to the following email address: gabor.kovacs@bepro.hu \ud83d\udcde To enquire about the position a +36 30 944 5233 phone number.[\/vc_column_text][vc_column_text] \ud83d\udd27 Your main tasks: \u2705 Project scheduling and implementation and execution. \u2705 Preparing project budgets, managing resources efficiently. \u2705 Liaising with clients &hellip; Continue reading Technical Manager","og_url":"https:\/\/bepro.hu\/en\/careers\/technical-manager\/","og_site_name":"Bepro Signfactory","article_modified_time":"2025-05-06T03:35:30+00:00","twitter_card":"summary_large_image","twitter_misc":{"Est. reading time":"2 minutes"},"schema":{"@context":"https:\/\/schema.org","@graph":[{"@type":"WebPage","@id":"https:\/\/bepro.hu\/en\/careers\/technical-manager\/","url":"https:\/\/bepro.hu\/en\/careers\/technical-manager\/","name":"Technical Manager - Bepro Signfactory","isPartOf":{"@id":"https:\/\/bepro.hu\/en\/#website"},"datePublished":"2025-02-28T05:35:08+00:00","dateModified":"2025-05-06T03:35:30+00:00","breadcrumb":{"@id":"https:\/\/bepro.hu\/en\/careers\/technical-manager\/#breadcrumb"},"inLanguage":"en-US","potentialAction":[{"@type":"ReadAction","target":["https:\/\/bepro.hu\/en\/careers\/technical-manager\/"]}]},{"@type":"BreadcrumbList","@id":"https:\/\/bepro.hu\/en\/careers\/technical-manager\/#breadcrumb","itemListElement":[{"@type":"ListItem","position":1,"name":"Kezd\u0151lap","item":"https:\/\/bepro.hu\/en\/"},{"@type":"ListItem","position":2,"name":"Careers","item":"https:\/\/bepro.hu\/en\/careers\/"},{"@type":"ListItem","position":3,"name":"Technical Manager"}]},{"@type":"WebSite","@id":"https:\/\/bepro.hu\/en\/#website","url":"https:\/\/bepro.hu\/en\/","name":"Bepro Signfactory","description":"","potentialAction":[{"@type":"SearchAction","target":{"@type":"EntryPoint","urlTemplate":"https:\/\/bepro.hu\/en\/?s={search_term_string}"},"query-input":{"@type":"PropertyValueSpecification","valueRequired":true,"valueName":"search_term_string"}}],"inLanguage":"en-US"}]}},"_links":{"self":[{"href":"https:\/\/bepro.hu\/en\/wp-json\/wp\/v2\/pages\/4688","targetHints":{"allow":["GET"]}}],"collection":[{"href":"https:\/\/bepro.hu\/en\/wp-json\/wp\/v2\/pages"}],"about":[{"href":"https:\/\/bepro.hu\/en\/wp-json\/wp\/v2\/types\/page"}],"author":[{"embeddable":true,"href":"https:\/\/bepro.hu\/en\/wp-json\/wp\/v2\/users\/1"}],"replies":[{"embeddable":true,"href":"https:\/\/bepro.hu\/en\/wp-json\/wp\/v2\/comments?post=4688"}],"version-history":[{"count":1,"href":"https:\/\/bepro.hu\/en\/wp-json\/wp\/v2\/pages\/4688\/revisions"}],"predecessor-version":[{"id":4699,"href":"https:\/\/bepro.hu\/en\/wp-json\/wp\/v2\/pages\/4688\/revisions\/4699"}],"up":[{"embeddable":true,"href":"https:\/\/bepro.hu\/en\/wp-json\/wp\/v2\/pages\/4577"}],"wp:attachment":[{"href":"https:\/\/bepro.hu\/en\/wp-json\/wp\/v2\/media?parent=4688"}],"curies":[{"name":"wp","href":"https:\/\/api.w.org\/{rel}","templated":true}]}}