{"id":5254,"date":"2025-05-14T09:52:37","date_gmt":"2025-05-14T07:52:37","guid":{"rendered":"https:\/\/bepro.hu\/careers\/finance-officer\/"},"modified":"2025-05-16T18:36:01","modified_gmt":"2025-05-16T16:36:01","slug":"finance-officer","status":"publish","type":"page","link":"https:\/\/bepro.hu\/en\/careers\/finance-officer\/","title":{"rendered":"Finance Officer"},"content":{"rendered":"<section class=\"wpb-content-wrapper\"><p>[vc_row][vc_column]<div class=\"tm-element-heading-wrapper tm-heading-inner tm-element-align-left tm-seperator-solid tm-heading-style-vertical \"><section class=\"tm-vc_cta3-container\"><div class=\"tm-vc_general tm-vc_cta3 tm-cta3-only tm-vc_cta3-style-classic tm-vc_cta3-shape-rounded tm-vc_cta3-align-left tm-vc_cta3-color-transparent tm-vc_cta3-icon-size-md tm-vc_cta3-actions-no tm-cta3-with-desc\"><div class=\"tm-vc_cta3_content-container\"><div class=\"tm-vc_cta3-content\"><header class=\"tm-vc_cta3-content-header tm-wrap\"><div class=\"tm-vc_cta3-headers tm-wrap-cell\"><h4 class=\"tm-custom-heading \" >Poz\u00edci\u00f3<\/h4>\n<h2 class=\"tm-custom-heading \" >P\u00e9nz\u00fcgyi munkat\u00e1rs<\/h2>\n<\/div><div class=\"heading-seperator\"><span><\/span><\/div><\/header><div class=\"tm-cta3-content-wrapper\">\n<p data-olk-copy-source=\"MessageBody\">A Bepro Signfactory Kft. p\u00e9nz\u00fcgyi csapat\u00e1ba keres\u00fcnk olyan elk\u00f6telezett \u00e9s gyakorlatorient\u00e1lt szakembert, aki nemcsak kiv\u00e1l\u00f3an haszn\u00e1lja az Excelt (pivot, f\u00fcggv\u00e9nyek, makr\u00f3z\u00e1s), hanem \u00e9rti a p\u00e9nz\u00fcgyi folyamatok \u00fczleti \u00f6sszef\u00fcgg\u00e9seit is.<\/p>\n<p>Leend\u0151 koll\u00e9g\u00e1nk akt\u00edvan r\u00e9szt vesz a p\u00e9nz\u00fcgyi riport\u00e1l\u00e1sban, projektut\u00f3kalkul\u00e1ci\u00f3kban, b\u00f3nuszsz\u00e1m\u00edt\u00e1sokban \u00e9s kontrolling jelleg\u0171 feladatokban, k\u00f6zvetlen hat\u00e1ssal a v\u00e1llalat hat\u00e9konys\u00e1g\u00e1ra \u00e9s eredm\u00e9nyess\u00e9g\u00e9re.<\/p>\n<p>Ha prec\u00edz, analitikus gondolkod\u00e1s\u00fa vagy, \u00e9rdekel a projektalap\u00fa gy\u00e1rt\u00e1s p\u00e9nz\u00fcgyi h\u00e1ttere, \u00e9s fejl\u0151dni szeretn\u00e9l egy stabil, nemzetk\u00f6zi partnerekkel dolgoz\u00f3 magyar tulajdon\u00fa kisv\u00e1llalatn\u00e1l \u2013 v\u00e1rjuk jelentkez\u00e9sedet.<\/p><\/div><\/div><\/div><\/div><\/section><\/div> <!-- .tm-element-heading-wrapper container --> [vc_column_text]<b>Location:<\/b> Budapest, XI. district, Budafoki \u00fat 183. <\/p>\n<p><b>Work:<\/b> full-time, part-time per week&nbsp;with <b>home office<\/b> facilities<\/p>\n<div align=\"center\">\n<hr align=\"center\" size=\"1\" width=\"100%\">\n<\/div>\n<p><b>Who are we looking for?<\/b><\/p>\n<p>A precise, logical thinker,&nbsp;a finance professional <b>with excellent Excel skills<\/b>, who likes to dive into the numbers but is also keen to understand the context behind business processes.<\/p>\n<div align=\"center\">\n<hr align=\"center\" size=\"1\" width=\"100%\">\n<\/div>\n<p><b>You will have tasks:<\/b><\/p>\n<ul type=\"disc\">\n<li>Preparing financial statements, reports and analyses to support management decisions<\/li>\n<li><b>Preparation of project post calculations and profitability studies<\/b><\/li>\n<li>Perform <b>bonus calculations<\/b> based on the internal incentive scheme<\/li>\n<li><b>Performing controlling tasks<\/b>, e.g. cost monitoring, plan-fact analysis, tracking indicators<\/li>\n<li><b>Providing data for financial planning<\/b>, internal statistics and management statements<\/li>\n<li><b>Invoicing, checking and recording incoming invoices<\/b> in the accounting system<\/li>\n<li><b>Preparing a transfer list<\/b>, recording bank transfers<\/li>\n<li><b>Administration and reconciliation of withholdings<\/b><\/li>\n<li><b>Providing data to external accounting<\/b>, financial statistics and planning data<\/li>\n<li><b>Excel-based data processing, macros, pivot tables,<\/b> use of <b>complex functions<\/b> <\/li>\n<li>Support monthly closing processes, record keeping<\/li>\n<\/ul>\n<div align=\"center\">\n<hr align=\"center\" size=\"0\" width=\"100%\">\n<\/div>\n<p><b>What we expect:<\/b><\/p>\n<ul type=\"disc\">\n<li>High level <b>of Excel knowledge<\/b> (pivot tables, complex functions, macros an advantage)<\/li>\n<li>Precision, analytical thinking<\/li>\n<li>At least 2-3 years&#8217; experience in a similar role<\/li>\n<li>Financial or economic qualifications<\/li>\n<li>Reliability, discretion and autonomy<\/li>\n<\/ul>\n<div align=\"center\">\n<hr align=\"center\" size=\"0\" width=\"100%\">\n<\/div>\n<p><b>An advantage:<\/b><\/p>\n<ul type=\"disc\">\n<li>Experience\/interest in controlling or financial analysis<\/li>\n<\/ul>\n<ul type=\"disc\">\n<li>VBA skills (Visual Basic for Applications &#8211; automation in Excel)<\/li>\n<li>Experience in a manufacturing or project-based company<\/li>\n<li>Knowledge of MiniCRM and\/or Company Manager systems<\/li>\n<\/ul>\n<div align=\"center\">\n<hr align=\"center\" size=\"0\" width=\"100%\">\n<\/div>\n<p><b>What we offer:<\/b><\/p>\n<ul type=\"disc\">\n<li>Stable background, long-term job opportunities<\/li>\n<li>Family working environment<\/li>\n<li>Partial <b>home office facility<\/b><\/li>\n<li>Deserving responsibility and professional development opportunities<\/li>\n<li>Flexible attitude, supportive leadership<\/li>\n<\/ul>\n<div align=\"center\">\n<hr align=\"center\" size=\"0\" width=\"100%\">\n<\/div>\n<p><b>How to apply:<\/b><\/p>\n<p>Send your CV with a photo to&nbsp;<b><a id=\"LPlnk673039\" title=\"mailto:gabor.kovacs@bepro.hu\" href=\"mailto:gabor.kovacs@bepro.hu\" data-linkindex=\"0\">gabor.kovacs@bepro.hu<\/a><\/b> with the subject line &#8220;<b>Financial Officer<\/b>&#8220;.[\/vc_column_text][\/vc_column][\/vc_row]<\/p>\n<\/section>","protected":false},"excerpt":{"rendered":"<p>[vc_row][vc_column][vc_column_text]Location: Budapest, XI. district, Budafoki \u00fat 183. Work: full-time, part-time per week&nbsp;with home office facilities Who are we looking for? A precise, logical thinker,&nbsp;a finance professional with excellent Excel skills, who likes to dive into the numbers but is also keen to understand the context behind business processes. You will have tasks: Preparing financial statements, &hellip; <a href=\"https:\/\/bepro.hu\/en\/careers\/finance-officer\/\" class=\"more-link\">Continue reading <span class=\"screen-reader-text\">Finance Officer<\/span><\/a><\/p>\n","protected":false},"author":1,"featured_media":0,"parent":4577,"menu_order":0,"comment_status":"closed","ping_status":"closed","template":"","meta":{"_monsterinsights_skip_tracking":false,"_monsterinsights_sitenote_active":false,"_monsterinsights_sitenote_note":"","_monsterinsights_sitenote_category":0,"ngg_post_thumbnail":0,"footnotes":""},"class_list":["post-5254","page","type-page","status-publish","hentry"],"yoast_head":"<!-- This site is optimized with the Yoast SEO plugin v27.0 - https:\/\/yoast.com\/product\/yoast-seo-wordpress\/ -->\n<title>Finance Officer - Bepro Signfactory<\/title>\n<meta name=\"robots\" content=\"index, follow, max-snippet:-1, max-image-preview:large, max-video-preview:-1\" \/>\n<link rel=\"canonical\" href=\"https:\/\/bepro.hu\/en\/careers\/finance-officer\/\" \/>\n<meta property=\"og:locale\" content=\"en_US\" \/>\n<meta property=\"og:type\" content=\"article\" \/>\n<meta property=\"og:title\" content=\"Finance Officer - Bepro Signfactory\" \/>\n<meta property=\"og:description\" content=\"[vc_row][vc_column][vc_column_text]Location: Budapest, XI. district, Budafoki \u00fat 183. Work: full-time, part-time per week&nbsp;with home office facilities Who are we looking for? A precise, logical thinker,&nbsp;a finance professional with excellent Excel skills, who likes to dive into the numbers but is also keen to understand the context behind business processes. You will have tasks: Preparing financial statements, &hellip; Continue reading Finance Officer\" \/>\n<meta property=\"og:url\" content=\"https:\/\/bepro.hu\/en\/careers\/finance-officer\/\" \/>\n<meta property=\"og:site_name\" content=\"Bepro Signfactory\" \/>\n<meta property=\"article:modified_time\" content=\"2025-05-16T16:36:01+00:00\" \/>\n<meta name=\"twitter:card\" content=\"summary_large_image\" \/>\n<meta name=\"twitter:label1\" content=\"Est. reading time\" \/>\n\t<meta name=\"twitter:data1\" content=\"2 minutes\" \/>\n<!-- \/ Yoast SEO plugin. -->","yoast_head_json":{"title":"Finance Officer - Bepro Signfactory","robots":{"index":"index","follow":"follow","max-snippet":"max-snippet:-1","max-image-preview":"max-image-preview:large","max-video-preview":"max-video-preview:-1"},"canonical":"https:\/\/bepro.hu\/en\/careers\/finance-officer\/","og_locale":"en_US","og_type":"article","og_title":"Finance Officer - Bepro Signfactory","og_description":"[vc_row][vc_column][vc_column_text]Location: Budapest, XI. district, Budafoki \u00fat 183. Work: full-time, part-time per week&nbsp;with home office facilities Who are we looking for? A precise, logical thinker,&nbsp;a finance professional with excellent Excel skills, who likes to dive into the numbers but is also keen to understand the context behind business processes. You will have tasks: Preparing financial statements, &hellip; Continue reading Finance Officer","og_url":"https:\/\/bepro.hu\/en\/careers\/finance-officer\/","og_site_name":"Bepro Signfactory","article_modified_time":"2025-05-16T16:36:01+00:00","twitter_card":"summary_large_image","twitter_misc":{"Est. reading time":"2 minutes"},"schema":{"@context":"https:\/\/schema.org","@graph":[{"@type":"WebPage","@id":"https:\/\/bepro.hu\/en\/careers\/finance-officer\/","url":"https:\/\/bepro.hu\/en\/careers\/finance-officer\/","name":"Finance Officer - Bepro Signfactory","isPartOf":{"@id":"https:\/\/bepro.hu\/en\/#website"},"datePublished":"2025-05-14T07:52:37+00:00","dateModified":"2025-05-16T16:36:01+00:00","breadcrumb":{"@id":"https:\/\/bepro.hu\/en\/careers\/finance-officer\/#breadcrumb"},"inLanguage":"en-US","potentialAction":[{"@type":"ReadAction","target":["https:\/\/bepro.hu\/en\/careers\/finance-officer\/"]}]},{"@type":"BreadcrumbList","@id":"https:\/\/bepro.hu\/en\/careers\/finance-officer\/#breadcrumb","itemListElement":[{"@type":"ListItem","position":1,"name":"Kezd\u0151lap","item":"https:\/\/bepro.hu\/en\/"},{"@type":"ListItem","position":2,"name":"Careers","item":"https:\/\/bepro.hu\/en\/careers\/"},{"@type":"ListItem","position":3,"name":"Finance Officer"}]},{"@type":"WebSite","@id":"https:\/\/bepro.hu\/en\/#website","url":"https:\/\/bepro.hu\/en\/","name":"Bepro Signfactory","description":"","potentialAction":[{"@type":"SearchAction","target":{"@type":"EntryPoint","urlTemplate":"https:\/\/bepro.hu\/en\/?s={search_term_string}"},"query-input":{"@type":"PropertyValueSpecification","valueRequired":true,"valueName":"search_term_string"}}],"inLanguage":"en-US"}]}},"_links":{"self":[{"href":"https:\/\/bepro.hu\/en\/wp-json\/wp\/v2\/pages\/5254","targetHints":{"allow":["GET"]}}],"collection":[{"href":"https:\/\/bepro.hu\/en\/wp-json\/wp\/v2\/pages"}],"about":[{"href":"https:\/\/bepro.hu\/en\/wp-json\/wp\/v2\/types\/page"}],"author":[{"embeddable":true,"href":"https:\/\/bepro.hu\/en\/wp-json\/wp\/v2\/users\/1"}],"replies":[{"embeddable":true,"href":"https:\/\/bepro.hu\/en\/wp-json\/wp\/v2\/comments?post=5254"}],"version-history":[{"count":10,"href":"https:\/\/bepro.hu\/en\/wp-json\/wp\/v2\/pages\/5254\/revisions"}],"predecessor-version":[{"id":5279,"href":"https:\/\/bepro.hu\/en\/wp-json\/wp\/v2\/pages\/5254\/revisions\/5279"}],"up":[{"embeddable":true,"href":"https:\/\/bepro.hu\/en\/wp-json\/wp\/v2\/pages\/4577"}],"wp:attachment":[{"href":"https:\/\/bepro.hu\/en\/wp-json\/wp\/v2\/media?parent=5254"}],"curies":[{"name":"wp","href":"https:\/\/api.w.org\/{rel}","templated":true}]}}