{"id":5412,"date":"2025-06-26T07:15:52","date_gmt":"2025-06-26T05:15:52","guid":{"rendered":"https:\/\/bepro.hu\/careers\/technical-preparation-calculator\/"},"modified":"2025-06-26T07:26:31","modified_gmt":"2025-06-26T05:26:31","slug":"technical-preparation-calculator","status":"publish","type":"page","link":"https:\/\/bepro.hu\/en\/careers\/technical-preparation-calculator\/","title":{"rendered":"Technical preparation \/ calculator"},"content":{"rendered":"<section class=\"wpb-content-wrapper\"><p>[vc_row][vc_column]<div class=\"tm-element-heading-wrapper tm-heading-inner tm-element-align-left tm-seperator-solid tm-heading-style-vertical \"><section class=\"tm-vc_cta3-container\"><div class=\"tm-vc_general tm-vc_cta3 tm-cta3-only tm-vc_cta3-style-classic tm-vc_cta3-shape-rounded tm-vc_cta3-align-left tm-vc_cta3-color-transparent tm-vc_cta3-icon-size-md tm-vc_cta3-actions-no tm-cta3-with-desc\"><div class=\"tm-vc_cta3_content-container\"><div class=\"tm-vc_cta3-content\"><header class=\"tm-vc_cta3-content-header tm-wrap\"><div class=\"tm-vc_cta3-headers tm-wrap-cell\"><h4 class=\"tm-custom-heading \" >Poz\u00edci\u00f3<\/h4>\n<h2 class=\"tm-custom-heading \" >M\u0171szaki el\u0151k\u00e9sz\u00edt\u0151 \/ kalkul\u00e1tor<\/h2>\n<\/div><div class=\"heading-seperator\"><span><\/span><\/div><\/header><div class=\"tm-cta3-content-wrapper\">\n<p class=\"x_MsoNormal\"><span data-olk-copy-source=\"MessageBody\">\ud83d\udccd<\/span>&nbsp;<b>Munkav\u00e9gz\u00e9s helye<\/b>: Budapest, XI. ker\u00fclet<\/p>\n<p class=\"x_MsoNormal\">\ud83d\udd52&nbsp;<b>Munkarend<\/b>: Teljes munkaid\u0151<\/p>\n<p class=\"x_MsoNormal\">\ud83d\udcc5&nbsp;<b>Kezd\u00e9s<\/b>: Megbesz\u00e9l\u00e9s szerint<\/p>\n<p><\/div><\/div><\/div><\/div><\/section><\/div> <!-- .tm-element-heading-wrapper container --> [vc_column_text]<\/p>\n<p class=\"x_MsoNormal\"><b><span data-olk-copy-source=\"MessageBody\">\ud83d\udd27<\/span><\/b><b> Be part of the birth of spectacular projects!<\/b><\/p>\n<p class=\"x_MsoNormal\">A&nbsp;<b>Bepro Signfactory Ltd.<\/b> has been manufacturing for more than 13 years&nbsp;<b>premium advertising signs, illuminated box letters, totems and unique building decoration solutions<\/b> for major international brands. Now &nbsp;We are looking for a <b>Technical Preparation \/ Estimator<\/b> to play a key role in supporting the economic and production planning of our projects.<\/p>\n<div class=\"x_MsoNormal\" align=\"center\">\n<hr align=\"center\" size=\"0\" width=\"100%\">\n<\/div>\n<p class=\"x_MsoNormal\"><b>\ud83d\udee0\ufe0f<\/b><b> You will have tasks:<\/b><\/p>\n<ul type=\"disc\">\n<li class=\"x_MsoNormal\"><b>Preparing cost price calculations<\/b> for products to be manufactured<\/li>\n<li class=\"x_MsoNormal\">Preparation of <b>project-level estimates<\/b> (production and on-site construction costs)<\/li>\n<li class=\"x_MsoNormal\">Processing and interpreting <b>calls for tenders, requests for proposals<\/b>, from a technical and cost point of view<\/li>\n<li class=\"x_MsoNormal\">Liaising with <b>designers, project managers, production<\/b><\/li>\n<li class=\"x_MsoNormal\"><b>Determine material needs<\/b>, prepare purchasing inputs<\/li>\n<li class=\"x_MsoNormal\">Providing <b>technological support for<\/b> manufacturing and construction processes, proposing cost-effective solutions<\/li>\n<li class=\"x_MsoNormal\">Preparation of <b>production documentation and implementation packages<\/b> <\/li>\n<li class=\"x_MsoNormal\"><b>Maintenance of cost databases<\/b>, development of internal calculation templates<\/li>\n<\/ul>\n<div class=\"x_MsoNormal\" align=\"center\">\n<hr align=\"center\" size=\"0\" width=\"100%\">\n<\/div>\n<p class=\"x_MsoNormal\"><b>\ud83c\udfaf<\/b><b> What we expect:<\/b><\/p>\n<ul type=\"disc\">\n<li class=\"x_MsoNormal\">Technical qualifications (construction, mechanical, metallurgical, engineering or similar)<\/li>\n<li class=\"x_MsoNormal\">Minimum 2 years&#8217; experience as a technical preparer or estimator<\/li>\n<li class=\"x_MsoNormal\">Technical drawing reading and interpretation skills<\/li>\n<li class=\"x_MsoNormal\">Confident use of MS Excel (formulas, tables, searches)<\/li>\n<li class=\"x_MsoNormal\">Independence, precision, systemic approach<\/li>\n<li class=\"x_MsoNormal\">Good communication skills, working in a team<\/li>\n<\/ul>\n<p class=\"x_MsoNormal\"><b>Advantage:<\/b><\/p>\n<ul type=\"disc\">\n<li class=\"x_MsoNormal\">Knowledge of AutoCAD or other CAD software<\/li>\n<li class=\"x_MsoNormal\">Advertising, printing or construction production experience<\/li>\n<li class=\"x_MsoNormal\">Proficiency in on-site construction<\/li>\n<\/ul>\n<div class=\"x_MsoNormal\" align=\"center\">\n<hr align=\"center\" size=\"0\" width=\"100%\">\n<\/div>\n<p class=\"x_MsoNormal\"><b>\ud83c\udf81<\/b><b> What we offer:<\/b><\/p>\n<ul type=\"disc\">\n<li class=\"x_MsoNormal\">Stable, 100% Hungarian-owned company background<\/li>\n<li class=\"x_MsoNormal\">Fair, performance-based pay<\/li>\n<li class=\"x_MsoNormal\">Diverse, spectacular projects, international clientele<\/li>\n<li class=\"x_MsoNormal\">A flexible, people-oriented working environment<\/li>\n<li class=\"x_MsoNormal\">Professional development opportunities, long-term career path<\/li>\n<li class=\"x_MsoNormal\">Family-friendly attitude, supportive team<\/li>\n<\/ul>\n<div class=\"x_MsoNormal\" align=\"center\">\n<hr align=\"center\" size=\"0\" width=\"100%\">\n<\/div>\n<p class=\"x_MsoNormal\"><b>\ud83d\udce9<\/b><b> How to apply:<\/b><\/p>\n<p class=\"x_MsoNormal\">Please send your CV and cover letter to the following address<\/p>\n<p class=\"x_MsoNormal\">\ud83d\udce7<b><a id=\"LPlnk189205\" title=\"mailto:gabor.kovacs@bepro.hu\" href=\"mailto:gabor.kovacs@bepro.hu\">gabor.kovacs@bepro.hu<\/a><\/b> e-mail address!<\/p>\n<p class=\"x_MsoNormal\">\ud83d\udcde For more information: <b>+36 30 944 5233<\/b><\/p>\n<p class=\"x_MsoNormal\">Subject: <b>Technical Preparatory Application<\/b><\/p>\n<p>[\/vc_column_text][\/vc_column][\/vc_row]<\/p>\n<\/section>","protected":false},"excerpt":{"rendered":"<p>[vc_row][vc_column][vc_column_text] \ud83d\udd27 Be part of the birth of spectacular projects! A&nbsp;Bepro Signfactory Ltd. has been manufacturing for more than 13 years&nbsp;premium advertising signs, illuminated box letters, totems and unique building decoration solutions for major international brands. Now &nbsp;We are looking for a Technical Preparation \/ Estimator to play a key role in supporting the economic &hellip; <a href=\"https:\/\/bepro.hu\/en\/careers\/technical-preparation-calculator\/\" class=\"more-link\">Continue reading <span class=\"screen-reader-text\">Technical preparation \/ calculator<\/span><\/a><\/p>\n","protected":false},"author":1,"featured_media":0,"parent":4577,"menu_order":0,"comment_status":"closed","ping_status":"closed","template":"","meta":{"_monsterinsights_skip_tracking":false,"_monsterinsights_sitenote_active":false,"_monsterinsights_sitenote_note":"","_monsterinsights_sitenote_category":0,"ngg_post_thumbnail":0,"footnotes":""},"class_list":["post-5412","page","type-page","status-publish","hentry"],"yoast_head":"<!-- This site is optimized with the Yoast SEO plugin v27.0 - https:\/\/yoast.com\/product\/yoast-seo-wordpress\/ -->\n<title>Technical preparation \/ calculator - Bepro Signfactory<\/title>\n<meta name=\"robots\" content=\"index, follow, max-snippet:-1, max-image-preview:large, max-video-preview:-1\" \/>\n<link rel=\"canonical\" href=\"https:\/\/bepro.hu\/en\/careers\/technical-preparation-calculator\/\" \/>\n<meta property=\"og:locale\" content=\"en_US\" \/>\n<meta property=\"og:type\" content=\"article\" \/>\n<meta property=\"og:title\" content=\"Technical preparation \/ calculator - Bepro Signfactory\" \/>\n<meta property=\"og:description\" content=\"[vc_row][vc_column][vc_column_text] \ud83d\udd27 Be part of the birth of spectacular projects! A&nbsp;Bepro Signfactory Ltd. has been manufacturing for more than 13 years&nbsp;premium advertising signs, illuminated box letters, totems and unique building decoration solutions for major international brands. Now &nbsp;We are looking for a Technical Preparation \/ Estimator to play a key role in supporting the economic &hellip; Continue reading Technical preparation \/ calculator\" \/>\n<meta property=\"og:url\" content=\"https:\/\/bepro.hu\/en\/careers\/technical-preparation-calculator\/\" \/>\n<meta property=\"og:site_name\" content=\"Bepro Signfactory\" \/>\n<meta property=\"article:modified_time\" content=\"2025-06-26T05:26:31+00:00\" \/>\n<meta name=\"twitter:card\" content=\"summary_large_image\" \/>\n<meta name=\"twitter:label1\" content=\"Est. reading time\" \/>\n\t<meta name=\"twitter:data1\" content=\"2 minutes\" \/>\n<!-- \/ Yoast SEO plugin. -->","yoast_head_json":{"title":"Technical preparation \/ calculator - Bepro Signfactory","robots":{"index":"index","follow":"follow","max-snippet":"max-snippet:-1","max-image-preview":"max-image-preview:large","max-video-preview":"max-video-preview:-1"},"canonical":"https:\/\/bepro.hu\/en\/careers\/technical-preparation-calculator\/","og_locale":"en_US","og_type":"article","og_title":"Technical preparation \/ calculator - Bepro Signfactory","og_description":"[vc_row][vc_column][vc_column_text] \ud83d\udd27 Be part of the birth of spectacular projects! A&nbsp;Bepro Signfactory Ltd. has been manufacturing for more than 13 years&nbsp;premium advertising signs, illuminated box letters, totems and unique building decoration solutions for major international brands. Now &nbsp;We are looking for a Technical Preparation \/ Estimator to play a key role in supporting the economic &hellip; Continue reading Technical preparation \/ calculator","og_url":"https:\/\/bepro.hu\/en\/careers\/technical-preparation-calculator\/","og_site_name":"Bepro Signfactory","article_modified_time":"2025-06-26T05:26:31+00:00","twitter_card":"summary_large_image","twitter_misc":{"Est. reading time":"2 minutes"},"schema":{"@context":"https:\/\/schema.org","@graph":[{"@type":"WebPage","@id":"https:\/\/bepro.hu\/en\/careers\/technical-preparation-calculator\/","url":"https:\/\/bepro.hu\/en\/careers\/technical-preparation-calculator\/","name":"Technical preparation \/ calculator - Bepro Signfactory","isPartOf":{"@id":"https:\/\/bepro.hu\/en\/#website"},"datePublished":"2025-06-26T05:15:52+00:00","dateModified":"2025-06-26T05:26:31+00:00","breadcrumb":{"@id":"https:\/\/bepro.hu\/en\/careers\/technical-preparation-calculator\/#breadcrumb"},"inLanguage":"en-US","potentialAction":[{"@type":"ReadAction","target":["https:\/\/bepro.hu\/en\/careers\/technical-preparation-calculator\/"]}]},{"@type":"BreadcrumbList","@id":"https:\/\/bepro.hu\/en\/careers\/technical-preparation-calculator\/#breadcrumb","itemListElement":[{"@type":"ListItem","position":1,"name":"Kezd\u0151lap","item":"https:\/\/bepro.hu\/en\/"},{"@type":"ListItem","position":2,"name":"Careers","item":"https:\/\/bepro.hu\/en\/careers\/"},{"@type":"ListItem","position":3,"name":"Technical preparation \/ calculator"}]},{"@type":"WebSite","@id":"https:\/\/bepro.hu\/en\/#website","url":"https:\/\/bepro.hu\/en\/","name":"Bepro Signfactory","description":"","potentialAction":[{"@type":"SearchAction","target":{"@type":"EntryPoint","urlTemplate":"https:\/\/bepro.hu\/en\/?s={search_term_string}"},"query-input":{"@type":"PropertyValueSpecification","valueRequired":true,"valueName":"search_term_string"}}],"inLanguage":"en-US"}]}},"_links":{"self":[{"href":"https:\/\/bepro.hu\/en\/wp-json\/wp\/v2\/pages\/5412","targetHints":{"allow":["GET"]}}],"collection":[{"href":"https:\/\/bepro.hu\/en\/wp-json\/wp\/v2\/pages"}],"about":[{"href":"https:\/\/bepro.hu\/en\/wp-json\/wp\/v2\/types\/page"}],"author":[{"embeddable":true,"href":"https:\/\/bepro.hu\/en\/wp-json\/wp\/v2\/users\/1"}],"replies":[{"embeddable":true,"href":"https:\/\/bepro.hu\/en\/wp-json\/wp\/v2\/comments?post=5412"}],"version-history":[{"count":2,"href":"https:\/\/bepro.hu\/en\/wp-json\/wp\/v2\/pages\/5412\/revisions"}],"predecessor-version":[{"id":5422,"href":"https:\/\/bepro.hu\/en\/wp-json\/wp\/v2\/pages\/5412\/revisions\/5422"}],"up":[{"embeddable":true,"href":"https:\/\/bepro.hu\/en\/wp-json\/wp\/v2\/pages\/4577"}],"wp:attachment":[{"href":"https:\/\/bepro.hu\/en\/wp-json\/wp\/v2\/media?parent=5412"}],"curies":[{"name":"wp","href":"https:\/\/api.w.org\/{rel}","templated":true}]}}