{"id":5540,"date":"2025-08-07T07:19:27","date_gmt":"2025-08-07T05:19:27","guid":{"rendered":"https:\/\/bepro.hu\/careers\/on-site-fitter\/"},"modified":"2025-09-01T14:32:09","modified_gmt":"2025-09-01T12:32:09","slug":"on-site-fitter","status":"publish","type":"page","link":"https:\/\/bepro.hu\/en\/careers\/on-site-fitter\/","title":{"rendered":"On-site fitter"},"content":{"rendered":"<section class=\"wpb-content-wrapper\"><p>[vc_row][vc_column]<div class=\"tm-element-heading-wrapper tm-heading-inner tm-element-align-left tm-seperator-solid tm-heading-style-vertical \"><section class=\"tm-vc_cta3-container\"><div class=\"tm-vc_general tm-vc_cta3 tm-cta3-only tm-vc_cta3-style-classic tm-vc_cta3-shape-rounded tm-vc_cta3-align-left tm-vc_cta3-color-transparent tm-vc_cta3-icon-size-md tm-vc_cta3-actions-no tm-cta3-with-desc\"><div class=\"tm-vc_cta3_content-container\"><div class=\"tm-vc_cta3-content\"><header class=\"tm-vc_cta3-content-header tm-wrap\"><div class=\"tm-vc_cta3-headers tm-wrap-cell\"><h4 class=\"tm-custom-heading \" >Poz\u00edci\u00f3<\/h4>\n<h2 class=\"tm-custom-heading \" >HELYSZ\u00cdNI SZEREL\u0150<\/h2>\n<\/div><div class=\"heading-seperator\"><span><\/span><\/div><\/header><div class=\"tm-cta3-content-wrapper\">\n<p class=\"x_MsoNormal\"><b><span data-olk-copy-source=\"MessageBody\">Csatlakozz a Bepro Signfactory csapat\u00e1hoz!<\/span><\/b><\/p>\n<p class=\"x_MsoNormal\"><span class=\"x_s2\">A&nbsp;<\/span><b>Bepro Signfactory<\/b><span class=\"x_s2\">&nbsp;t\u00f6bb mint&nbsp;<\/span><b>13 \u00e9ve<\/b><span class=\"x_s2\">&nbsp;gy\u00e1rt&nbsp;<\/span><b>egyedi rekl\u00e1mfeliratokat, vil\u00e1g\u00edt\u00f3 t\u00e1bl\u00e1kat \u00e9s vizu\u00e1lis kommunik\u00e1ci\u00f3s megold\u00e1sokat<\/b><span class=\"x_s2\">&nbsp;neves hazai \u00e9s nemzetk\u00f6zi c\u00e9gek sz\u00e1m\u00e1ra.<\/span><\/p>\n<p class=\"x_MsoNormal\">Csapatunkba <strong>helysz\u00edni szerel\u0151t<\/strong> keres\u00fcnk budapesti k\u00f6zponttal, orsz\u00e1gos munkav\u00e9gz\u00e9ssel, minden munkanap budapesti telephelyi indul\u00e1ssal.<\/p>\n<p><\/div><\/div><\/div><\/div><\/section><\/div> <!-- .tm-element-heading-wrapper container --> [vc_column_text]<\/p>\n<p class=\"x_MsoNormal\"><b><span data-olk-copy-source=\"MessageBody\">You will have tasks:<\/span><\/b><\/p>\n<ul type=\"disc\">\n<li class=\"x_MsoNormal\">Professional installation of illuminated and non-illuminated box lettering, totems, signs, indoor signage<\/li>\n<li class=\"x_MsoNormal\">Outdoor and indoor works (building facades, office buildings, shops)<\/li>\n<li class=\"x_MsoNormal\">Wiring, cabling, fastening<\/li>\n<li class=\"x_MsoNormal\">Liaising with our project manager, documenting accurate execution<\/li>\n<\/ul>\n<p class=\"x_MsoNormal\"><b>We&#8217;re looking for you, if:<\/b><\/p>\n<ul type=\"disc\">\n<li class=\"x_MsoNormal\">Do you have experience in field installation or electrical installation<\/li>\n<li class=\"x_MsoNormal\">You are not afraid to work at heights (a lift truck licence is an advantage)<\/li>\n<li class=\"x_MsoNormal\">Confident with hand tools and machine tools<\/li>\n<li class=\"x_MsoNormal\">You can work in a team, but you can also work independently<\/li>\n<li class=\"x_MsoNormal\">You hold a category B driving licence<\/li>\n<\/ul>\n<p class=\"x_MsoNormal\"><b>What we offer:<\/b><\/p>\n<ul type=\"disc\">\n<li class=\"x_MsoNormal\">Stable, long-term job opportunities<\/li>\n<li class=\"x_MsoNormal\">Diverse, spectacular projects &#8211; with national and international clients<\/li>\n<li class=\"x_MsoNormal\">Modern equipment, well-organised logistics and back-up<\/li>\n<li class=\"x_MsoNormal\">Competitive salary, performance-related bonus<\/li>\n<li class=\"x_MsoNormal\">Registered employment, career development opportunities in a professional team<\/li>\n<\/ul>\n<p class=\"x_MsoNormal\"><b>Place of work:<\/b> Budapest XI district, with nationwide delivery<\/p>\n<p class=\"x_MsoNormal\"><b>Start date:<\/b> immediately or by arrangement<\/p>\n<p class=\"x_MsoNormal\">\ud83d\udce9 <b>Apply:<\/b> send a short introduction and your contact details to <a title=\"mailto:gabor.kovacs@bepro.hu\" href=\"mailto:gabor.kovacs@bepro.hu\" data-linkindex=\"0\">gabor.kovacs@bepro.hu<\/a>.<\/p>\n<p class=\"x_MsoNormal\">\ud83d\udcde Got a question? Call us: +36 30 944 5233 <\/p>\n<p>[\/vc_column_text][\/vc_column][\/vc_row]<\/p>\n<\/section>","protected":false},"excerpt":{"rendered":"<p>[vc_row][vc_column][vc_column_text] You will have tasks: Professional installation of illuminated and non-illuminated box lettering, totems, signs, indoor signage Outdoor and indoor works (building facades, office buildings, shops) Wiring, cabling, fastening Liaising with our project manager, documenting accurate execution We&#8217;re looking for you, if: Do you have experience in field installation or electrical installation You are not &hellip; <a href=\"https:\/\/bepro.hu\/en\/careers\/on-site-fitter\/\" class=\"more-link\">Continue reading <span class=\"screen-reader-text\">On-site fitter<\/span><\/a><\/p>\n","protected":false},"author":1,"featured_media":0,"parent":4577,"menu_order":0,"comment_status":"closed","ping_status":"closed","template":"","meta":{"_monsterinsights_skip_tracking":false,"_monsterinsights_sitenote_active":false,"_monsterinsights_sitenote_note":"","_monsterinsights_sitenote_category":0,"ngg_post_thumbnail":0,"footnotes":""},"class_list":["post-5540","page","type-page","status-publish","hentry"],"yoast_head":"<!-- This site is optimized with the Yoast SEO plugin v27.0 - https:\/\/yoast.com\/product\/yoast-seo-wordpress\/ -->\n<title>On-site fitter - Bepro Signfactory<\/title>\n<meta name=\"robots\" content=\"index, follow, max-snippet:-1, max-image-preview:large, max-video-preview:-1\" \/>\n<link rel=\"canonical\" href=\"https:\/\/bepro.hu\/en\/careers\/on-site-fitter\/\" \/>\n<meta property=\"og:locale\" content=\"en_US\" \/>\n<meta property=\"og:type\" content=\"article\" \/>\n<meta property=\"og:title\" content=\"On-site fitter - Bepro Signfactory\" \/>\n<meta property=\"og:description\" content=\"[vc_row][vc_column][vc_column_text] You will have tasks: Professional installation of illuminated and non-illuminated box lettering, totems, signs, indoor signage Outdoor and indoor works (building facades, office buildings, shops) Wiring, cabling, fastening Liaising with our project manager, documenting accurate execution We&#8217;re looking for you, if: Do you have experience in field installation or electrical installation You are not &hellip; Continue reading On-site fitter\" \/>\n<meta property=\"og:url\" content=\"https:\/\/bepro.hu\/en\/careers\/on-site-fitter\/\" \/>\n<meta property=\"og:site_name\" content=\"Bepro Signfactory\" \/>\n<meta property=\"article:modified_time\" content=\"2025-09-01T12:32:09+00:00\" \/>\n<meta name=\"twitter:card\" content=\"summary_large_image\" \/>\n<meta name=\"twitter:label1\" content=\"Est. reading time\" \/>\n\t<meta name=\"twitter:data1\" content=\"1 minute\" \/>\n<!-- \/ Yoast SEO plugin. -->","yoast_head_json":{"title":"On-site fitter - Bepro Signfactory","robots":{"index":"index","follow":"follow","max-snippet":"max-snippet:-1","max-image-preview":"max-image-preview:large","max-video-preview":"max-video-preview:-1"},"canonical":"https:\/\/bepro.hu\/en\/careers\/on-site-fitter\/","og_locale":"en_US","og_type":"article","og_title":"On-site fitter - Bepro Signfactory","og_description":"[vc_row][vc_column][vc_column_text] You will have tasks: Professional installation of illuminated and non-illuminated box lettering, totems, signs, indoor signage Outdoor and indoor works (building facades, office buildings, shops) Wiring, cabling, fastening Liaising with our project manager, documenting accurate execution We&#8217;re looking for you, if: Do you have experience in field installation or electrical installation You are not &hellip; Continue reading On-site fitter","og_url":"https:\/\/bepro.hu\/en\/careers\/on-site-fitter\/","og_site_name":"Bepro Signfactory","article_modified_time":"2025-09-01T12:32:09+00:00","twitter_card":"summary_large_image","twitter_misc":{"Est. reading time":"1 minute"},"schema":{"@context":"https:\/\/schema.org","@graph":[{"@type":"WebPage","@id":"https:\/\/bepro.hu\/en\/careers\/on-site-fitter\/","url":"https:\/\/bepro.hu\/en\/careers\/on-site-fitter\/","name":"On-site fitter - Bepro Signfactory","isPartOf":{"@id":"https:\/\/bepro.hu\/en\/#website"},"datePublished":"2025-08-07T05:19:27+00:00","dateModified":"2025-09-01T12:32:09+00:00","breadcrumb":{"@id":"https:\/\/bepro.hu\/en\/careers\/on-site-fitter\/#breadcrumb"},"inLanguage":"en-US","potentialAction":[{"@type":"ReadAction","target":["https:\/\/bepro.hu\/en\/careers\/on-site-fitter\/"]}]},{"@type":"BreadcrumbList","@id":"https:\/\/bepro.hu\/en\/careers\/on-site-fitter\/#breadcrumb","itemListElement":[{"@type":"ListItem","position":1,"name":"Kezd\u0151lap","item":"https:\/\/bepro.hu\/en\/"},{"@type":"ListItem","position":2,"name":"Careers","item":"https:\/\/bepro.hu\/en\/careers\/"},{"@type":"ListItem","position":3,"name":"On-site fitter"}]},{"@type":"WebSite","@id":"https:\/\/bepro.hu\/en\/#website","url":"https:\/\/bepro.hu\/en\/","name":"Bepro Signfactory","description":"","potentialAction":[{"@type":"SearchAction","target":{"@type":"EntryPoint","urlTemplate":"https:\/\/bepro.hu\/en\/?s={search_term_string}"},"query-input":{"@type":"PropertyValueSpecification","valueRequired":true,"valueName":"search_term_string"}}],"inLanguage":"en-US"}]}},"_links":{"self":[{"href":"https:\/\/bepro.hu\/en\/wp-json\/wp\/v2\/pages\/5540","targetHints":{"allow":["GET"]}}],"collection":[{"href":"https:\/\/bepro.hu\/en\/wp-json\/wp\/v2\/pages"}],"about":[{"href":"https:\/\/bepro.hu\/en\/wp-json\/wp\/v2\/types\/page"}],"author":[{"embeddable":true,"href":"https:\/\/bepro.hu\/en\/wp-json\/wp\/v2\/users\/1"}],"replies":[{"embeddable":true,"href":"https:\/\/bepro.hu\/en\/wp-json\/wp\/v2\/comments?post=5540"}],"version-history":[{"count":6,"href":"https:\/\/bepro.hu\/en\/wp-json\/wp\/v2\/pages\/5540\/revisions"}],"predecessor-version":[{"id":5870,"href":"https:\/\/bepro.hu\/en\/wp-json\/wp\/v2\/pages\/5540\/revisions\/5870"}],"up":[{"embeddable":true,"href":"https:\/\/bepro.hu\/en\/wp-json\/wp\/v2\/pages\/4577"}],"wp:attachment":[{"href":"https:\/\/bepro.hu\/en\/wp-json\/wp\/v2\/media?parent=5540"}],"curies":[{"name":"wp","href":"https:\/\/api.w.org\/{rel}","templated":true}]}}