{"id":5565,"date":"2025-08-07T07:45:59","date_gmt":"2025-08-07T05:45:59","guid":{"rendered":"https:\/\/bepro.hu\/careers\/assembly\/"},"modified":"2025-08-08T14:45:05","modified_gmt":"2025-08-08T12:45:05","slug":"assembly","status":"publish","type":"page","link":"https:\/\/bepro.hu\/en\/careers\/assembly\/","title":{"rendered":"Assembly"},"content":{"rendered":"<section class=\"wpb-content-wrapper\"><p>[vc_row][vc_column]<div class=\"tm-element-heading-wrapper tm-heading-inner tm-element-align-left tm-seperator-solid tm-heading-style-vertical \"><section class=\"tm-vc_cta3-container\"><div class=\"tm-vc_general tm-vc_cta3 tm-cta3-only tm-vc_cta3-style-classic tm-vc_cta3-shape-rounded tm-vc_cta3-align-left tm-vc_cta3-color-transparent tm-vc_cta3-icon-size-md tm-vc_cta3-actions-no tm-cta3-with-desc\"><div class=\"tm-vc_cta3_content-container\"><div class=\"tm-vc_cta3-content\"><header class=\"tm-vc_cta3-content-header tm-wrap\"><div class=\"tm-vc_cta3-headers tm-wrap-cell\"><h4 class=\"tm-custom-heading \" >Poz\u00edci\u00f3<\/h4>\n<h2 class=\"tm-custom-heading \" >\u00d6SSZESZEREL\u0150<\/h2>\n<\/div><div class=\"heading-seperator\"><span><\/span><\/div><\/header><div class=\"tm-cta3-content-wrapper\">\n<p class=\"x_MsoNormal\"><b><span data-olk-copy-source=\"MessageBody\">Csatlakozz a Bepro Signfactory csapat\u00e1hoz!<\/span><\/b><\/p>\n<p class=\"x_MsoNormal\"><span class=\"x_s2\">A&nbsp;<\/span><b>Bepro Signfactory<\/b><span class=\"x_s2\">&nbsp;t\u00f6bb mint&nbsp;<\/span><b>13 \u00e9ve<\/b><span class=\"x_s2\">&nbsp;gy\u00e1rt&nbsp;<\/span><b>egyedi rekl\u00e1mfeliratokat, vil\u00e1g\u00edt\u00f3 t\u00e1bl\u00e1kat \u00e9s vizu\u00e1lis kommunik\u00e1ci\u00f3s megold\u00e1sokat<\/b><span class=\"x_s2\">&nbsp;neves hazai \u00e9s nemzetk\u00f6zi c\u00e9gek sz\u00e1m\u00e1ra.<\/span><\/p>\n<p class=\"x_MsoNormal\">Csapatunkba&nbsp;<b>helysz\u00edni szerel\u0151t<\/b>&nbsp;keres\u00fcnk budapesti k\u00f6zponttal, orsz\u00e1gos munkav\u00e9gz\u00e9ssel.<\/p>\n<p><\/div><\/div><\/div><\/div><\/section><\/div> <!-- .tm-element-heading-wrapper container --> [vc_column_text]<\/p>\n<h3 data-olk-copy-source=\"MessageBody\">You will have tasks:<\/h3>\n<ul type=\"disc\">\n<li class=\"x_p1\">Workshop assembly and finishing of advertising signs and billboards<\/li>\n<li class=\"x_p1\">Wiring and wiring of illuminated signs, simple electrical installation work<\/li>\n<li class=\"x_p1\">Assisting in locksmithing tasks (e.g. assembling aluminium frames, cutting up support structures)<\/li>\n<\/ul>\n<h3>We&#8217;re looking for you, if:<\/h3>\n<p class=\"x_p1\">&#8211; You have good manual dexterity, you like to create and work with your hands<\/p>\n<p class=\"x_p1\">&#8211; You&#8217;re not scared of a screwdriver, drill or grinder &#8211; and you love them<\/p>\n<p class=\"x_p1\">&#8211; You understand basic electrical installation (LEDs, power supplies, cables)<\/p>\n<p class=\"x_p1\">&#8211; It&#8217;s OK if you&#8217;re not a locksmith, but it&#8217;s good if you can help out there too<\/p>\n<p class=\"x_p1\">&#8211; <span class=\"x_s1\">You like your work to have <\/span><b>a visible, demanding result<\/b><\/p>\n<h3>What we expect:<\/h3>\n<ul type=\"disc\">\n<li class=\"x_p1\">Technical orientation, precision, practical sense<\/li>\n<li class=\"x_p1\">Basic electrical installation skills (connecting LED strips, power supplies)<\/li>\n<li class=\"x_p1\">Experience in assembly and installation work<\/li>\n<li class=\"x_p1\">Teamwork and good problem-solving skills<\/li>\n<\/ul>\n<p class=\"x_p3\"><b>An advantage:<\/b><\/p>\n<ul type=\"disc\">\n<li class=\"x_p1\">Electrician qualification or experience<\/li>\n<li class=\"x_p1\">Skills in locksmith work<\/li>\n<li class=\"x_p1\">Welding basics<\/li>\n<\/ul>\n<h3>What we offer:<\/h3>\n<ul type=\"disc\">\n<li class=\"x_p1\">Stable, long-term work in a professional, friendly team<\/li>\n<li class=\"x_p1\">Varied, not monotonous tasks<\/li>\n<li class=\"x_p1\">Comfortable, well-equipped workshop<\/li>\n<li class=\"x_p1\">Competitive salary, development opportunities<\/li>\n<\/ul>\n<p class=\"x_p4\"><span class=\"x_s3\"><b>Where to work:<\/b><\/span> Budapest, XI. district, Budafoki \u00fat 183. <\/p>\n<p class=\"x_MsoNormal\"><b>Start date:<\/b> immediately or by arrangement<\/p>\n<p class=\"x_p4\">\ud83d\udce7 <span class=\"x_s3\"><b>Application form:<\/b><\/span> Send your CV or a short introduction to <a title=\"mailto:gabor.kovacs@bepro.hu\" href=\"mailto:gabor.kovacs@bepro.hu\" data-linkindex=\"1\">gabor.kovacs@bepro.hu<\/a>.<\/p>\n<p class=\"x_MsoNormal\">\ud83d\udcde Got a question? Call us: +36 30 944 5233 <\/p>\n<p>[\/vc_column_text][\/vc_column][\/vc_row]<\/p>\n<\/section>","protected":false},"excerpt":{"rendered":"<p>[vc_row][vc_column][vc_column_text] You will have tasks: Workshop assembly and finishing of advertising signs and billboards Wiring and wiring of illuminated signs, simple electrical installation work Assisting in locksmithing tasks (e.g. assembling aluminium frames, cutting up support structures) We&#8217;re looking for you, if: &#8211; You have good manual dexterity, you like to create and work with your &hellip; <a href=\"https:\/\/bepro.hu\/en\/careers\/assembly\/\" class=\"more-link\">Continue reading <span class=\"screen-reader-text\">Assembly<\/span><\/a><\/p>\n","protected":false},"author":1,"featured_media":0,"parent":4577,"menu_order":0,"comment_status":"closed","ping_status":"closed","template":"","meta":{"_monsterinsights_skip_tracking":false,"_monsterinsights_sitenote_active":false,"_monsterinsights_sitenote_note":"","_monsterinsights_sitenote_category":0,"ngg_post_thumbnail":0,"footnotes":""},"class_list":["post-5565","page","type-page","status-publish","hentry"],"yoast_head":"<!-- This site is optimized with the Yoast SEO plugin v27.0 - https:\/\/yoast.com\/product\/yoast-seo-wordpress\/ -->\n<title>Assembly - Bepro Signfactory<\/title>\n<meta name=\"robots\" content=\"index, follow, max-snippet:-1, max-image-preview:large, max-video-preview:-1\" \/>\n<link rel=\"canonical\" href=\"https:\/\/bepro.hu\/en\/careers\/assembly\/\" \/>\n<meta property=\"og:locale\" content=\"en_US\" \/>\n<meta property=\"og:type\" content=\"article\" \/>\n<meta property=\"og:title\" content=\"Assembly - Bepro Signfactory\" \/>\n<meta property=\"og:description\" content=\"[vc_row][vc_column][vc_column_text] You will have tasks: Workshop assembly and finishing of advertising signs and billboards Wiring and wiring of illuminated signs, simple electrical installation work Assisting in locksmithing tasks (e.g. assembling aluminium frames, cutting up support structures) We&#8217;re looking for you, if: &#8211; You have good manual dexterity, you like to create and work with your &hellip; Continue reading Assembly\" \/>\n<meta property=\"og:url\" content=\"https:\/\/bepro.hu\/en\/careers\/assembly\/\" \/>\n<meta property=\"og:site_name\" content=\"Bepro Signfactory\" \/>\n<meta property=\"article:modified_time\" content=\"2025-08-08T12:45:05+00:00\" \/>\n<meta name=\"twitter:card\" content=\"summary_large_image\" \/>\n<meta name=\"twitter:label1\" content=\"Est. reading time\" \/>\n\t<meta name=\"twitter:data1\" content=\"1 minute\" \/>\n<!-- \/ Yoast SEO plugin. -->","yoast_head_json":{"title":"Assembly - Bepro Signfactory","robots":{"index":"index","follow":"follow","max-snippet":"max-snippet:-1","max-image-preview":"max-image-preview:large","max-video-preview":"max-video-preview:-1"},"canonical":"https:\/\/bepro.hu\/en\/careers\/assembly\/","og_locale":"en_US","og_type":"article","og_title":"Assembly - Bepro Signfactory","og_description":"[vc_row][vc_column][vc_column_text] You will have tasks: Workshop assembly and finishing of advertising signs and billboards Wiring and wiring of illuminated signs, simple electrical installation work Assisting in locksmithing tasks (e.g. assembling aluminium frames, cutting up support structures) We&#8217;re looking for you, if: &#8211; You have good manual dexterity, you like to create and work with your &hellip; Continue reading Assembly","og_url":"https:\/\/bepro.hu\/en\/careers\/assembly\/","og_site_name":"Bepro Signfactory","article_modified_time":"2025-08-08T12:45:05+00:00","twitter_card":"summary_large_image","twitter_misc":{"Est. reading time":"1 minute"},"schema":{"@context":"https:\/\/schema.org","@graph":[{"@type":"WebPage","@id":"https:\/\/bepro.hu\/en\/careers\/assembly\/","url":"https:\/\/bepro.hu\/en\/careers\/assembly\/","name":"Assembly - Bepro Signfactory","isPartOf":{"@id":"https:\/\/bepro.hu\/en\/#website"},"datePublished":"2025-08-07T05:45:59+00:00","dateModified":"2025-08-08T12:45:05+00:00","breadcrumb":{"@id":"https:\/\/bepro.hu\/en\/careers\/assembly\/#breadcrumb"},"inLanguage":"en-US","potentialAction":[{"@type":"ReadAction","target":["https:\/\/bepro.hu\/en\/careers\/assembly\/"]}]},{"@type":"BreadcrumbList","@id":"https:\/\/bepro.hu\/en\/careers\/assembly\/#breadcrumb","itemListElement":[{"@type":"ListItem","position":1,"name":"Kezd\u0151lap","item":"https:\/\/bepro.hu\/en\/"},{"@type":"ListItem","position":2,"name":"Careers","item":"https:\/\/bepro.hu\/en\/careers\/"},{"@type":"ListItem","position":3,"name":"Assembly"}]},{"@type":"WebSite","@id":"https:\/\/bepro.hu\/en\/#website","url":"https:\/\/bepro.hu\/en\/","name":"Bepro Signfactory","description":"","potentialAction":[{"@type":"SearchAction","target":{"@type":"EntryPoint","urlTemplate":"https:\/\/bepro.hu\/en\/?s={search_term_string}"},"query-input":{"@type":"PropertyValueSpecification","valueRequired":true,"valueName":"search_term_string"}}],"inLanguage":"en-US"}]}},"_links":{"self":[{"href":"https:\/\/bepro.hu\/en\/wp-json\/wp\/v2\/pages\/5565","targetHints":{"allow":["GET"]}}],"collection":[{"href":"https:\/\/bepro.hu\/en\/wp-json\/wp\/v2\/pages"}],"about":[{"href":"https:\/\/bepro.hu\/en\/wp-json\/wp\/v2\/types\/page"}],"author":[{"embeddable":true,"href":"https:\/\/bepro.hu\/en\/wp-json\/wp\/v2\/users\/1"}],"replies":[{"embeddable":true,"href":"https:\/\/bepro.hu\/en\/wp-json\/wp\/v2\/comments?post=5565"}],"version-history":[{"count":4,"href":"https:\/\/bepro.hu\/en\/wp-json\/wp\/v2\/pages\/5565\/revisions"}],"predecessor-version":[{"id":5576,"href":"https:\/\/bepro.hu\/en\/wp-json\/wp\/v2\/pages\/5565\/revisions\/5576"}],"up":[{"embeddable":true,"href":"https:\/\/bepro.hu\/en\/wp-json\/wp\/v2\/pages\/4577"}],"wp:attachment":[{"href":"https:\/\/bepro.hu\/en\/wp-json\/wp\/v2\/media?parent=5565"}],"curies":[{"name":"wp","href":"https:\/\/api.w.org\/{rel}","templated":true}]}}