{"id":5833,"date":"2025-08-19T15:16:56","date_gmt":"2025-08-19T13:16:56","guid":{"rendered":"https:\/\/bepro.hu\/fellow-locksmith\/"},"modified":"2025-08-19T15:18:37","modified_gmt":"2025-08-19T13:18:37","slug":"fellow-locksmith","status":"publish","type":"page","link":"https:\/\/bepro.hu\/en\/fellow-locksmith\/","title":{"rendered":"Fellow locksmith"},"content":{"rendered":"<section class=\"wpb-content-wrapper\"><p>[vc_row][vc_column]<div class=\"tm-element-heading-wrapper tm-heading-inner tm-element-align-left tm-seperator-solid tm-heading-style-vertical \"><section class=\"tm-vc_cta3-container\"><div class=\"tm-vc_general tm-vc_cta3 tm-cta3-only tm-vc_cta3-style-classic tm-vc_cta3-shape-rounded tm-vc_cta3-align-left tm-vc_cta3-color-transparent tm-vc_cta3-icon-size-md tm-vc_cta3-actions-no tm-cta3-with-desc\"><div class=\"tm-vc_cta3_content-container\"><div class=\"tm-vc_cta3-content\"><header class=\"tm-vc_cta3-content-header tm-wrap\"><div class=\"tm-vc_cta3-headers tm-wrap-cell\"><h4 class=\"tm-custom-heading \" >Poz\u00edci\u00f3<\/h4>\n<h2 class=\"tm-custom-heading \" >Lakatos munkat\u00e1rs<\/h2>\n<\/div><div class=\"heading-seperator\"><span><\/span><\/div><\/header><div class=\"tm-cta3-content-wrapper\"><p><span class=\"x_xs2\" data-olk-copy-source=\"MessageBody\">C\u00e9g\u00fcnk a&nbsp;<\/span><b>Bepro Signfactory<\/b><span class=\"x_xs2\">&nbsp;Kft. t\u00f6bb mint&nbsp;<\/span><b>14 \u00e9ve<\/b><span class=\"x_xs2\">&nbsp;gy\u00e1rt&nbsp;<\/span><b>egyedi rekl\u00e1mfeliratokat, vil\u00e1g\u00edt\u00f3 t\u00e1bl\u00e1kat \u00e9s vizu\u00e1lis kommunik\u00e1ci\u00f3s megold\u00e1sokat<\/b><span class=\"x_xs2\">&nbsp;neves hazai \u00e9s nemzetk\u00f6zi c\u00e9gek sz\u00e1m\u00e1ra.<\/span><\/p><\/div><\/div><\/div><\/div><\/section><\/div> <!-- .tm-element-heading-wrapper container --> [vc_column_text]<\/p>\n<p class=\"x_MsoNormal\"><span data-olk-copy-source=\"MessageBody\">We are looking for <b>a locksmith<\/b> to join our team<\/span><b><\/b><\/p>\n<p class=\"x_MsoNormal\"><b>You will have tasks:<\/b><\/p>\n<ul type=\"disc\">\n<li class=\"x_MsoNormal\">Manufacture of aluminium structural components for illuminated signs, boxes and advertising signs<\/li>\n<li class=\"x_MsoNormal\">Cutting, bending, rolling, welding of aluminium sheets<\/li>\n<li class=\"x_MsoNormal\">Cutting to size, drilling, bending, welding of aluminium end sections, drawing profiles<\/li>\n<li class=\"x_MsoNormal\">Assembly according to technical drawing<\/li>\n<li class=\"x_MsoNormal\">Professional use and maintenance of machines and tools<\/li>\n<li class=\"x_MsoNormal\">Working with the manufacturing and assembly team<\/li>\n<\/ul>\n<p class=\"x_MsoNormal\"><b>We&#8217;re looking for you, if:<\/b><\/p>\n<ul type=\"disc\">\n<li class=\"x_MsoNormal\">You can read and interpret technical drawings<\/li>\n<li class=\"x_MsoNormal\">You can work accurately and independently<\/li>\n<li class=\"x_MsoNormal\">It is an advantage if you have CO or AWI welding experience<\/li>\n<li class=\"x_MsoNormal\">You are demanding in your work and like a variety of tasks<\/li>\n<\/ul>\n<p class=\"x_MsoNormal\"><b>What we offer:<\/b><\/p>\n<ul type=\"disc\">\n<li class=\"x_MsoNormal\">Stable, long-term employment in a successful company that has been operating for 14 years<\/li>\n<li class=\"x_MsoNormal\">Fair, competitive salary<\/li>\n<li class=\"x_MsoNormal\">Modern, well equipped workshop<\/li>\n<li class=\"x_MsoNormal\">A supportive team with a good atmosphere and opportunities for development<\/li>\n<\/ul>\n<p class=\"x_xmsonormal\"><b>Start date:<\/b> immediately or by arrangement<\/p>\n<p class=\"x_xmsonormal\">\ud83d\udce9 <b>Apply:<\/b> send a short introduction and your contact details to <a id=\"LPlnk444385\" title=\"mailto:gabor.kovacs@bepro.hu\" href=\"mailto:gabor.kovacs@bepro.hu\" data-linkindex=\"0\">gabor.kovacs@bepro.hu<\/a>.<\/p>\n<p class=\"x_xmsonormal\">\ud83d\udcde Got a question? Call us: +36 30 944 5233 <\/p>\n<p>[\/vc_column_text][\/vc_column][\/vc_row]<\/p>\n<\/section>","protected":false},"excerpt":{"rendered":"<p>[vc_row][vc_column][vc_column_text] We are looking for a locksmith to join our team You will have tasks: Manufacture of aluminium structural components for illuminated signs, boxes and advertising signs Cutting, bending, rolling, welding of aluminium sheets Cutting to size, drilling, bending, welding of aluminium end sections, drawing profiles Assembly according to technical drawing Professional use and maintenance &hellip; <a href=\"https:\/\/bepro.hu\/en\/fellow-locksmith\/\" class=\"more-link\">Continue reading <span class=\"screen-reader-text\">Fellow locksmith<\/span><\/a><\/p>\n","protected":false},"author":1,"featured_media":0,"parent":0,"menu_order":0,"comment_status":"closed","ping_status":"closed","template":"","meta":{"_monsterinsights_skip_tracking":false,"_monsterinsights_sitenote_active":false,"_monsterinsights_sitenote_note":"","_monsterinsights_sitenote_category":0,"ngg_post_thumbnail":0,"footnotes":""},"class_list":["post-5833","page","type-page","status-publish","hentry"],"yoast_head":"<!-- This site is optimized with the Yoast SEO plugin v27.0 - https:\/\/yoast.com\/product\/yoast-seo-wordpress\/ -->\n<title>Fellow locksmith - Bepro Signfactory<\/title>\n<meta name=\"robots\" content=\"index, follow, max-snippet:-1, max-image-preview:large, max-video-preview:-1\" \/>\n<link rel=\"canonical\" href=\"https:\/\/bepro.hu\/en\/fellow-locksmith\/\" \/>\n<meta property=\"og:locale\" content=\"en_US\" \/>\n<meta property=\"og:type\" content=\"article\" \/>\n<meta property=\"og:title\" content=\"Fellow locksmith - Bepro Signfactory\" \/>\n<meta property=\"og:description\" content=\"[vc_row][vc_column][vc_column_text] We are looking for a locksmith to join our team You will have tasks: Manufacture of aluminium structural components for illuminated signs, boxes and advertising signs Cutting, bending, rolling, welding of aluminium sheets Cutting to size, drilling, bending, welding of aluminium end sections, drawing profiles Assembly according to technical drawing Professional use and maintenance &hellip; Continue reading Fellow locksmith\" \/>\n<meta property=\"og:url\" content=\"https:\/\/bepro.hu\/en\/fellow-locksmith\/\" \/>\n<meta property=\"og:site_name\" content=\"Bepro Signfactory\" \/>\n<meta property=\"article:modified_time\" content=\"2025-08-19T13:18:37+00:00\" \/>\n<meta name=\"twitter:card\" content=\"summary_large_image\" \/>\n<meta name=\"twitter:label1\" content=\"Est. reading time\" \/>\n\t<meta name=\"twitter:data1\" content=\"1 minute\" \/>\n<!-- \/ Yoast SEO plugin. -->","yoast_head_json":{"title":"Fellow locksmith - Bepro Signfactory","robots":{"index":"index","follow":"follow","max-snippet":"max-snippet:-1","max-image-preview":"max-image-preview:large","max-video-preview":"max-video-preview:-1"},"canonical":"https:\/\/bepro.hu\/en\/fellow-locksmith\/","og_locale":"en_US","og_type":"article","og_title":"Fellow locksmith - Bepro Signfactory","og_description":"[vc_row][vc_column][vc_column_text] We are looking for a locksmith to join our team You will have tasks: Manufacture of aluminium structural components for illuminated signs, boxes and advertising signs Cutting, bending, rolling, welding of aluminium sheets Cutting to size, drilling, bending, welding of aluminium end sections, drawing profiles Assembly according to technical drawing Professional use and maintenance &hellip; Continue reading Fellow locksmith","og_url":"https:\/\/bepro.hu\/en\/fellow-locksmith\/","og_site_name":"Bepro Signfactory","article_modified_time":"2025-08-19T13:18:37+00:00","twitter_card":"summary_large_image","twitter_misc":{"Est. reading time":"1 minute"},"schema":{"@context":"https:\/\/schema.org","@graph":[{"@type":"WebPage","@id":"https:\/\/bepro.hu\/en\/fellow-locksmith\/","url":"https:\/\/bepro.hu\/en\/fellow-locksmith\/","name":"Fellow locksmith - Bepro Signfactory","isPartOf":{"@id":"https:\/\/bepro.hu\/en\/#website"},"datePublished":"2025-08-19T13:16:56+00:00","dateModified":"2025-08-19T13:18:37+00:00","breadcrumb":{"@id":"https:\/\/bepro.hu\/en\/fellow-locksmith\/#breadcrumb"},"inLanguage":"en-US","potentialAction":[{"@type":"ReadAction","target":["https:\/\/bepro.hu\/en\/fellow-locksmith\/"]}]},{"@type":"BreadcrumbList","@id":"https:\/\/bepro.hu\/en\/fellow-locksmith\/#breadcrumb","itemListElement":[{"@type":"ListItem","position":1,"name":"Kezd\u0151lap","item":"https:\/\/bepro.hu\/en\/"},{"@type":"ListItem","position":2,"name":"Fellow locksmith"}]},{"@type":"WebSite","@id":"https:\/\/bepro.hu\/en\/#website","url":"https:\/\/bepro.hu\/en\/","name":"Bepro Signfactory","description":"","potentialAction":[{"@type":"SearchAction","target":{"@type":"EntryPoint","urlTemplate":"https:\/\/bepro.hu\/en\/?s={search_term_string}"},"query-input":{"@type":"PropertyValueSpecification","valueRequired":true,"valueName":"search_term_string"}}],"inLanguage":"en-US"}]}},"_links":{"self":[{"href":"https:\/\/bepro.hu\/en\/wp-json\/wp\/v2\/pages\/5833","targetHints":{"allow":["GET"]}}],"collection":[{"href":"https:\/\/bepro.hu\/en\/wp-json\/wp\/v2\/pages"}],"about":[{"href":"https:\/\/bepro.hu\/en\/wp-json\/wp\/v2\/types\/page"}],"author":[{"embeddable":true,"href":"https:\/\/bepro.hu\/en\/wp-json\/wp\/v2\/users\/1"}],"replies":[{"embeddable":true,"href":"https:\/\/bepro.hu\/en\/wp-json\/wp\/v2\/comments?post=5833"}],"version-history":[{"count":2,"href":"https:\/\/bepro.hu\/en\/wp-json\/wp\/v2\/pages\/5833\/revisions"}],"predecessor-version":[{"id":5835,"href":"https:\/\/bepro.hu\/en\/wp-json\/wp\/v2\/pages\/5833\/revisions\/5835"}],"wp:attachment":[{"href":"https:\/\/bepro.hu\/en\/wp-json\/wp\/v2\/media?parent=5833"}],"curies":[{"name":"wp","href":"https:\/\/api.w.org\/{rel}","templated":true}]}}