{"id":5932,"date":"2025-09-09T10:58:37","date_gmt":"2025-09-09T08:58:37","guid":{"rendered":"https:\/\/bepro.hu\/careers\/editor-graphic-designer\/"},"modified":"2025-09-09T10:59:09","modified_gmt":"2025-09-09T08:59:09","slug":"editor-graphic-designer","status":"publish","type":"page","link":"https:\/\/bepro.hu\/en\/careers\/editor-graphic-designer\/","title":{"rendered":"Editor Graphic Designer"},"content":{"rendered":"<section class=\"wpb-content-wrapper\"><p>[vc_row][vc_column]<div class=\"tm-element-heading-wrapper tm-heading-inner tm-element-align-left tm-seperator-solid tm-heading-style-vertical \"><section class=\"tm-vc_cta3-container\"><div class=\"tm-vc_general tm-vc_cta3 tm-cta3-only tm-vc_cta3-style-classic tm-vc_cta3-shape-rounded tm-vc_cta3-align-left tm-vc_cta3-color-transparent tm-vc_cta3-icon-size-md tm-vc_cta3-actions-no tm-cta3-with-desc\"><div class=\"tm-vc_cta3_content-container\"><div class=\"tm-vc_cta3-content\"><header class=\"tm-vc_cta3-content-header tm-wrap\"><div class=\"tm-vc_cta3-headers tm-wrap-cell\"><h4 class=\"tm-custom-heading \" >Poz\u00edci\u00f3<\/h4>\n<h2 class=\"tm-custom-heading \" >SZERKESZT\u0150 GRAFIKUS<\/h2>\n<\/div><div class=\"heading-seperator\"><span><\/span><\/div><\/header><div class=\"tm-cta3-content-wrapper\">\n<p class=\"x_MsoNormal\">A Bepro Signfactory 13 \u00e9ve m\u0171k\u00f6d\u0151, nemzetk\u00f6zi \u00fcgyfelekkel dolgoz\u00f3 rekl\u00e1mfelirat-gy\u00e1rt\u00f3 c\u00e9g. Csapatunkba keres\u00fcnk&nbsp;<b>l\u00e1tv\u00e1nytervez\u0151 grafikust<\/b>, aki a projektek megval\u00f3s\u00edt\u00e1s\u00e1t fot\u00f3realisztikus l\u00e1tv\u00e1nytervekkel \u00e9s 3D vizualiz\u00e1ci\u00f3kkal t\u00e1mogatja.<\/p>\n<p><\/div><\/div><\/div><\/div><\/section><\/div> <!-- .tm-element-heading-wrapper container --> [vc_column_text]<\/p>\n<p class=\"x_MsoNormal\"><b><span data-olk-copy-source=\"MessageBody\">You will have tasks:<\/span><\/b><\/p>\n<ul type=\"disc\">\n<li class=\"x_MsoNormal\">Editing and scaling of existing logos, corporate identity elements, signage and visuals<\/li>\n<li class=\"x_MsoNormal\">Checking, correcting and processing graphic files brought in by the client<\/li>\n<li class=\"x_MsoNormal\">Making visual designs for sales illustration<\/li>\n<li class=\"x_MsoNormal\">Visual and lifelike display of advertising signs, logos, totems and decorations on photos<\/li>\n<li class=\"x_MsoNormal\">Preparing graphic materials for production and printing<\/li>\n<li class=\"x_MsoNormal\">Benefit: create simple 3D models of signs, billboards and other advertising media<\/li>\n<\/ul>\n<p class=\"x_MsoNormal\"><b>What we expect:<\/b><\/p>\n<ul type=\"disc\">\n<li class=\"x_MsoNormal\">Confident high level user of Adobe Illustrator, Photoshop<\/li>\n<li class=\"x_MsoNormal\">Work punctually and on time<\/li>\n<li class=\"x_MsoNormal\">Openness to teamwork<\/li>\n<li class=\"x_MsoNormal\">Precision, visual sense, fast working  &nbsp; &nbsp; &nbsp; &nbsp;<\/li>\n<\/ul>\n<p class=\"x_MsoNormal\"><b>An advantage:<\/b><\/p>\n<ul type=\"disc\">\n<li class=\"x_MsoNormal\">printing skills or experience in advertising graphics<\/li>\n<li class=\"x_MsoNormal\">Basic use of 3D software (e.g. SketchUp, Blender, Cinema4D or other)<\/li>\n<\/ul>\n<p class=\"x_MsoNormal\"><b>What we offer:<\/b><\/p>\n<ul type=\"disc\">\n<li class=\"x_MsoNormal\">diverse projects with prestigious international clients<\/li>\n<li class=\"x_MsoNormal\">creative working environment<\/li>\n<li class=\"x_MsoNormal\">opportunity for development<\/li>\n<li class=\"x_MsoNormal\">competitive salary, stable background<\/li>\n<\/ul>\n<p class=\"x_MsoNormal\">\ud83d\udccd&nbsp;<b>Place of work:<\/b> Budapest, XI. ker\u00fclet, Budafoki \u00fat 183. <\/p>\n<p class=\"x_MsoNormal\">\ud83d\udd52 S <b>tart date:<\/b> immediately or as agreed<\/p>\n<div class=\"x_MsoNormal\" align=\"center\">\n<hr align=\"center\" size=\"1\" width=\"100%\">\n<\/div>\n<p class=\"x_MsoNormal\">\ud83d\udce7 <b>Apply:<\/b> send your CV or a short introduction to <b><a id=\"LPlnk484580\" title=\"mailto:gabor.kovacs@bepro.hu\" href=\"mailto:gabor.kovacs@bepro.hu\" data-linkindex=\"0\">gabor.kovacs@bepro.hu<\/a><\/b> send your CV or resume or a CV and CV or a job description to!<\/p>\n<p class=\"x_MsoNormal\">\ud83d\udcde <b>Got a question?<\/b> Call us: <b>+36 30 944 5233<\/b><\/p>\n<p>[\/vc_column_text][\/vc_column][\/vc_row]<\/p>\n<\/section>","protected":false},"excerpt":{"rendered":"<p>[vc_row][vc_column][vc_column_text] You will have tasks: Editing and scaling of existing logos, corporate identity elements, signage and visuals Checking, correcting and processing graphic files brought in by the client Making visual designs for sales illustration Visual and lifelike display of advertising signs, logos, totems and decorations on photos Preparing graphic materials for production and printing Benefit: &hellip; <a href=\"https:\/\/bepro.hu\/en\/careers\/editor-graphic-designer\/\" class=\"more-link\">Continue reading <span class=\"screen-reader-text\">Editor Graphic Designer<\/span><\/a><\/p>\n","protected":false},"author":1,"featured_media":0,"parent":4577,"menu_order":0,"comment_status":"closed","ping_status":"closed","template":"","meta":{"_monsterinsights_skip_tracking":false,"_monsterinsights_sitenote_active":false,"_monsterinsights_sitenote_note":"","_monsterinsights_sitenote_category":0,"ngg_post_thumbnail":0,"footnotes":""},"class_list":["post-5932","page","type-page","status-publish","hentry"],"yoast_head":"<!-- This site is optimized with the Yoast SEO plugin v27.0 - https:\/\/yoast.com\/product\/yoast-seo-wordpress\/ -->\n<title>Editor Graphic Designer - Bepro Signfactory<\/title>\n<meta name=\"robots\" content=\"index, follow, max-snippet:-1, max-image-preview:large, max-video-preview:-1\" \/>\n<link rel=\"canonical\" href=\"https:\/\/bepro.hu\/en\/careers\/editor-graphic-designer\/\" \/>\n<meta property=\"og:locale\" content=\"en_US\" \/>\n<meta property=\"og:type\" content=\"article\" \/>\n<meta property=\"og:title\" content=\"Editor Graphic Designer - Bepro Signfactory\" \/>\n<meta property=\"og:description\" content=\"[vc_row][vc_column][vc_column_text] You will have tasks: Editing and scaling of existing logos, corporate identity elements, signage and visuals Checking, correcting and processing graphic files brought in by the client Making visual designs for sales illustration Visual and lifelike display of advertising signs, logos, totems and decorations on photos Preparing graphic materials for production and printing Benefit: &hellip; Continue reading Editor Graphic Designer\" \/>\n<meta property=\"og:url\" content=\"https:\/\/bepro.hu\/en\/careers\/editor-graphic-designer\/\" \/>\n<meta property=\"og:site_name\" content=\"Bepro Signfactory\" \/>\n<meta property=\"article:modified_time\" content=\"2025-09-09T08:59:09+00:00\" \/>\n<meta name=\"twitter:card\" content=\"summary_large_image\" \/>\n<meta name=\"twitter:label1\" content=\"Est. reading time\" \/>\n\t<meta name=\"twitter:data1\" content=\"1 minute\" \/>\n<!-- \/ Yoast SEO plugin. -->","yoast_head_json":{"title":"Editor Graphic Designer - Bepro Signfactory","robots":{"index":"index","follow":"follow","max-snippet":"max-snippet:-1","max-image-preview":"max-image-preview:large","max-video-preview":"max-video-preview:-1"},"canonical":"https:\/\/bepro.hu\/en\/careers\/editor-graphic-designer\/","og_locale":"en_US","og_type":"article","og_title":"Editor Graphic Designer - Bepro Signfactory","og_description":"[vc_row][vc_column][vc_column_text] You will have tasks: Editing and scaling of existing logos, corporate identity elements, signage and visuals Checking, correcting and processing graphic files brought in by the client Making visual designs for sales illustration Visual and lifelike display of advertising signs, logos, totems and decorations on photos Preparing graphic materials for production and printing Benefit: &hellip; Continue reading Editor Graphic Designer","og_url":"https:\/\/bepro.hu\/en\/careers\/editor-graphic-designer\/","og_site_name":"Bepro Signfactory","article_modified_time":"2025-09-09T08:59:09+00:00","twitter_card":"summary_large_image","twitter_misc":{"Est. reading time":"1 minute"},"schema":{"@context":"https:\/\/schema.org","@graph":[{"@type":"WebPage","@id":"https:\/\/bepro.hu\/en\/careers\/editor-graphic-designer\/","url":"https:\/\/bepro.hu\/en\/careers\/editor-graphic-designer\/","name":"Editor Graphic Designer - Bepro Signfactory","isPartOf":{"@id":"https:\/\/bepro.hu\/en\/#website"},"datePublished":"2025-09-09T08:58:37+00:00","dateModified":"2025-09-09T08:59:09+00:00","breadcrumb":{"@id":"https:\/\/bepro.hu\/en\/careers\/editor-graphic-designer\/#breadcrumb"},"inLanguage":"en-US","potentialAction":[{"@type":"ReadAction","target":["https:\/\/bepro.hu\/en\/careers\/editor-graphic-designer\/"]}]},{"@type":"BreadcrumbList","@id":"https:\/\/bepro.hu\/en\/careers\/editor-graphic-designer\/#breadcrumb","itemListElement":[{"@type":"ListItem","position":1,"name":"Kezd\u0151lap","item":"https:\/\/bepro.hu\/en\/"},{"@type":"ListItem","position":2,"name":"Careers","item":"https:\/\/bepro.hu\/en\/careers\/"},{"@type":"ListItem","position":3,"name":"Editor Graphic Designer"}]},{"@type":"WebSite","@id":"https:\/\/bepro.hu\/en\/#website","url":"https:\/\/bepro.hu\/en\/","name":"Bepro Signfactory","description":"","potentialAction":[{"@type":"SearchAction","target":{"@type":"EntryPoint","urlTemplate":"https:\/\/bepro.hu\/en\/?s={search_term_string}"},"query-input":{"@type":"PropertyValueSpecification","valueRequired":true,"valueName":"search_term_string"}}],"inLanguage":"en-US"}]}},"_links":{"self":[{"href":"https:\/\/bepro.hu\/en\/wp-json\/wp\/v2\/pages\/5932","targetHints":{"allow":["GET"]}}],"collection":[{"href":"https:\/\/bepro.hu\/en\/wp-json\/wp\/v2\/pages"}],"about":[{"href":"https:\/\/bepro.hu\/en\/wp-json\/wp\/v2\/types\/page"}],"author":[{"embeddable":true,"href":"https:\/\/bepro.hu\/en\/wp-json\/wp\/v2\/users\/1"}],"replies":[{"embeddable":true,"href":"https:\/\/bepro.hu\/en\/wp-json\/wp\/v2\/comments?post=5932"}],"version-history":[{"count":1,"href":"https:\/\/bepro.hu\/en\/wp-json\/wp\/v2\/pages\/5932\/revisions"}],"predecessor-version":[{"id":5933,"href":"https:\/\/bepro.hu\/en\/wp-json\/wp\/v2\/pages\/5932\/revisions\/5933"}],"up":[{"embeddable":true,"href":"https:\/\/bepro.hu\/en\/wp-json\/wp\/v2\/pages\/4577"}],"wp:attachment":[{"href":"https:\/\/bepro.hu\/en\/wp-json\/wp\/v2\/media?parent=5932"}],"curies":[{"name":"wp","href":"https:\/\/api.w.org\/{rel}","templated":true}]}}