{"id":6010,"date":"2025-10-07T10:22:58","date_gmt":"2025-10-07T08:22:58","guid":{"rendered":"https:\/\/bepro.hu\/landing-illuminated-signs\/"},"modified":"2026-02-24T07:23:33","modified_gmt":"2026-02-24T06:23:33","slug":"landing-illuminated-signs","status":"publish","type":"page","link":"https:\/\/bepro.hu\/en\/landing-illuminated-signs\/","title":{"rendered":"Illuminated inscriptions"},"content":{"rendered":"<section class=\"wpb-content-wrapper\"><p>[vc_row][vc_column width=&#8221;1\/2&#8243;]<h1 style=\"text-align:left;\" class=\"tm-custom-heading \" >Vil\u00e1g\u00edt\u00f3 Felirat Gy\u00e1rt\u00e1s: L\u00e1that\u00f3s\u00e1g \u00e9s Jogi Biztons\u00e1g Egy Helyen<\/h1>\n[vc_column_text]<span style=\"font-weight: 400;\">A professional illuminated sign is more than just decoration: it&#8217;s an investment in brand credibility. At Bepro Signfactory, we not only manufacture your signage, but also take the burden of design, licensing and maintenance off your shoulders. Whether it&#8217;s a single site or a nationwide network, we guarantee engineering precision.  <\/span>[\/vc_column_text]\r\n\t\t<div class=\"tm-vc_btn3-container tm-vc_btn3-inline\"><a class=\"tm-vc_general tm-vc_btn3 tm-vc_btn3-size-md tm-vc_btn3-shape-rounded tm-vc_btn3-style-flat tm-vc_btn3-weight-no tm-vc_btn3-color-skincolor\" href=\"https:\/\/bepro.hu\/ajanlatkeres\/\" title=\"AJ\u00c1NLATK\u00c9R\u00c9S\">K\u00c9RJEN AJ\u00c1NLATOT<\/a><\/div>[\/vc_column][vc_column width=&#8221;1\/2&#8243;]<div class=\"tm-single-image-wrapper imagestyle-three wpb_single_image vc_align_left \"><div class=\"tm-single-image-inner\"><img decoding=\"async\" src=\"https:\/\/bepro.hu\/wp-content\/uploads\/2024\/09\/bepro-betu-felirat-6.webp\" class=\"tm-single-image-img\" alt=\"\" \/><\/div><\/div>[\/vc_column][vc_column css=&#8221;.vc_custom_1771410457288{padding-top: 15px !important;}&#8221;]<h2 style=\"text-align:left;\" class=\"tm-custom-heading \" >Mi\u00e9rt a Bepro megold\u00e1s\u00e1t v\u00e1lassz\u00e1k a piacvezet\u0151 m\u00e1rk\u00e1k?<\/h2>\n[vc_column_text]<span style=\"font-weight: 400;\">We combine creative design with industrial quality in a unique way in the market.<\/span><\/p>\n<ul>\n<li style=\"font-weight: 400;\" aria-level=\"1\"><b>Durability:<\/b><span style=\"font-weight: 400;\"> We work exclusively with UV-stable plexiglass and corrosion-resistant aluminium.<\/span><\/li>\n<li style=\"font-weight: 400;\" aria-level=\"1\"><b>Security:<\/b><span style=\"font-weight: 400;\"> All our devices comply with the IP67 touch protection standard, so outdoor rain will not cause a lockout.<\/span><\/li>\n<li><b>Guarantee:<\/b><span style=\"font-weight: 400;\"> Thanks to our own manufacturing capacity, we offer a full 3-year warranty.<\/span><\/li>\n<\/ul>\n<p>[\/vc_column_text][vc_separator color=&#8221;turquoise&#8221; align=&#8221;align_left&#8221; border_width=&#8221;3&#8243; el_width=&#8221;20&#8243;]<h2 style=\"text-align:left;\" class=\"tm-custom-heading \" >Szolg\u00e1ltat\u00e1saink T\u00edpusai<\/h2>\n[vc_row_inner][vc_column_inner width=&#8221;1\/2&#8243;]<h3 style=\"text-align:left;\" class=\"tm-custom-heading \" >1. Dobozbet\u0171k \u00e9s 3D Feliratok<\/h3>\n[vc_column_text]<span style=\"font-weight: 400;\">The highest prestige solution. The body of the letters is made of CNC-milled aluminium, in which we install high brightness LED modules. <\/span><\/p>\n<ul>\n<li style=\"font-weight: 400;\" aria-level=\"1\"><b>Forward lighting:<\/b><span style=\"font-weight: 400;\"> A classic, easy-to-read solution.<\/span><\/li>\n<li><b>Backlit (Halo effect):<\/b><span style=\"font-weight: 400;\"> An elegant halo effect that illuminates the wall, often allowed in a historic environment.<\/span><\/li>\n<\/ul>\n<p><a href=\"https:\/\/bepro.hu\/de\/service\/brief-inschriften\/\">See our references!<\/a>[\/vc_column_text][\/vc_column_inner][vc_column_inner width=&#8221;1\/2&#8243;]<div class=\"tm-single-image-wrapper imagestyle-three wpb_single_image vc_align_left \"><div class=\"tm-single-image-inner\"><img decoding=\"async\" src=\"https:\/\/bepro.hu\/wp-content\/uploads\/2026\/02\/dobozbetu-felirat-bepro-1.webp\" class=\"tm-single-image-img\" alt=\"\" \/><\/div><\/div>[\/vc_column_inner][\/vc_row_inner][vc_row_inner][vc_column_inner width=&#8221;1\/2&#8243;]<div class=\"tm-single-image-wrapper imagestyle-three wpb_single_image vc_align_left \"><div class=\"tm-single-image-inner\"><img decoding=\"async\" src=\"https:\/\/bepro.hu\/wp-content\/uploads\/2026\/02\/ceger-alakos-bepro.webp\" class=\"tm-single-image-img\" alt=\"\" \/><\/div><\/div>[\/vc_column_inner][vc_column_inner width=&#8221;1\/2&#8243; css=&#8221;.vc_custom_1771410784105{padding-top: 15px !important;}&#8221;]<h3 style=\"text-align:left;\" class=\"tm-custom-heading \" >2. Vil\u00e1g\u00edt\u00f3 T\u00e1bl\u00e1k \u00e9s C\u00e9g\u00e9rek<\/h3>\n[vc_column_text]<span style=\"font-weight: 400;\">Cost-effective and versatile. The interchangeable front panel makes it an ideal choice for seasonal promotions or tenant changes. We also produce single-sided (front) and double-sided (cantilever) versions.  <\/span><\/p>\n<p><a href=\"https:\/\/bepro.hu\/de\/service\/beleuchtete-schilder\/\">See our references!<\/a>[\/vc_column_text][\/vc_column_inner][\/vc_row_inner][vc_row_inner css=&#8221;.vc_custom_1771410730003{padding-top: 15px !important;}&#8221;][vc_column_inner]<h2 style=\"text-align:left;\" class=\"tm-custom-heading \" >A Munkafolyamat: \u00cdgy dolgozunk<\/h2>\n[vc_column_text]<span style=\"font-weight: 400;\">Transparency is our guiding principle. The flowchart below shows how we get from the first sketch to the finished, illuminated advertisement: <\/span>[\/vc_column_text]<div class=\"tm-single-image-wrapper imagestyle-three wpb_single_image vc_align_left \"><div class=\"tm-single-image-inner\"><img decoding=\"async\" src=\"https:\/\/bepro.hu\/wp-content\/uploads\/2026\/02\/vilagito-feliratok-munkafolyamat-bepro.webp\" class=\"tm-single-image-img\" alt=\"\" \/><\/div><\/div>[vc_column_text]<\/p>\n<ol>\n<li style=\"font-weight: 400;\" aria-level=\"1\"><b>On-site survey:<\/b><span style=\"font-weight: 400;\"> Check the electrical outages and the load-bearing capacity of the facade.<\/span><\/li>\n<li style=\"font-weight: 400;\" aria-level=\"1\"><b>Visual design:<\/b><span style=\"font-weight: 400;\"> We create photorealistic day and night plans.<\/span><\/li>\n<li style=\"font-weight: 400;\" aria-level=\"1\"><b>Licensing:<\/b><span style=\"font-weight: 400;\"> We prepare the documentation for the registration of the town planning.<\/span><\/li>\n<li style=\"font-weight: 400;\" aria-level=\"1\"><b>Production and Installation:<\/b><span style=\"font-weight: 400;\"> Our in-house team will install the finished sign, using alpine technology or a lift basket.<\/span><\/li>\n<\/ol>\n<p>[\/vc_column_text][vc_separator color=&#8221;turquoise&#8221; border_width=&#8221;2&#8243; el_width=&#8221;80&#8243; css=&#8221;.vc_custom_1771410133667{padding-top: 20px !important;}&#8221;]<h2 style=\"text-align:left;\" class=\"tm-custom-heading \" >Gyakori K\u00e9rd\u00e9sek a Vil\u00e1g\u00edt\u00f3 Feliratokr\u00f3l<\/h2>\n[vc_column_text]<\/p>\n<h3><b>How much does an LED billboard consume?<\/b><\/h3>\n<p><span style=\"font-weight: 400;\">Modern LED technology is extremely economical. An average 3 metre shop sign consumes around 60-80 watts, which is the equivalent of a single conventional light bulb.  <\/span><span style=\"font-weight: 400;\">3<\/span><\/p>\n<h3><b>Do I need a licence to post?<\/b><\/h3>\n<p><span style=\"font-weight: 400;\">Yes, in almost all districts of Budapest, the placement of advertising hoardings is subject to a town planning notification. Failure to do so will result in a fine. <\/span>[\/vc_column_text][\/vc_column_inner][\/vc_row_inner][\/vc_column][\/vc_row]<\/p>\n<\/section>","protected":false},"excerpt":{"rendered":"<p>[vc_row][vc_column width=&#8221;1\/2&#8243;][vc_column_text]A professional illuminated sign is more than just decoration: it&#8217;s an investment in brand credibility. At Bepro Signfactory, we not only manufacture your signage, but also take the burden of design, licensing and maintenance off your shoulders. Whether it&#8217;s a single site or a nationwide network, we guarantee engineering precision. [\/vc_column_text][\/vc_column][vc_column width=&#8221;1\/2&#8243;][\/vc_column][vc_column css=&#8221;.vc_custom_1771410457288{padding-top: 15px &hellip; <a href=\"https:\/\/bepro.hu\/en\/landing-illuminated-signs\/\" class=\"more-link\">Continue reading <span class=\"screen-reader-text\">Illuminated inscriptions<\/span><\/a><\/p>\n","protected":false},"author":1,"featured_media":0,"parent":0,"menu_order":0,"comment_status":"closed","ping_status":"closed","template":"","meta":{"_monsterinsights_skip_tracking":false,"_monsterinsights_sitenote_active":false,"_monsterinsights_sitenote_note":"","_monsterinsights_sitenote_category":0,"ngg_post_thumbnail":0,"footnotes":""},"class_list":["post-6010","page","type-page","status-publish","hentry"],"yoast_head":"<!-- This site is optimized with the Yoast SEO plugin v27.0 - https:\/\/yoast.com\/product\/yoast-seo-wordpress\/ -->\n<title>Illuminated Sign Manufacturing and Licensing Budapest | Bepro<\/title>\n<meta name=\"description\" content=\"Design, manufacture and official licensing of premium illuminated signs, box letters and lettering.10+ years experience, 3 years warranty. Request an offer!\" \/>\n<meta name=\"robots\" content=\"index, follow, max-snippet:-1, max-image-preview:large, max-video-preview:-1\" \/>\n<link rel=\"canonical\" href=\"https:\/\/bepro.hu\/en\/landing-illuminated-signs\/\" \/>\n<meta property=\"og:locale\" content=\"en_US\" \/>\n<meta property=\"og:type\" content=\"article\" \/>\n<meta property=\"og:title\" content=\"Production of illuminated signs and advertising panels | Bepro Signfactory\" \/>\n<meta property=\"og:description\" content=\"Custom illuminated signs, box letters and advertising signs in premium quality.\" \/>\n<meta property=\"og:url\" content=\"https:\/\/bepro.hu\/en\/landing-illuminated-signs\/\" \/>\n<meta property=\"og:site_name\" content=\"Bepro Signfactory\" \/>\n<meta property=\"article:modified_time\" content=\"2026-02-24T06:23:33+00:00\" \/>\n<meta property=\"og:image\" content=\"https:\/\/bepro.hu\/wp-content\/uploads\/2020\/09\/Bepro-reklamfeliratgyartas.jpg\" \/>\n<meta name=\"twitter:card\" content=\"summary_large_image\" \/>\n<meta name=\"twitter:label1\" content=\"Est. reading time\" \/>\n\t<meta name=\"twitter:data1\" content=\"4 minutes\" \/>\n<!-- \/ Yoast SEO plugin. -->","yoast_head_json":{"title":"Illuminated Sign Manufacturing and Licensing Budapest | Bepro","description":"Design, manufacture and official licensing of premium illuminated signs, box letters and lettering.10+ years experience, 3 years warranty. Request an offer!","robots":{"index":"index","follow":"follow","max-snippet":"max-snippet:-1","max-image-preview":"max-image-preview:large","max-video-preview":"max-video-preview:-1"},"canonical":"https:\/\/bepro.hu\/en\/landing-illuminated-signs\/","og_locale":"en_US","og_type":"article","og_title":"Production of illuminated signs and advertising panels | Bepro Signfactory","og_description":"Custom illuminated signs, box letters and advertising signs in premium quality.","og_url":"https:\/\/bepro.hu\/en\/landing-illuminated-signs\/","og_site_name":"Bepro Signfactory","article_modified_time":"2026-02-24T06:23:33+00:00","og_image":[{"url":"https:\/\/bepro.hu\/wp-content\/uploads\/2020\/09\/Bepro-reklamfeliratgyartas.jpg","type":"","width":"","height":""}],"twitter_card":"summary_large_image","twitter_misc":{"Est. reading time":"4 minutes"},"schema":{"@context":"https:\/\/schema.org","@graph":[{"@type":"WebPage","@id":"https:\/\/bepro.hu\/en\/landing-illuminated-signs\/","url":"https:\/\/bepro.hu\/en\/landing-illuminated-signs\/","name":"Illuminated Sign Manufacturing and Licensing Budapest | Bepro","isPartOf":{"@id":"https:\/\/bepro.hu\/en\/#website"},"datePublished":"2025-10-07T08:22:58+00:00","dateModified":"2026-02-24T06:23:33+00:00","description":"Design, manufacture and official licensing of premium illuminated signs, box letters and lettering.10+ years experience, 3 years warranty. Request an offer!","breadcrumb":{"@id":"https:\/\/bepro.hu\/en\/landing-illuminated-signs\/#breadcrumb"},"inLanguage":"en-US","potentialAction":[{"@type":"ReadAction","target":["https:\/\/bepro.hu\/en\/landing-illuminated-signs\/"]}]},{"@type":"BreadcrumbList","@id":"https:\/\/bepro.hu\/en\/landing-illuminated-signs\/#breadcrumb","itemListElement":[{"@type":"ListItem","position":1,"name":"Kezd\u0151lap","item":"https:\/\/bepro.hu\/en\/"},{"@type":"ListItem","position":2,"name":"Illuminated inscriptions"}]},{"@type":"WebSite","@id":"https:\/\/bepro.hu\/en\/#website","url":"https:\/\/bepro.hu\/en\/","name":"Bepro Signfactory","description":"","potentialAction":[{"@type":"SearchAction","target":{"@type":"EntryPoint","urlTemplate":"https:\/\/bepro.hu\/en\/?s={search_term_string}"},"query-input":{"@type":"PropertyValueSpecification","valueRequired":true,"valueName":"search_term_string"}}],"inLanguage":"en-US"}]}},"_links":{"self":[{"href":"https:\/\/bepro.hu\/en\/wp-json\/wp\/v2\/pages\/6010","targetHints":{"allow":["GET"]}}],"collection":[{"href":"https:\/\/bepro.hu\/en\/wp-json\/wp\/v2\/pages"}],"about":[{"href":"https:\/\/bepro.hu\/en\/wp-json\/wp\/v2\/types\/page"}],"author":[{"embeddable":true,"href":"https:\/\/bepro.hu\/en\/wp-json\/wp\/v2\/users\/1"}],"replies":[{"embeddable":true,"href":"https:\/\/bepro.hu\/en\/wp-json\/wp\/v2\/comments?post=6010"}],"version-history":[{"count":16,"href":"https:\/\/bepro.hu\/en\/wp-json\/wp\/v2\/pages\/6010\/revisions"}],"predecessor-version":[{"id":6808,"href":"https:\/\/bepro.hu\/en\/wp-json\/wp\/v2\/pages\/6010\/revisions\/6808"}],"wp:attachment":[{"href":"https:\/\/bepro.hu\/en\/wp-json\/wp\/v2\/media?parent=6010"}],"curies":[{"name":"wp","href":"https:\/\/api.w.org\/{rel}","templated":true}]}}